{"id":91434,"date":"2020-02-10T12:58:11","date_gmt":"2020-02-10T12:58:11","guid":{"rendered":"https:\/\/www.3p-gmbh.de\/produkt\/dobrador-de-chapa-de-quatro-fivelas-com-alimentador-de-estaca-redonda-em-aco-td-52-4-rd-com-entrega-em-fluxo\/"},"modified":"2020-02-10T12:58:11","modified_gmt":"2020-02-10T12:58:11","slug":"maquina-dobravel-de-quatro-bolsos-com-alimentador-de-pilha-redonda-aco-td-52-4-rd-com-entrega-em-galpao","status":"publish","type":"product","link":"https:\/\/www.3p-gmbh.de\/pt-br\/produkt\/maquina-dobravel-de-quatro-bolsos-com-alimentador-de-pilha-redonda-aco-td-52-4-rd-com-entrega-em-galpao\/","title":{"rendered":"Dobrador de chapa de quatro fivelas com alimentador de estaca redonda em a\u00e7o TD 52-4-RD com entrega em fluxo"},"content":{"rendered":"<p>placa de fivela de dobra em a\u00e7o TD 52-4-RD com entrega em fluxo<br \/>\nAlimentador de estacas redondas com controlo DCT<br \/>\n4 bolsas 52cm, cabe\u00e7a de corte a jusante<br \/>\nEntrega de telheiro com dobradi\u00e7as<\/p>\n","protected":false},"excerpt":{"rendered":"<p>placa de fivela de dobra em a\u00e7o TD 52-4-RD com entrega em fluxo Alimentador de estacas redondas com controlo DCT 4 bolsas 52cm, cabe\u00e7a de corte a jusante Entrega de telheiro com dobradi\u00e7as<\/p>\n","protected":false},"featured_media":77034,"template":"","meta":[],"product_brand":[],"product_cat":[2979],"product_tag":[],"class_list":{"0":"post-91434","1":"product","2":"type-product","3":"status-publish","4":"has-post-thumbnail","6":"product_cat-maquinas-de-dobrar","7":"pa_hersteller-stahl","8":"pa_typ-td-52-4-rd","10":"first","11":"instock","12":"taxable","13":"shipping-taxable","14":"purchasable","15":"product-type-simple"},"jetpack_sharing_enabled":true,"_links":{"self":[{"href":"https:\/\/www.3p-gmbh.de\/pt-br\/wp-json\/wp\/v2\/product\/91434","targetHints":{"allow":["GET"]}}],"collection":[{"href":"https:\/\/www.3p-gmbh.de\/pt-br\/wp-json\/wp\/v2\/product"}],"about":[{"href":"https:\/\/www.3p-gmbh.de\/pt-br\/wp-json\/wp\/v2\/types\/product"}],"wp:featuredmedia":[{"embeddable":true,"href":"https:\/\/www.3p-gmbh.de\/pt-br\/wp-json\/wp\/v2\/media\/77034"}],"wp:attachment":[{"href":"https:\/\/www.3p-gmbh.de\/pt-br\/wp-json\/wp\/v2\/media?parent=91434"}],"wp:term":[{"taxonomy":"product_brand","embeddable":true,"href":"https:\/\/www.3p-gmbh.de\/pt-br\/wp-json\/wp\/v2\/product_brand?post=91434"},{"taxonomy":"product_cat","embeddable":true,"href":"https:\/\/www.3p-gmbh.de\/pt-br\/wp-json\/wp\/v2\/product_cat?post=91434"},{"taxonomy":"product_tag","embeddable":true,"href":"https:\/\/www.3p-gmbh.de\/pt-br\/wp-json\/wp\/v2\/product_tag?post=91434"}],"curies":[{"name":"wp","href":"https:\/\/api.w.org\/{rel}","templated":true}]}}