{"id":91424,"date":"2020-02-19T09:56:31","date_gmt":"2020-02-19T09:56:31","guid":{"rendered":"https:\/\/www.3p-gmbh.de\/produkt\/unidade-de-colagem-a-frio-baumer-hhs-c-210\/"},"modified":"2020-02-19T09:56:31","modified_gmt":"2020-02-19T09:56:31","slug":"baumer-hhs-c-210-dispositivo-de-colagem-a-frio","status":"publish","type":"product","link":"https:\/\/www.3p-gmbh.de\/pt-br\/produkt\/baumer-hhs-c-210-dispositivo-de-colagem-a-frio\/","title":{"rendered":"Unidade de colagem a frio Baumer HHS C-210"},"content":{"rendered":"<p>Unidade de controlo de 2 canais, HHS C-210<br \/>\nTanque de cola fria com v\u00e1lvula pneum\u00e1tica e consola para a unidade de controlo<br \/>\nBarreiras de luz,<br \/>\n1 Codificador rotativo<br \/>\ne um bocal de aplica\u00e7\u00e3o (embalagem original)<br \/>\nManual<\/p>\n","protected":false},"excerpt":{"rendered":"<p>Unidade de controlo de 2 canais, HHS C-210 Tanque de cola fria com v\u00e1lvula pneum\u00e1tica e consola para a unidade de controlo Barreiras de luz, 1 Codificador rotativo e um bocal de aplica\u00e7\u00e3o (embalagem original) Manual<\/p>\n","protected":false},"featured_media":77112,"template":"","meta":[],"product_brand":[],"product_cat":[2882],"product_tag":[],"class_list":{"0":"post-91424","1":"product","2":"type-product","3":"status-publish","4":"has-post-thumbnail","6":"product_cat-acessorios-para-maquinas-de-dobrar","7":"pa_hersteller-baumer-hhs","8":"pa_typ-c-210","10":"first","11":"instock","12":"taxable","13":"shipping-taxable","14":"purchasable","15":"product-type-simple"},"jetpack_sharing_enabled":true,"_links":{"self":[{"href":"https:\/\/www.3p-gmbh.de\/pt-br\/wp-json\/wp\/v2\/product\/91424","targetHints":{"allow":["GET"]}}],"collection":[{"href":"https:\/\/www.3p-gmbh.de\/pt-br\/wp-json\/wp\/v2\/product"}],"about":[{"href":"https:\/\/www.3p-gmbh.de\/pt-br\/wp-json\/wp\/v2\/types\/product"}],"wp:featuredmedia":[{"embeddable":true,"href":"https:\/\/www.3p-gmbh.de\/pt-br\/wp-json\/wp\/v2\/media\/77112"}],"wp:attachment":[{"href":"https:\/\/www.3p-gmbh.de\/pt-br\/wp-json\/wp\/v2\/media?parent=91424"}],"wp:term":[{"taxonomy":"product_brand","embeddable":true,"href":"https:\/\/www.3p-gmbh.de\/pt-br\/wp-json\/wp\/v2\/product_brand?post=91424"},{"taxonomy":"product_cat","embeddable":true,"href":"https:\/\/www.3p-gmbh.de\/pt-br\/wp-json\/wp\/v2\/product_cat?post=91424"},{"taxonomy":"product_tag","embeddable":true,"href":"https:\/\/www.3p-gmbh.de\/pt-br\/wp-json\/wp\/v2\/product_tag?post=91424"}],"curies":[{"name":"wp","href":"https:\/\/api.w.org\/{rel}","templated":true}]}}