{"id":91423,"date":"2020-02-19T15:17:13","date_gmt":"2020-02-19T15:17:13","guid":{"rendered":"https:\/\/www.3p-gmbh.de\/produkt\/impressora-offset-a-duas-cores-heidelberg-qm-46-2\/"},"modified":"2020-02-19T15:17:13","modified_gmt":"2020-02-19T15:17:13","slug":"maquina-de-impressao-offset-a-duas-cores-heidelberg-qm-46-2-2","status":"publish","type":"product","link":"https:\/\/www.3p-gmbh.de\/pt-br\/produkt\/maquina-de-impressao-offset-a-duas-cores-heidelberg-qm-46-2-2\/","title":{"rendered":"Impressora offset a duas cores Heidelberg QM 46-2"},"content":{"rendered":"<div>\n<div class=\"userEdit\" style=\"font-size: 10pt; font-family: arial, helvetica, sans-serif; color: #000000;\">\n<div><span style=\"font-size: 10pt; font-family: arial, helvetica, sans-serif; color: #000000;\"><span style=\"font-family: Arial;\">Impressora offset a duas cores Heidelberg QM 46-2 com unidade de p\u00f3<\/span><\/span><\/div>\n<div><span style=\"font-size: 10pt; font-family: arial, helvetica, sans-serif; color: #000000;\"><span style=\"font-family: Arial;\">Leitura do contador de cerca de 19 milh\u00f5es de euros. <\/span><\/span><\/div>\n<div><span style=\"font-size: 10pt; font-family: arial, helvetica, sans-serif; color: #000000;\"><span style=\"font-family: Arial;\">N\u00famero de m\u00e1quina 955751<\/span><\/span><\/div>\n<div><span style=\"font-size: 10pt; font-family: arial, helvetica, sans-serif; color: #000000;\"><span style=\"font-family: Arial;\">incl. Ferramentas \/ acess\u00f3rios standard dispon\u00edveis<\/span><\/span><\/div>\n<\/div>\n<\/div>\n","protected":false},"excerpt":{"rendered":"<p>Impressora offset a duas cores Heidelberg QM 46-2 com unidade de p\u00f3 Leitura do contador de cerca de 19 milh\u00f5es de euros. N\u00famero de m\u00e1quina 955751 incl. Ferramentas \/ acess\u00f3rios standard dispon\u00edveis<\/p>\n","protected":false},"featured_media":77130,"template":"","meta":[],"product_brand":[],"product_cat":[3075],"product_tag":[],"class_list":{"0":"post-91423","1":"product","2":"type-product","3":"status-publish","4":"has-post-thumbnail","6":"product_cat-folha-de-papel-offset-a-2-cores","7":"pa_hersteller-heidelberg","8":"pa_typ-qm-46-2","10":"first","11":"instock","12":"taxable","13":"shipping-taxable","14":"purchasable","15":"product-type-simple"},"jetpack_sharing_enabled":true,"_links":{"self":[{"href":"https:\/\/www.3p-gmbh.de\/pt-br\/wp-json\/wp\/v2\/product\/91423","targetHints":{"allow":["GET"]}}],"collection":[{"href":"https:\/\/www.3p-gmbh.de\/pt-br\/wp-json\/wp\/v2\/product"}],"about":[{"href":"https:\/\/www.3p-gmbh.de\/pt-br\/wp-json\/wp\/v2\/types\/product"}],"wp:featuredmedia":[{"embeddable":true,"href":"https:\/\/www.3p-gmbh.de\/pt-br\/wp-json\/wp\/v2\/media\/77130"}],"wp:attachment":[{"href":"https:\/\/www.3p-gmbh.de\/pt-br\/wp-json\/wp\/v2\/media?parent=91423"}],"wp:term":[{"taxonomy":"product_brand","embeddable":true,"href":"https:\/\/www.3p-gmbh.de\/pt-br\/wp-json\/wp\/v2\/product_brand?post=91423"},{"taxonomy":"product_cat","embeddable":true,"href":"https:\/\/www.3p-gmbh.de\/pt-br\/wp-json\/wp\/v2\/product_cat?post=91423"},{"taxonomy":"product_tag","embeddable":true,"href":"https:\/\/www.3p-gmbh.de\/pt-br\/wp-json\/wp\/v2\/product_tag?post=91423"}],"curies":[{"name":"wp","href":"https:\/\/api.w.org\/{rel}","templated":true}]}}