{"id":91399,"date":"2020-03-11T09:41:03","date_gmt":"2020-03-11T09:41:03","guid":{"rendered":"https:\/\/www.3p-gmbh.de\/produkt\/maquina-de-ranhurar-e-perfurar-a-motor-bickel-hk-3-68\/"},"modified":"2020-03-11T09:41:03","modified_gmt":"2020-03-11T09:41:03","slug":"bickel-hk-3-68-maquina-de-ranhurar-e-perfurar-com-motor","status":"publish","type":"product","link":"https:\/\/www.3p-gmbh.de\/pt-br\/produkt\/bickel-hk-3-68-maquina-de-ranhurar-e-perfurar-com-motor\/","title":{"rendered":"M\u00e1quina de ranhurar e perfurar a motor Bickel HK 3-68"},"content":{"rendered":"<p>Largura de inser\u00e7\u00e3o 68cm<\/p>\n<p>Esta m\u00e1quina com uma largura de trabalho de 68 cm \u00e9 utilizada para trabalhos econ\u00f3micos de perfura\u00e7\u00e3o ou ranhura.<br \/>\nO processo de perfura\u00e7\u00e3o \u00e9 efectuado atrav\u00e9s de uma embraiagem controlada eletricamente e accionada pelo p\u00e9.<br \/>\nIsto deixa as duas m\u00e3os livres para aplicar e alinhar os arcos.<br \/>\nOs acess\u00f3rios incluem um pente de perfura\u00e7\u00e3o e uma ferramenta de vincar incorporada.<br \/>\ne v\u00e1rios avisos.<\/p>\n","protected":false},"excerpt":{"rendered":"<p>Largura de inser\u00e7\u00e3o 68cm Esta m\u00e1quina com uma largura de trabalho de 68 cm \u00e9 utilizada para trabalhos econ\u00f3micos de perfura\u00e7\u00e3o ou ranhura. O processo de perfura\u00e7\u00e3o \u00e9 efectuado atrav\u00e9s de uma embraiagem controlada eletricamente e accionada pelo p\u00e9. Isto deixa as duas m\u00e3os livres para aplicar e alinhar os arcos. Os acess\u00f3rios incluem um [&hellip;]<\/p>\n","protected":false},"featured_media":77256,"template":"","meta":[],"product_brand":[],"product_cat":[2962],"product_tag":[],"class_list":{"0":"post-91399","1":"product","2":"type-product","3":"status-publish","4":"has-post-thumbnail","6":"product_cat-maquinas-de-ranhurar-e-de-perfurar","7":"pa_hersteller-bickel","8":"pa_typ-hk-3-68","10":"first","11":"instock","12":"taxable","13":"shipping-taxable","14":"purchasable","15":"product-type-simple"},"jetpack_sharing_enabled":true,"_links":{"self":[{"href":"https:\/\/www.3p-gmbh.de\/pt-br\/wp-json\/wp\/v2\/product\/91399","targetHints":{"allow":["GET"]}}],"collection":[{"href":"https:\/\/www.3p-gmbh.de\/pt-br\/wp-json\/wp\/v2\/product"}],"about":[{"href":"https:\/\/www.3p-gmbh.de\/pt-br\/wp-json\/wp\/v2\/types\/product"}],"wp:featuredmedia":[{"embeddable":true,"href":"https:\/\/www.3p-gmbh.de\/pt-br\/wp-json\/wp\/v2\/media\/77256"}],"wp:attachment":[{"href":"https:\/\/www.3p-gmbh.de\/pt-br\/wp-json\/wp\/v2\/media?parent=91399"}],"wp:term":[{"taxonomy":"product_brand","embeddable":true,"href":"https:\/\/www.3p-gmbh.de\/pt-br\/wp-json\/wp\/v2\/product_brand?post=91399"},{"taxonomy":"product_cat","embeddable":true,"href":"https:\/\/www.3p-gmbh.de\/pt-br\/wp-json\/wp\/v2\/product_cat?post=91399"},{"taxonomy":"product_tag","embeddable":true,"href":"https:\/\/www.3p-gmbh.de\/pt-br\/wp-json\/wp\/v2\/product_tag?post=91399"}],"curies":[{"name":"wp","href":"https:\/\/api.w.org\/{rel}","templated":true}]}}