{"id":91393,"date":"2020-03-18T09:37:33","date_gmt":"2020-03-18T09:37:33","guid":{"rendered":"https:\/\/www.3p-gmbh.de\/produkt\/colocador-de-tiras-universal-vacuumatic-vuti\/"},"modified":"2020-03-18T09:37:33","modified_gmt":"2020-03-18T09:37:33","slug":"insersor-de-tira-universal-vacuatico-vuti","status":"publish","type":"product","link":"https:\/\/www.3p-gmbh.de\/pt-br\/produkt\/insersor-de-tira-universal-vacuatico-vuti\/","title":{"rendered":"Colocador de tiras universal Vacuumatic Vuti"},"content":{"rendered":"<ul>\n<li>liga\u00e7\u00e3o el\u00e9ctrica \u00e0 m\u00e1quina de impress\u00e3o \u00e0 m\u00e1quina de impress\u00e3o<\/li>\n<li>Introdu\u00e7\u00e3o simples da quantidade de contagem desejada com teclado e ecr\u00e3<\/li>\n<li>O canal de guia de tiras aberto com alimenta\u00e7\u00e3o de tiras rectas, comprimento 600 mm, simplifica a remo\u00e7\u00e3o de res\u00edduos de papel<\/li>\n<li>Encravamento da tira (sistema de alarme autom\u00e1tico quando a alimenta\u00e7\u00e3o da tira est\u00e1 bloqueada)<\/li>\n<li>Altura do encaixe regul\u00e1vel at\u00e9 150 cm<\/li>\n<li>Comprimento da tira ajust\u00e1vel de aprox. 10 a 20 cm<\/li>\n<li>contagem de 2 a 9999 folhas<\/li>\n<li>Atraso de corte 1-99 folhas<\/li>\n<li>Velocidade de contagem at\u00e9 aprox. 120.000 Bg.\/h<\/li>\n<li>el\u00e9trico. Liga\u00e7\u00e3o 230 V<\/li>\n<\/ul>\n","protected":false},"excerpt":{"rendered":"<p>liga\u00e7\u00e3o el\u00e9ctrica \u00e0 m\u00e1quina de impress\u00e3o \u00e0 m\u00e1quina de impress\u00e3o Introdu\u00e7\u00e3o simples da quantidade de contagem desejada com teclado e ecr\u00e3 O canal de guia de tiras aberto com alimenta\u00e7\u00e3o de tiras rectas, comprimento 600 mm, simplifica a remo\u00e7\u00e3o de res\u00edduos de papel Encravamento da tira (sistema de alarme autom\u00e1tico quando a alimenta\u00e7\u00e3o da tira [&hellip;]<\/p>\n","protected":false},"featured_media":77469,"template":"","meta":[],"product_brand":[],"product_cat":[3001],"product_tag":[],"class_list":{"0":"post-91393","1":"product","2":"type-product","3":"status-publish","4":"has-post-thumbnail","6":"product_cat-maquinas-de-contagem-de-papel","7":"pa_hersteller-vacuumatic","8":"pa_typ-vuti","10":"first","11":"instock","12":"taxable","13":"shipping-taxable","14":"purchasable","15":"product-type-simple"},"jetpack_sharing_enabled":true,"_links":{"self":[{"href":"https:\/\/www.3p-gmbh.de\/pt-br\/wp-json\/wp\/v2\/product\/91393","targetHints":{"allow":["GET"]}}],"collection":[{"href":"https:\/\/www.3p-gmbh.de\/pt-br\/wp-json\/wp\/v2\/product"}],"about":[{"href":"https:\/\/www.3p-gmbh.de\/pt-br\/wp-json\/wp\/v2\/types\/product"}],"wp:featuredmedia":[{"embeddable":true,"href":"https:\/\/www.3p-gmbh.de\/pt-br\/wp-json\/wp\/v2\/media\/77469"}],"wp:attachment":[{"href":"https:\/\/www.3p-gmbh.de\/pt-br\/wp-json\/wp\/v2\/media?parent=91393"}],"wp:term":[{"taxonomy":"product_brand","embeddable":true,"href":"https:\/\/www.3p-gmbh.de\/pt-br\/wp-json\/wp\/v2\/product_brand?post=91393"},{"taxonomy":"product_cat","embeddable":true,"href":"https:\/\/www.3p-gmbh.de\/pt-br\/wp-json\/wp\/v2\/product_cat?post=91393"},{"taxonomy":"product_tag","embeddable":true,"href":"https:\/\/www.3p-gmbh.de\/pt-br\/wp-json\/wp\/v2\/product_tag?post=91393"}],"curies":[{"name":"wp","href":"https:\/\/api.w.org\/{rel}","templated":true}]}}