{"id":91375,"date":"2020-04-02T08:45:05","date_gmt":"2020-04-02T08:45:05","guid":{"rendered":"https:\/\/www.3p-gmbh.de\/produkt\/vibrador-de-mesa-com-motor-magnetico-muero-com-compartimento-para-cassetes-e-intensidade-de-vibracao-ajustavel\/"},"modified":"2020-04-02T08:45:05","modified_gmt":"2020-04-02T08:45:05","slug":"muero-magnet-motor-table-truettler-com-compartimento-cassete-e-forca-ruettle-ajustavel","status":"publish","type":"product","link":"https:\/\/www.3p-gmbh.de\/pt-br\/produkt\/muero-magnet-motor-table-truettler-com-compartimento-cassete-e-forca-ruettle-ajustavel\/","title":{"rendered":"Vibrador de mesa com motor magn\u00e9tico M\u00fcro com compartimento para cassetes e intensidade de vibra\u00e7\u00e3o ajust\u00e1vel"},"content":{"rendered":"<p>220 volts<\/p>\n","protected":false},"excerpt":{"rendered":"<p>220 volts<\/p>\n","protected":false},"featured_media":77550,"template":"","meta":[],"product_brand":[],"product_cat":[2892],"product_tag":[],"class_list":{"0":"post-91375","1":"product","2":"type-product","3":"status-publish","4":"has-post-thumbnail","6":"product_cat-encadernacao-de-sortido","7":"pa_hersteller-muero","9":"first","10":"instock","11":"taxable","12":"shipping-taxable","13":"purchasable","14":"product-type-simple"},"jetpack_sharing_enabled":true,"_links":{"self":[{"href":"https:\/\/www.3p-gmbh.de\/pt-br\/wp-json\/wp\/v2\/product\/91375","targetHints":{"allow":["GET"]}}],"collection":[{"href":"https:\/\/www.3p-gmbh.de\/pt-br\/wp-json\/wp\/v2\/product"}],"about":[{"href":"https:\/\/www.3p-gmbh.de\/pt-br\/wp-json\/wp\/v2\/types\/product"}],"wp:featuredmedia":[{"embeddable":true,"href":"https:\/\/www.3p-gmbh.de\/pt-br\/wp-json\/wp\/v2\/media\/77550"}],"wp:attachment":[{"href":"https:\/\/www.3p-gmbh.de\/pt-br\/wp-json\/wp\/v2\/media?parent=91375"}],"wp:term":[{"taxonomy":"product_brand","embeddable":true,"href":"https:\/\/www.3p-gmbh.de\/pt-br\/wp-json\/wp\/v2\/product_brand?post=91375"},{"taxonomy":"product_cat","embeddable":true,"href":"https:\/\/www.3p-gmbh.de\/pt-br\/wp-json\/wp\/v2\/product_cat?post=91375"},{"taxonomy":"product_tag","embeddable":true,"href":"https:\/\/www.3p-gmbh.de\/pt-br\/wp-json\/wp\/v2\/product_tag?post=91375"}],"curies":[{"name":"wp","href":"https:\/\/api.w.org\/{rel}","templated":true}]}}