{"id":91355,"date":"2020-05-12T13:38:52","date_gmt":"2020-05-12T13:38:52","guid":{"rendered":"https:\/\/www.3p-gmbh.de\/produkt\/cyklop-b6-dispensador-de-fita-adesiva-adhesive-technology-tape-dispenser-dispensador-de-fita-adesiva-manual\/"},"modified":"2020-05-12T13:38:52","modified_gmt":"2020-05-12T13:38:52","slug":"cyklop-b6-tape-dispenser-adhesive-technology-strip-dispenser-manual-strip-dispenser","status":"publish","type":"product","link":"https:\/\/www.3p-gmbh.de\/pt-br\/produkt\/cyklop-b6-tape-dispenser-adhesive-technology-strip-dispenser-manual-strip-dispenser\/","title":{"rendered":"Cyklop B6 &#8211; Dispensador de fita adesiva &#8211; ADHESIVE TECHNOLOGY TAPE DISPENSER &#8211; Dispensador de fita adesiva manual"},"content":{"rendered":"<p>Largura da fita adesiva 20 a 100 mm<br \/>\nComprimento da fita ajust\u00e1vel de 100 mm a 1.100 mm<br \/>\nDi\u00e2metro exterior do rolo m\u00e1x. 200 mm<br \/>\nPeso aprox. 9,3 kg<\/p>\n<p>As fitas h\u00famidas e os dispensadores de tiras s\u00e3o utilizados para selar caixas de expedi\u00e7\u00e3o de forma r\u00e1pida, f\u00e1cil e eficiente.<br \/>\nAs fitas e as caixas s\u00e3o facilmente recicl\u00e1veis ap\u00f3s a utiliza\u00e7\u00e3o.<br \/>\nO adesivo torna-se l\u00edquido durante a ativa\u00e7\u00e3o e penetra nos poros do teto da caixa.<br \/>\n\u00c9 criado um efeito de duna.<br \/>\nO fecho \u00e9 firme e duradouro.<br \/>\nA multibanda passa a fazer parte da caixa.<br \/>\nNem o calor nem o frio t\u00eam qualquer influ\u00eancia sobre o fecho. As fitas adesivas h\u00famidas e a Multiband\u00ae s\u00e3o amigas do ambiente.<br \/>\nO papel kraft \u00e9 isento de subst\u00e2ncias nocivas e pode ser reciclado.<br \/>\nO adesivo derivado do amido \u00e9 biodegrad\u00e1vel e n\u00e3o t\u00f3xico.<br \/>\nOs refor\u00e7os em branco cru de poli\u00e9ster n\u00e3o t\u00eam qualquer efeito nocivo para a sa\u00fade ou para o ambiente.<\/p>\n<p>O Multiband\u00ae est\u00e1 dispon\u00edvel com duas disposi\u00e7\u00f5es de refor\u00e7o:<br \/>\n-com dois refor\u00e7os longitudinais em poli\u00e9ster para uma prote\u00e7\u00e3o \u00f3ptima dos bordos da caixa.<br \/>\n-com um refor\u00e7o curvo adicional que fixa igualmente a sec\u00e7\u00e3o central.<\/p>\n","protected":false},"excerpt":{"rendered":"<p>Largura da fita adesiva 20 a 100 mm Comprimento da fita ajust\u00e1vel de 100 mm a 1.100 mm Di\u00e2metro exterior do rolo m\u00e1x. 200 mm Peso aprox. 9,3 kg As fitas h\u00famidas e os dispensadores de tiras s\u00e3o utilizados para selar caixas de expedi\u00e7\u00e3o de forma r\u00e1pida, f\u00e1cil e eficiente. As fitas e as caixas [&hellip;]<\/p>\n","protected":false},"featured_media":77778,"template":"","meta":[],"product_brand":[],"product_cat":[3054],"product_tag":[],"class_list":{"0":"post-91355","1":"product","2":"type-product","3":"status-publish","4":"has-post-thumbnail","6":"product_cat-etiquetadora","7":"pa_hersteller-cyklop","8":"pa_typ-b6","10":"first","11":"instock","12":"taxable","13":"shipping-taxable","14":"product-type-simple"},"jetpack_sharing_enabled":true,"_links":{"self":[{"href":"https:\/\/www.3p-gmbh.de\/pt-br\/wp-json\/wp\/v2\/product\/91355","targetHints":{"allow":["GET"]}}],"collection":[{"href":"https:\/\/www.3p-gmbh.de\/pt-br\/wp-json\/wp\/v2\/product"}],"about":[{"href":"https:\/\/www.3p-gmbh.de\/pt-br\/wp-json\/wp\/v2\/types\/product"}],"wp:featuredmedia":[{"embeddable":true,"href":"https:\/\/www.3p-gmbh.de\/pt-br\/wp-json\/wp\/v2\/media\/77778"}],"wp:attachment":[{"href":"https:\/\/www.3p-gmbh.de\/pt-br\/wp-json\/wp\/v2\/media?parent=91355"}],"wp:term":[{"taxonomy":"product_brand","embeddable":true,"href":"https:\/\/www.3p-gmbh.de\/pt-br\/wp-json\/wp\/v2\/product_brand?post=91355"},{"taxonomy":"product_cat","embeddable":true,"href":"https:\/\/www.3p-gmbh.de\/pt-br\/wp-json\/wp\/v2\/product_cat?post=91355"},{"taxonomy":"product_tag","embeddable":true,"href":"https:\/\/www.3p-gmbh.de\/pt-br\/wp-json\/wp\/v2\/product_tag?post=91355"}],"curies":[{"name":"wp","href":"https:\/\/api.w.org\/{rel}","templated":true}]}}