{"id":91345,"date":"2020-05-12T14:59:53","date_gmt":"2020-05-12T14:59:53","guid":{"rendered":"https:\/\/www.3p-gmbh.de\/produkt\/knorr-rl-2-va-um-corretor-de-folhas\/"},"modified":"2020-05-12T14:59:53","modified_gmt":"2020-05-12T14:59:53","slug":"knorr-rl-2-va-arch-ruettler","status":"publish","type":"product","link":"https:\/\/www.3p-gmbh.de\/pt-br\/produkt\/knorr-rl-2-va-arch-ruettler\/","title":{"rendered":"Knorr RL-2-VA, um corretor de folhas"},"content":{"rendered":"<p>SN 7058008<br \/>\nTamanho da folha aprox. 66 x 88 cm<\/p>\n<p>&#8211; Estrutura inferior soldada com mecanismo vibrat\u00f3rio autom\u00e1tico<br \/>\n&#8211; Aba lateral manual para a esquerda e para a direita, o que permite a desloca\u00e7\u00e3o de formatos de grandes dimens\u00f5es!<br \/>\n&#8211; Mesa em a\u00e7o inoxid\u00e1vel de alta qualidade com almofada de ar resistente<br \/>\n&#8211; R\u00e9gua de separa\u00e7\u00e3o para folhas mais pequenas<br \/>\n&#8211; Inclina\u00e7\u00e3o da mesa ajust\u00e1vel em at\u00e9 12 passos \u00e0 esquerda\/direita<br \/>\n&#8211; Elemento de controlo f\u00e1cil de manusear<br \/>\n&#8211; Intensidade de vibra\u00e7\u00e3o infinitamente ajust\u00e1vel por meio de conversor de frequ\u00eancia<br \/>\n&#8211; Altura ajust\u00e1vel da mesa<br \/>\n&#8211; Dire\u00e7\u00e3o de rota\u00e7\u00e3o do motor de vibra\u00e7\u00e3o, opcionalmente \u00e0 direita ou \u00e0 esquerda<br \/>\n&#8211; Agita\u00e7\u00e3o com\/sem ar<\/p>\n","protected":false},"excerpt":{"rendered":"<p>SN 7058008 Tamanho da folha aprox. 66 x 88 cm &#8211; Estrutura inferior soldada com mecanismo vibrat\u00f3rio autom\u00e1tico &#8211; Aba lateral manual para a esquerda e para a direita, o que permite a desloca\u00e7\u00e3o de formatos de grandes dimens\u00f5es! &#8211; Mesa em a\u00e7o inoxid\u00e1vel de alta qualidade com almofada de ar resistente &#8211; R\u00e9gua de [&hellip;]<\/p>\n","protected":false},"featured_media":77826,"template":"","meta":[],"product_brand":[],"product_cat":[3069],"product_tag":[],"class_list":{"0":"post-91345","1":"product","2":"type-product","3":"status-publish","4":"has-post-thumbnail","6":"product_cat-mesas-vibratorias","7":"pa_hersteller-knorr","8":"pa_typ-rl-2-va","10":"first","11":"instock","12":"taxable","13":"shipping-taxable","14":"product-type-simple"},"jetpack_sharing_enabled":true,"_links":{"self":[{"href":"https:\/\/www.3p-gmbh.de\/pt-br\/wp-json\/wp\/v2\/product\/91345","targetHints":{"allow":["GET"]}}],"collection":[{"href":"https:\/\/www.3p-gmbh.de\/pt-br\/wp-json\/wp\/v2\/product"}],"about":[{"href":"https:\/\/www.3p-gmbh.de\/pt-br\/wp-json\/wp\/v2\/types\/product"}],"wp:featuredmedia":[{"embeddable":true,"href":"https:\/\/www.3p-gmbh.de\/pt-br\/wp-json\/wp\/v2\/media\/77826"}],"wp:attachment":[{"href":"https:\/\/www.3p-gmbh.de\/pt-br\/wp-json\/wp\/v2\/media?parent=91345"}],"wp:term":[{"taxonomy":"product_brand","embeddable":true,"href":"https:\/\/www.3p-gmbh.de\/pt-br\/wp-json\/wp\/v2\/product_brand?post=91345"},{"taxonomy":"product_cat","embeddable":true,"href":"https:\/\/www.3p-gmbh.de\/pt-br\/wp-json\/wp\/v2\/product_cat?post=91345"},{"taxonomy":"product_tag","embeddable":true,"href":"https:\/\/www.3p-gmbh.de\/pt-br\/wp-json\/wp\/v2\/product_tag?post=91345"}],"curies":[{"name":"wp","href":"https:\/\/api.w.org\/{rel}","templated":true}]}}