{"id":91344,"date":"2020-10-19T14:25:02","date_gmt":"2020-10-19T14:25:02","guid":{"rendered":"https:\/\/www.3p-gmbh.de\/produkt\/alceadeira-hohner-hsb-8-000-a-que-nao-precisa-de-ferramentas\/"},"modified":"2020-10-19T14:25:02","modified_gmt":"2020-10-19T14:25:02","slug":"sela-de-costura-hohner-hsb-8-000-o-sem-ferramenta","status":"publish","type":"product","link":"https:\/\/www.3p-gmbh.de\/pt-br\/produkt\/sela-de-costura-hohner-hsb-8-000-o-sem-ferramenta\/","title":{"rendered":"Alceadeira Hohner HSB 8.000 &#8211; A que n\u00e3o precisa de ferramentas"},"content":{"rendered":"<div><span style=\"color: #ff0000; font-family: Arial;\"><strong>Bj. 12-2015 aprox. 3500 horas de funcionamento<\/strong><\/span><\/div>\n<div>\n<span style=\"font-family: Arial;\">6 Alimentador de folhas VF 1 para comuta\u00e7\u00e3o 2:1<br \/>\n1 Sistema manual<br \/>\n1 Tampa do alimentador<\/span><\/div>\n<div><span style=\"color: #ff0000; font-family: Arial;\">7 Inspe\u00e7\u00e3o da folha Opticontrol<\/span><\/div>\n<div><span style=\"font-family: Arial;\">Agrafador com controlo de agrafos e espessura<\/span><\/div>\n<div><span style=\"color: #ff0000; font-family: Arial;\">4 cabe\u00e7as de agrafagem HK 52-8 Universal<\/span><\/div>\n<div><span style=\"color: #ff0000; font-family: Arial;\">4 Cabe\u00e7as de agrafagem HK 52-8 para ilh\u00f3s de anel 6mm<\/span><\/div>\n<div><span style=\"font-family: Arial;\">4 Suporte da bobina grande<\/span><\/div>\n<div><span style=\"font-family: Arial;\">Guilhotina com dispositivo de corte central para produ\u00e7\u00e3o a dois<\/span><\/div>\n<div><span style=\"font-family: Arial;\">Mesa de transfer\u00eancia<\/span><span style=\"font-family: Arial;\"><br \/>\nAlimenta\u00e7\u00e3o de press\u00e3o-v\u00e1cuo<\/span><\/div>\n<div><span style=\"font-family: Arial;\">entrega de tiras longas<\/span><\/div>\n<div><span style=\"color: #ff0000; font-family: Arial;\"><strong>sem empilhadores de compensa\u00e7\u00e3o !!!!!<\/strong><\/span><\/div>\n<div>\n<span style=\"font-family: Arial;\">O meio-termo: f\u00e1cil de utilizar e econ\u00f3mico<br \/>\nA HSB 8.000 \u00e9 a solu\u00e7\u00e3o ideal para quem procura uma m\u00e1quina de coser a arame autom\u00e1tica para o acabamento de folhas pr\u00e9-dobradas em tiragens curtas e m\u00e9dias.<br \/>\nPor detr\u00e1s das suas dimens\u00f5es compactas, a nossa m\u00e1quina semi-autom\u00e1tica esconde uma grande variedade e um elevado n\u00edvel de know-how para o utilizador.<\/span><\/div>\n<div><\/div>\n<div><span style=\"font-family: Arial;\">Os ajustes de formato, por exemplo, s\u00e3o feitos sem ferramentas e significam um trabalho eficiente e f\u00e1cil de utilizar no menor tempo poss\u00edvel; com m\u00e3o de obra extremamente reduzida, esta alceadeira pode produzir at\u00e9 8.000 produtos por hora com elevados padr\u00f5es de qualidade e sem qualquer desalinhamento dos agrafos.<br \/>\nPara al\u00e9m disso, o formato da HSB 8.000 \u00e9 o melhor da sua classe, com um formato m\u00e1ximo de 365 x 350 mm. A costura com ilh\u00f3s tamb\u00e9m n\u00e3o \u00e9 um problema para ele como op\u00e7\u00e3o.<br \/>\nNa Hohner, as suas considera\u00e7\u00f5es de qualidade e efici\u00eancia s\u00e3o levadas a s\u00e9rio e implementadas de uma forma f\u00e1cil de utilizar.<\/span><\/div>\n<div><\/div>\n<div><span style=\"font-family: Arial;\">As vantagens em poucas palavras:<\/span><\/div>\n<div><\/div>\n<div><span style=\"font-family: Arial;\">O sistema pode ser expandido e adaptado posteriormente \u00e0s suas necessidades individuais gra\u00e7as a um sistema modular abrangente (v\u00e1rias op\u00e7\u00f5es de expans\u00e3o opcionais: desde um alimentador manual at\u00e9 8 alimentadores autom\u00e1ticos de pasta \u00fanica, alimentador autom\u00e1tico de capas, dispositivo two-up, indexa\u00e7\u00e3o 2:1, controlo de pin\u00e7as, empilhador de compensa\u00e7\u00e3o e sistema de transporte para corte de res\u00edduos).<br \/>\nLiga\u00e7\u00e3o da faca atrav\u00e9s de um garfo<br \/>\n12 casquilhos de esferas recirculantes para uma orienta\u00e7\u00e3o altamente precisa e uma vida \u00fatil extremamente longa da l\u00e2mina<br \/>\nSem desalinhamento dos agrafos &#8211; Agrafagem e posicionamento dos agrafos sem falhas<br \/>\nTamanho compacto com perfil de elevado desempenho &#8211; requisitos de espa\u00e7o reduzidos<br \/>\nNecessidade reduzida de pessoal<br \/>\nAltura de fixa\u00e7\u00e3o ergon\u00f3mica e f\u00e1cil de utilizar<\/span><\/div>\n<div><\/div>\n<div><span style=\"font-family: Arial;\">As suas vantagens<\/span><\/div>\n<div><\/div>\n<div><span style=\"font-family: Arial;\">&#8211; produ\u00e7\u00e3o est\u00e1vel com cerca de 7000 ciclos<br \/>\n&#8211; tempos de mudan\u00e7a curtos<br \/>\n&#8211; o formato m\u00e1ximo grande 340x355mm<br \/>\n&#8211; Baixos custos de investimento, ROI r\u00e1pido<\/span><\/div>\n","protected":false},"excerpt":{"rendered":"<p><a href=\"https:\/\/www.3p-gmbh.de\/wp-content\/uploads\/2020\/10\/HSB-8000-Details.pdf\">Detalhes do HSB 8000<\/a><\/p>\n","protected":false},"featured_media":78027,"template":"","meta":[],"product_brand":[],"product_cat":[2908],"product_tag":[],"class_list":{"0":"post-91344","1":"product","2":"type-product","3":"status-publish","4":"has-post-thumbnail","6":"product_cat-costureira-de-sela","7":"pa_hersteller-hohner","8":"pa_typ-hohner-hsb-8-000","10":"first","11":"instock","12":"taxable","13":"shipping-taxable","14":"product-type-simple"},"jetpack_sharing_enabled":true,"_links":{"self":[{"href":"https:\/\/www.3p-gmbh.de\/pt-br\/wp-json\/wp\/v2\/product\/91344","targetHints":{"allow":["GET"]}}],"collection":[{"href":"https:\/\/www.3p-gmbh.de\/pt-br\/wp-json\/wp\/v2\/product"}],"about":[{"href":"https:\/\/www.3p-gmbh.de\/pt-br\/wp-json\/wp\/v2\/types\/product"}],"wp:featuredmedia":[{"embeddable":true,"href":"https:\/\/www.3p-gmbh.de\/pt-br\/wp-json\/wp\/v2\/media\/78027"}],"wp:attachment":[{"href":"https:\/\/www.3p-gmbh.de\/pt-br\/wp-json\/wp\/v2\/media?parent=91344"}],"wp:term":[{"taxonomy":"product_brand","embeddable":true,"href":"https:\/\/www.3p-gmbh.de\/pt-br\/wp-json\/wp\/v2\/product_brand?post=91344"},{"taxonomy":"product_cat","embeddable":true,"href":"https:\/\/www.3p-gmbh.de\/pt-br\/wp-json\/wp\/v2\/product_cat?post=91344"},{"taxonomy":"product_tag","embeddable":true,"href":"https:\/\/www.3p-gmbh.de\/pt-br\/wp-json\/wp\/v2\/product_tag?post=91344"}],"curies":[{"name":"wp","href":"https:\/\/api.w.org\/{rel}","templated":true}]}}