{"id":91332,"date":"2020-06-15T13:30:04","date_gmt":"2020-06-15T13:30:04","guid":{"rendered":"https:\/\/www.3p-gmbh.de\/produkt\/maquina-automatica-de-arredondamento-de-cantos-duerselen-corta-es-09\/"},"modified":"2020-06-15T13:30:04","modified_gmt":"2020-06-15T13:30:04","slug":"maquina-automatica-de-cantos-redondos-duerselen-corta-es-09","status":"publish","type":"product","link":"https:\/\/www.3p-gmbh.de\/pt-br\/produkt\/maquina-automatica-de-cantos-redondos-duerselen-corta-es-09\/","title":{"rendered":"M\u00e1quina autom\u00e1tica de arredondamento de cantos D\u00fcrselen Corta ES 09"},"content":{"rendered":"<p>pun\u00e7\u00e3o pneum\u00e1tico de canto redondo de 2 dobras (Raduis 5mm)<br \/>\n1200 barras<\/p>\n","protected":false},"excerpt":{"rendered":"<p><a href=\"https:\/\/www.3p-gmbh.de\/wp-content\/uploads\/2020\/06\/ES09F_2005.pdf\">ES09F_2005<\/a> <a href=\"https:\/\/www.3p-gmbh.de\/wp-content\/uploads\/2020\/06\/Prospekt_Duerselen_ES09.pdf\">Folheto_Duerselen_ES09<\/a><\/p>\n","protected":false},"featured_media":78003,"template":"","meta":[],"product_brand":[],"product_cat":[2958],"product_tag":[],"class_list":{"0":"post-91332","1":"product","2":"type-product","3":"status-publish","4":"has-post-thumbnail","6":"product_cat-brocas-de-papel","7":"pa_hersteller-duerselen-2","8":"pa_typ-corta-es-09","10":"first","11":"instock","12":"taxable","13":"shipping-taxable","14":"product-type-simple"},"jetpack_sharing_enabled":true,"_links":{"self":[{"href":"https:\/\/www.3p-gmbh.de\/pt-br\/wp-json\/wp\/v2\/product\/91332","targetHints":{"allow":["GET"]}}],"collection":[{"href":"https:\/\/www.3p-gmbh.de\/pt-br\/wp-json\/wp\/v2\/product"}],"about":[{"href":"https:\/\/www.3p-gmbh.de\/pt-br\/wp-json\/wp\/v2\/types\/product"}],"wp:featuredmedia":[{"embeddable":true,"href":"https:\/\/www.3p-gmbh.de\/pt-br\/wp-json\/wp\/v2\/media\/78003"}],"wp:attachment":[{"href":"https:\/\/www.3p-gmbh.de\/pt-br\/wp-json\/wp\/v2\/media?parent=91332"}],"wp:term":[{"taxonomy":"product_brand","embeddable":true,"href":"https:\/\/www.3p-gmbh.de\/pt-br\/wp-json\/wp\/v2\/product_brand?post=91332"},{"taxonomy":"product_cat","embeddable":true,"href":"https:\/\/www.3p-gmbh.de\/pt-br\/wp-json\/wp\/v2\/product_cat?post=91332"},{"taxonomy":"product_tag","embeddable":true,"href":"https:\/\/www.3p-gmbh.de\/pt-br\/wp-json\/wp\/v2\/product_tag?post=91332"}],"curies":[{"name":"wp","href":"https:\/\/api.w.org\/{rel}","templated":true}]}}