{"id":91319,"date":"2020-10-27T10:36:29","date_gmt":"2020-10-27T10:36:29","guid":{"rendered":"https:\/\/www.3p-gmbh.de\/produkt\/enderecamento-de-jato-de-tinta-a-base-de-solvente-videojet-bx-6500\/"},"modified":"2020-10-27T10:36:29","modified_gmt":"2020-10-27T10:36:29","slug":"jato-de-tinta-de-base-solvente-para-enderecamento-videojet-bx-6500","status":"publish","type":"product","link":"https:\/\/www.3p-gmbh.de\/pt-br\/produkt\/jato-de-tinta-de-base-solvente-para-enderecamento-videojet-bx-6500\/","title":{"rendered":"Endere\u00e7amento de jato de tinta \u00e0 base de solvente Videojet BX 6500"},"content":{"rendered":"<div>Endere\u00e7amento de jato de tinta \u00e0 base de solvente Videojet BX 6500 com duas cabe\u00e7as de impress\u00e3o<\/div>\n<div>do ano. 2017<\/div>\n","protected":false},"excerpt":{"rendered":"<p>Endere\u00e7amento de jato de tinta \u00e0 base de solvente Videojet BX 6500 com duas cabe\u00e7as de impress\u00e3o do ano. 2017<\/p>\n","protected":false},"featured_media":78141,"template":"","meta":[],"product_brand":[],"product_cat":[2968],"product_tag":[],"class_list":{"0":"post-91319","1":"product","2":"type-product","3":"status-publish","4":"has-post-thumbnail","6":"product_cat-sistemas-de-enderecamento-e-insercao","7":"pa_hersteller-videojet","8":"pa_typ-bx-6500","10":"first","11":"instock","12":"taxable","13":"shipping-taxable","14":"product-type-simple"},"jetpack_sharing_enabled":true,"_links":{"self":[{"href":"https:\/\/www.3p-gmbh.de\/pt-br\/wp-json\/wp\/v2\/product\/91319","targetHints":{"allow":["GET"]}}],"collection":[{"href":"https:\/\/www.3p-gmbh.de\/pt-br\/wp-json\/wp\/v2\/product"}],"about":[{"href":"https:\/\/www.3p-gmbh.de\/pt-br\/wp-json\/wp\/v2\/types\/product"}],"wp:featuredmedia":[{"embeddable":true,"href":"https:\/\/www.3p-gmbh.de\/pt-br\/wp-json\/wp\/v2\/media\/78141"}],"wp:attachment":[{"href":"https:\/\/www.3p-gmbh.de\/pt-br\/wp-json\/wp\/v2\/media?parent=91319"}],"wp:term":[{"taxonomy":"product_brand","embeddable":true,"href":"https:\/\/www.3p-gmbh.de\/pt-br\/wp-json\/wp\/v2\/product_brand?post=91319"},{"taxonomy":"product_cat","embeddable":true,"href":"https:\/\/www.3p-gmbh.de\/pt-br\/wp-json\/wp\/v2\/product_cat?post=91319"},{"taxonomy":"product_tag","embeddable":true,"href":"https:\/\/www.3p-gmbh.de\/pt-br\/wp-json\/wp\/v2\/product_tag?post=91319"}],"curies":[{"name":"wp","href":"https:\/\/api.w.org\/{rel}","templated":true}]}}