{"id":91314,"date":"2020-11-06T08:26:19","date_gmt":"2020-11-06T08:26:19","guid":{"rendered":"https:\/\/www.3p-gmbh.de\/produkt\/maquina-de-dobrar-combinada-ajustavel-semi-automatica-mbo-k-800-1-sktl-4-fp-da-bj-2003\/"},"modified":"2020-11-06T08:26:19","modified_gmt":"2020-11-06T08:26:19","slug":"maquina-de-dobragem-combinada-semi-automatica-ajustavel-mbo-k-800-1-sktl-4-fp-out-of-bj-2003","status":"publish","type":"product","link":"https:\/\/www.3p-gmbh.de\/pt-br\/produkt\/maquina-de-dobragem-combinada-semi-automatica-ajustavel-mbo-k-800-1-sktl-4-fp-out-of-bj-2003\/","title":{"rendered":"M\u00e1quina de dobrar combinada ajust\u00e1vel semi-autom\u00e1tica MBO K 800.1-SKTL-4-FP da Bj. 2003"},"content":{"rendered":"<div><strong>M\u00e1quina de dobrar combinada ajust\u00e1vel semi-autom\u00e1tica<\/strong><\/div>\n<div><strong>MBO K 800.1-SKTL-4-FP 120 Navigator<\/strong><\/div>\n<div><\/div>\n<ul>\n<li>a partir de 2003<\/li>\n<li>4 bolsos motorizados ajust\u00e1veis<\/li>\n<li>Eixos de l\u00e2minas Eixos passantes<\/li>\n<li>Vers\u00e3o KTL com espada, saco deitado, espada<\/li>\n<\/ul>\n","protected":false},"excerpt":{"rendered":"<p>M\u00e1quina de dobrar combinada ajust\u00e1vel semi-autom\u00e1tica MBO K 800.1-SKTL-4-FP 120 Navigator a partir de 2003 4 bolsos motorizados ajust\u00e1veis Eixos de l\u00e2minas Eixos passantes Vers\u00e3o KTL com espada, saco deitado, espada<\/p>\n","protected":false},"featured_media":78237,"template":"","meta":[],"product_brand":[],"product_cat":[2979],"product_tag":[],"class_list":{"0":"post-91314","1":"product","2":"type-product","3":"status-publish","4":"has-post-thumbnail","6":"product_cat-maquinas-de-dobrar","7":"pa_hersteller-mbo","8":"pa_typ-k-800-1-sktl-4-fp-120-navigator","10":"first","11":"instock","12":"taxable","13":"shipping-taxable","14":"product-type-simple"},"jetpack_sharing_enabled":true,"_links":{"self":[{"href":"https:\/\/www.3p-gmbh.de\/pt-br\/wp-json\/wp\/v2\/product\/91314","targetHints":{"allow":["GET"]}}],"collection":[{"href":"https:\/\/www.3p-gmbh.de\/pt-br\/wp-json\/wp\/v2\/product"}],"about":[{"href":"https:\/\/www.3p-gmbh.de\/pt-br\/wp-json\/wp\/v2\/types\/product"}],"wp:featuredmedia":[{"embeddable":true,"href":"https:\/\/www.3p-gmbh.de\/pt-br\/wp-json\/wp\/v2\/media\/78237"}],"wp:attachment":[{"href":"https:\/\/www.3p-gmbh.de\/pt-br\/wp-json\/wp\/v2\/media?parent=91314"}],"wp:term":[{"taxonomy":"product_brand","embeddable":true,"href":"https:\/\/www.3p-gmbh.de\/pt-br\/wp-json\/wp\/v2\/product_brand?post=91314"},{"taxonomy":"product_cat","embeddable":true,"href":"https:\/\/www.3p-gmbh.de\/pt-br\/wp-json\/wp\/v2\/product_cat?post=91314"},{"taxonomy":"product_tag","embeddable":true,"href":"https:\/\/www.3p-gmbh.de\/pt-br\/wp-json\/wp\/v2\/product_tag?post=91314"}],"curies":[{"name":"wp","href":"https:\/\/api.w.org\/{rel}","templated":true}]}}