{"id":91304,"date":"2020-10-27T10:40:45","date_gmt":"2020-10-27T10:40:45","guid":{"rendered":"https:\/\/www.3p-gmbh.de\/produkt\/sistema-ctp-termico-de-2-paginas-totalmente-automatico-suprasetter-a52-automation-com-meta-ripworkflow-e-saida-cip-3\/"},"modified":"2020-10-27T10:40:45","modified_gmt":"2020-10-27T10:40:45","slug":"sistema-termico-ctp-de-2-paginas-totalmente-automatizado-suprasetter-a52-automacao-com-meta-ripworkflow-e-cip-3-saida","status":"publish","type":"product","link":"https:\/\/www.3p-gmbh.de\/pt-br\/produkt\/sistema-termico-ctp-de-2-paginas-totalmente-automatizado-suprasetter-a52-automacao-com-meta-ripworkflow-e-cip-3-saida\/","title":{"rendered":"Sistema CTP t\u00e9rmico de 2 p\u00e1ginas totalmente autom\u00e1tico Suprasetter A52 Automation com Meta Ripworkflow e sa\u00edda CIP 3"},"content":{"rendered":"<div>oferecemos sem compromisso<\/div>\n<div><\/div>\n<div>Sistema de CTP t\u00e9rmico de 2 p\u00e1ginas totalmente autom\u00e1tico Heidelberg Suprasetter A52 Automation<\/div>\n<div>com fluxo de trabalho Meta Rip completo e sa\u00edda CIP 3<\/div>\n<div>Apenas 107 000 matr\u00edculas SM 52 expostas at\u00e9 \u00e0 data<\/div>\n<div><\/div>\n<div>Sa\u00edda 17 placas\/hora<\/div>\n<div>Pun\u00e7\u00e3o interno de placa autom\u00e1tica 425 mm<\/div>\n<div>Aspira\u00e7\u00e3o para placas ablativas<\/div>\n<div>Ponte de transfer\u00eancia e lavagem Glunz &amp; Jensen c85 com empilhador de placas<\/div>\n","protected":false},"excerpt":{"rendered":"<p>oferecemos sem compromisso Sistema de CTP t\u00e9rmico de 2 p\u00e1ginas totalmente autom\u00e1tico Heidelberg Suprasetter A52 Automation com fluxo de trabalho Meta Rip completo e sa\u00edda CIP 3 Apenas 107 000 matr\u00edculas SM 52 expostas at\u00e9 \u00e0 data Sa\u00edda 17 placas\/hora Pun\u00e7\u00e3o interno de placa autom\u00e1tica 425 mm Aspira\u00e7\u00e3o para placas ablativas Ponte de transfer\u00eancia e [&hellip;]<\/p>\n","protected":false},"featured_media":78168,"template":"","meta":[],"product_brand":[],"product_cat":[2865],"product_tag":[],"class_list":{"0":"post-91304","1":"product","2":"type-product","3":"status-publish","4":"has-post-thumbnail","6":"product_cat-sistemas-computadorizados-para-placas","7":"pa_hersteller-heidelberg","8":"pa_typ-suprasetter-a52-automation","10":"first","11":"instock","12":"taxable","13":"shipping-taxable","14":"product-type-simple"},"jetpack_sharing_enabled":true,"_links":{"self":[{"href":"https:\/\/www.3p-gmbh.de\/pt-br\/wp-json\/wp\/v2\/product\/91304","targetHints":{"allow":["GET"]}}],"collection":[{"href":"https:\/\/www.3p-gmbh.de\/pt-br\/wp-json\/wp\/v2\/product"}],"about":[{"href":"https:\/\/www.3p-gmbh.de\/pt-br\/wp-json\/wp\/v2\/types\/product"}],"wp:featuredmedia":[{"embeddable":true,"href":"https:\/\/www.3p-gmbh.de\/pt-br\/wp-json\/wp\/v2\/media\/78168"}],"wp:attachment":[{"href":"https:\/\/www.3p-gmbh.de\/pt-br\/wp-json\/wp\/v2\/media?parent=91304"}],"wp:term":[{"taxonomy":"product_brand","embeddable":true,"href":"https:\/\/www.3p-gmbh.de\/pt-br\/wp-json\/wp\/v2\/product_brand?post=91304"},{"taxonomy":"product_cat","embeddable":true,"href":"https:\/\/www.3p-gmbh.de\/pt-br\/wp-json\/wp\/v2\/product_cat?post=91304"},{"taxonomy":"product_tag","embeddable":true,"href":"https:\/\/www.3p-gmbh.de\/pt-br\/wp-json\/wp\/v2\/product_tag?post=91304"}],"curies":[{"name":"wp","href":"https:\/\/api.w.org\/{rel}","templated":true}]}}