{"id":91299,"date":"2020-11-12T00:32:21","date_gmt":"2020-11-12T00:32:21","guid":{"rendered":"https:\/\/www.3p-gmbh.de\/produkt\/akm-pfa-60-entrega-de-pre-dobrador-farmaceutico-com-prensa\/"},"modified":"2020-11-12T00:32:21","modified_gmt":"2020-11-12T00:32:21","slug":"entrega-antes-do-outono-akm-pa-60-pharma-com-imprensa","status":"publish","type":"product","link":"https:\/\/www.3p-gmbh.de\/pt-br\/produkt\/entrega-antes-do-outono-akm-pa-60-pharma-com-imprensa\/","title":{"rendered":"AKM PFA-60 Entrega de pr\u00e9-dobrador farmac\u00eautico com prensa"},"content":{"rendered":"<div><strong>AKM PFA-60 Entrega de pr\u00e9-dobrador farmac\u00eautico com prensa<\/strong><\/div>\n<div>do ano. 2010<\/div>\n","protected":false},"excerpt":{"rendered":"<p>AKM PFA-60 Entrega de pr\u00e9-dobrador farmac\u00eautico com prensa do ano. 2010<\/p>\n","protected":false},"featured_media":78405,"template":"","meta":[],"product_brand":[],"product_cat":[2919],"product_tag":[],"class_list":{"0":"post-91299","1":"product","2":"type-product","3":"status-publish","4":"has-post-thumbnail","6":"product_cat-despesas","7":"pa_hersteller-akm","8":"pa_typ-pfa-60-ph","10":"first","11":"instock","12":"taxable","13":"shipping-taxable","14":"product-type-simple"},"jetpack_sharing_enabled":true,"_links":{"self":[{"href":"https:\/\/www.3p-gmbh.de\/pt-br\/wp-json\/wp\/v2\/product\/91299","targetHints":{"allow":["GET"]}}],"collection":[{"href":"https:\/\/www.3p-gmbh.de\/pt-br\/wp-json\/wp\/v2\/product"}],"about":[{"href":"https:\/\/www.3p-gmbh.de\/pt-br\/wp-json\/wp\/v2\/types\/product"}],"wp:featuredmedia":[{"embeddable":true,"href":"https:\/\/www.3p-gmbh.de\/pt-br\/wp-json\/wp\/v2\/media\/78405"}],"wp:attachment":[{"href":"https:\/\/www.3p-gmbh.de\/pt-br\/wp-json\/wp\/v2\/media?parent=91299"}],"wp:term":[{"taxonomy":"product_brand","embeddable":true,"href":"https:\/\/www.3p-gmbh.de\/pt-br\/wp-json\/wp\/v2\/product_brand?post=91299"},{"taxonomy":"product_cat","embeddable":true,"href":"https:\/\/www.3p-gmbh.de\/pt-br\/wp-json\/wp\/v2\/product_cat?post=91299"},{"taxonomy":"product_tag","embeddable":true,"href":"https:\/\/www.3p-gmbh.de\/pt-br\/wp-json\/wp\/v2\/product_tag?post=91299"}],"curies":[{"name":"wp","href":"https:\/\/api.w.org\/{rel}","templated":true}]}}