{"id":91295,"date":"2020-11-16T10:45:04","date_gmt":"2020-11-16T10:45:04","guid":{"rendered":"https:\/\/www.3p-gmbh.de\/produkt\/maquina-de-recolha-producao-de-brochuras-mkw-rapid-ut-14b3gs-sft-350-com-14-estacoes\/"},"modified":"2020-11-16T10:45:04","modified_gmt":"2020-11-16T10:45:04","slug":"maquina-de-colagem-de-brochuras-producao-mkw-rapid-ut-14b3gs-sft-350-com-14-estacoes","status":"publish","type":"product","link":"https:\/\/www.3p-gmbh.de\/pt-br\/produkt\/maquina-de-colagem-de-brochuras-producao-mkw-rapid-ut-14b3gs-sft-350-com-14-estacoes\/","title":{"rendered":"M\u00e1quina de recolha \/ produ\u00e7\u00e3o de brochuras MKW Rapid UT 14B3GS + SFT 350 com 14 esta\u00e7\u00f5es"},"content":{"rendered":"<p><strong>M\u00e1quina de recolha \/ produ\u00e7\u00e3o de brochuras MKW Rapid UT 14\/B3\/GS + SFT 350<br \/>\nAno de fabrico: 2003 \/ 2008<\/strong><br \/>\nFormato: min. 10 x 14 cm , m\u00e1x. 35 x 50 cm<\/p>\n<p><strong>Equipamento:<\/strong><\/p>\n<ul>\n<li>14 esta\u00e7\u00f5es M\u00e1quina de recolha com alimenta\u00e7\u00e3o manual esquerda<\/li>\n<li>Sa\u00edda de ciclo 2900 por hora<\/li>\n<li>Mesa de circula\u00e7\u00e3o com correia dentada<\/li>\n<li>Controlo eletr\u00f3nico de folhas duplas e em falta com medi\u00e7\u00e3o autom\u00e1tica<\/li>\n<li>m\u00e1ximo. Altura de empilhamento 700 mm<\/li>\n<li>Gramagem do papel de 14 &#8211; 1000 g\/m\u00b2<\/li>\n<\/ul>\n<p>&nbsp;<\/p>\n<p><strong>Unidade de corte e dobragem de cadernos MKW SFT 350<\/strong><br \/>\n<strong>a partir de 2008<\/strong><\/p>\n<ul>\n<li>Ajuste r\u00e1pido do formato<\/li>\n<li>Corte frontal com corte m\u00ednimo de 6 cm sobre a faca superior e inferior<\/li>\n<li>Ar de sopro na faca<\/li>\n<li>Dispositivo de prensagem regul\u00e1vel<\/li>\n<li>2 cabe\u00e7as de costura Hohner 48\/S<\/li>\n<\/ul>\n<p>&nbsp;<\/p>\n<p><a href=\"https:\/\/www.3p-gmbh.de\/wp-content\/uploads\/2020\/11\/MKW.pdf\">Instru\u00e7\u00f5es de utiliza\u00e7\u00e3o (excerto)<\/a><\/p>\n","protected":false},"excerpt":{"rendered":"<p>M\u00e1quina de recolha \/ produ\u00e7\u00e3o de brochuras MKW Rapid UT 14\/B3\/GS + SFT 350 Ano de fabrico: 2003 \/ 2008 Formato: min. 10 x 14 cm , m\u00e1x. 35 x 50 cm Equipamento: 14 esta\u00e7\u00f5es M\u00e1quina de recolha com alimenta\u00e7\u00e3o manual esquerda Sa\u00edda de ciclo 2900 por hora Mesa de circula\u00e7\u00e3o com correia dentada Controlo [&hellip;]<\/p>\n","protected":false},"featured_media":78495,"template":"","meta":[],"product_brand":[],"product_cat":[3043,2951],"product_tag":[],"class_list":{"0":"post-91295","1":"product","2":"type-product","3":"status-publish","4":"has-post-thumbnail","6":"product_cat-maquinas-de-recolha","7":"product_cat-sistemas-de-producao-de-folhetos","8":"pa_hersteller-mkw","9":"pa_typ-rapid-ut-14b3gs","10":"pa_typ-sft-350","12":"first","13":"instock","14":"taxable","15":"shipping-taxable","16":"product-type-simple"},"jetpack_sharing_enabled":true,"_links":{"self":[{"href":"https:\/\/www.3p-gmbh.de\/pt-br\/wp-json\/wp\/v2\/product\/91295","targetHints":{"allow":["GET"]}}],"collection":[{"href":"https:\/\/www.3p-gmbh.de\/pt-br\/wp-json\/wp\/v2\/product"}],"about":[{"href":"https:\/\/www.3p-gmbh.de\/pt-br\/wp-json\/wp\/v2\/types\/product"}],"wp:featuredmedia":[{"embeddable":true,"href":"https:\/\/www.3p-gmbh.de\/pt-br\/wp-json\/wp\/v2\/media\/78495"}],"wp:attachment":[{"href":"https:\/\/www.3p-gmbh.de\/pt-br\/wp-json\/wp\/v2\/media?parent=91295"}],"wp:term":[{"taxonomy":"product_brand","embeddable":true,"href":"https:\/\/www.3p-gmbh.de\/pt-br\/wp-json\/wp\/v2\/product_brand?post=91295"},{"taxonomy":"product_cat","embeddable":true,"href":"https:\/\/www.3p-gmbh.de\/pt-br\/wp-json\/wp\/v2\/product_cat?post=91295"},{"taxonomy":"product_tag","embeddable":true,"href":"https:\/\/www.3p-gmbh.de\/pt-br\/wp-json\/wp\/v2\/product_tag?post=91295"}],"curies":[{"name":"wp","href":"https:\/\/api.w.org\/{rel}","templated":true}]}}