{"id":91291,"date":"2021-01-11T11:35:53","date_gmt":"2021-01-11T11:35:53","guid":{"rendered":"https:\/\/www.3p-gmbh.de\/produkt\/profitec-popp-mobile-bolsa-de-viragem-de-folhas-regulavel-em-altura-com-alimentacao-por-rolos-inclinados\/"},"modified":"2021-01-11T11:35:53","modified_gmt":"2021-01-11T11:35:53","slug":"profitec-popp-mobile-height-adjustable-arch-turning-bag-with-screw-roller-inlet","status":"publish","type":"product","link":"https:\/\/www.3p-gmbh.de\/pt-br\/produkt\/profitec-popp-mobile-height-adjustable-arch-turning-bag-with-screw-roller-inlet\/","title":{"rendered":"Profitec Popp mobile &#8211; bolsa de viragem de folhas regul\u00e1vel em altura com alimenta\u00e7\u00e3o por rolos inclinados"},"content":{"rendered":"<div><span style=\"font-family: Arial;\">Largura de entrada 650 mm<\/span><\/div>\n<div><\/div>\n<div><span style=\"font-family: Arial;\">O virador de folhas permite virar folhas planas com uma bolsa de dobragem no sentido da desloca\u00e7\u00e3o.<\/span><\/div>\n<div><span style=\"font-family: Arial;\">Isto significa que as folhas podem ser impressas ou etiquetadas em ambos os lados.<\/span><\/div>\n<div><\/div>\n<div><span style=\"font-family: Arial;\">Os rolos de transporte para importa\u00e7\u00e3o e exporta\u00e7\u00e3o s\u00e3o segmentados,<\/span><\/div>\n<div><span style=\"font-family: Arial;\">a velocidade da mesa de rolos inclinados e da alimenta\u00e7\u00e3o da bolsa<\/span><\/div>\n<div><span style=\"font-family: Arial;\">s\u00e3o regul\u00e1veis separadamente<\/span><\/div>\n","protected":false},"excerpt":{"rendered":"<p>Largura de entrada 650 mm O virador de folhas permite virar folhas planas com uma bolsa de dobragem no sentido da desloca\u00e7\u00e3o. Isto significa que as folhas podem ser impressas ou etiquetadas em ambos os lados. Os rolos de transporte para importa\u00e7\u00e3o e exporta\u00e7\u00e3o s\u00e3o segmentados, a velocidade da mesa de rolos inclinados e da [&hellip;]<\/p>\n","protected":false},"featured_media":78600,"template":"","meta":[],"product_brand":[],"product_cat":[2882],"product_tag":[],"class_list":{"0":"post-91291","1":"product","2":"type-product","3":"status-publish","4":"has-post-thumbnail","6":"product_cat-acessorios-para-maquinas-de-dobrar","7":"pa_hersteller-popp-maschinenbau","8":"pa_typ-mobile","10":"first","11":"instock","12":"taxable","13":"shipping-taxable","14":"product-type-simple"},"jetpack_sharing_enabled":true,"_links":{"self":[{"href":"https:\/\/www.3p-gmbh.de\/pt-br\/wp-json\/wp\/v2\/product\/91291","targetHints":{"allow":["GET"]}}],"collection":[{"href":"https:\/\/www.3p-gmbh.de\/pt-br\/wp-json\/wp\/v2\/product"}],"about":[{"href":"https:\/\/www.3p-gmbh.de\/pt-br\/wp-json\/wp\/v2\/types\/product"}],"wp:featuredmedia":[{"embeddable":true,"href":"https:\/\/www.3p-gmbh.de\/pt-br\/wp-json\/wp\/v2\/media\/78600"}],"wp:attachment":[{"href":"https:\/\/www.3p-gmbh.de\/pt-br\/wp-json\/wp\/v2\/media?parent=91291"}],"wp:term":[{"taxonomy":"product_brand","embeddable":true,"href":"https:\/\/www.3p-gmbh.de\/pt-br\/wp-json\/wp\/v2\/product_brand?post=91291"},{"taxonomy":"product_cat","embeddable":true,"href":"https:\/\/www.3p-gmbh.de\/pt-br\/wp-json\/wp\/v2\/product_cat?post=91291"},{"taxonomy":"product_tag","embeddable":true,"href":"https:\/\/www.3p-gmbh.de\/pt-br\/wp-json\/wp\/v2\/product_tag?post=91291"}],"curies":[{"name":"wp","href":"https:\/\/api.w.org\/{rel}","templated":true}]}}