{"id":91288,"date":"2021-01-11T12:01:28","date_gmt":"2021-01-11T12:01:28","guid":{"rendered":"https:\/\/www.3p-gmbh.de\/produkt\/forno-continuo-de-alivio-termico-euromag-ecamo-supermatic-25-luxe-dual-com-alimentador-reto-e-braco-extensivel\/"},"modified":"2021-01-11T12:01:28","modified_gmt":"2021-01-11T12:01:28","slug":"forno-continuo-termo-relevo-euromag-ecamo-supermatic-25-luxo-duplo-com-reta-em-um-e-disparador","status":"publish","type":"product","link":"https:\/\/www.3p-gmbh.de\/pt-br\/produkt\/forno-continuo-termo-relevo-euromag-ecamo-supermatic-25-luxo-duplo-com-reta-em-um-e-disparador\/","title":{"rendered":"Forno cont\u00ednuo de al\u00edvio t\u00e9rmico Euromag Ecamo Supermatic 25 luxe dual com alimentador reto e bra\u00e7o extens\u00edvel"},"content":{"rendered":"<div><span style=\"color: #0000ff; font-family: Arial;\">Tecnicamente, a impress\u00e3o em relevo (tamb\u00e9m conhecida como termografia) \u00e9 um processo posterior \u00e0 impress\u00e3o offset cl\u00e1ssica.<\/span><\/div>\n<div><span style=\"color: #0000ff; font-family: Arial;\">Para este efeito, ap\u00f3s o processo normal de impress\u00e3o, \u00e9 polvilhado um granulado fino de pl\u00e1stico sobre as camadas de tinta ainda frescas.<\/span><\/div>\n<div><span style=\"color: #0000ff; font-family: Arial;\">Este p\u00f3, que apenas adere \u00e0s superf\u00edcies impressas, funde-se no t\u00fanel de aquecimento para formar um revestimento transparente incolor,<\/span><\/div>\n<div><span style=\"color: #0000ff; font-family: Arial;\">o relevo t\u00e1til e em relevo nas superf\u00edcies coloridas do produto final.<\/span><\/div>\n<div><\/div>\n<div><span style=\"font-family: Arial;\">&#8211; Aplica\u00e7\u00e3o autom\u00e1tica de p\u00f3 em funcionamento cont\u00ednuo com velocidade ajust\u00e1vel<\/span><\/div>\n<div><span style=\"font-family: Arial;\">&#8211; Largura de entrada 250 mm<\/span><\/div>\n<div><span style=\"font-family: Arial;\">&#8211; Altura da entrada girat\u00f3ria<\/span><\/div>\n<div><\/div>\n<div><a href=\"https:\/\/www.3p-gmbh.de\/wp-content\/uploads\/2021\/01\/Prospekt-Supermatic.pdf\">Brochura Supermatic<\/a><\/div>\n","protected":false},"excerpt":{"rendered":"<p>Tecnicamente, a impress\u00e3o em relevo (tamb\u00e9m conhecida como termografia) \u00e9 um processo posterior \u00e0 impress\u00e3o offset cl\u00e1ssica. Para este efeito, ap\u00f3s o processo normal de impress\u00e3o, \u00e9 polvilhado um granulado fino de pl\u00e1stico sobre as camadas de tinta ainda frescas. Este p\u00f3, que apenas adere \u00e0s superf\u00edcies impressas, funde-se no t\u00fanel de aquecimento para formar [&hellip;]<\/p>\n","protected":false},"featured_media":78612,"template":"","meta":[],"product_brand":[],"product_cat":[3114],"product_tag":[],"class_list":{"0":"post-91288","1":"product","2":"type-product","3":"status-publish","4":"has-post-thumbnail","6":"product_cat-impressao-em-relevo","7":"pa_hersteller-ecamo-caslon-adana","8":"pa_typ-supermatic-25-luxe-dual","10":"first","11":"instock","12":"taxable","13":"shipping-taxable","14":"product-type-simple"},"jetpack_sharing_enabled":true,"_links":{"self":[{"href":"https:\/\/www.3p-gmbh.de\/pt-br\/wp-json\/wp\/v2\/product\/91288","targetHints":{"allow":["GET"]}}],"collection":[{"href":"https:\/\/www.3p-gmbh.de\/pt-br\/wp-json\/wp\/v2\/product"}],"about":[{"href":"https:\/\/www.3p-gmbh.de\/pt-br\/wp-json\/wp\/v2\/types\/product"}],"wp:featuredmedia":[{"embeddable":true,"href":"https:\/\/www.3p-gmbh.de\/pt-br\/wp-json\/wp\/v2\/media\/78612"}],"wp:attachment":[{"href":"https:\/\/www.3p-gmbh.de\/pt-br\/wp-json\/wp\/v2\/media?parent=91288"}],"wp:term":[{"taxonomy":"product_brand","embeddable":true,"href":"https:\/\/www.3p-gmbh.de\/pt-br\/wp-json\/wp\/v2\/product_brand?post=91288"},{"taxonomy":"product_cat","embeddable":true,"href":"https:\/\/www.3p-gmbh.de\/pt-br\/wp-json\/wp\/v2\/product_cat?post=91288"},{"taxonomy":"product_tag","embeddable":true,"href":"https:\/\/www.3p-gmbh.de\/pt-br\/wp-json\/wp\/v2\/product_tag?post=91288"}],"curies":[{"name":"wp","href":"https:\/\/api.w.org\/{rel}","templated":true}]}}