{"id":91266,"date":"2021-01-11T18:08:33","date_gmt":"2021-01-11T18:08:33","guid":{"rendered":"https:\/\/www.3p-gmbh.de\/produkt\/laminador-termico-foliant-400-gemini-totalmente-automatico\/"},"modified":"2021-01-11T18:08:33","modified_gmt":"2021-01-11T18:08:33","slug":"maquina-totalmente-automatica-foliant-400-gemini","status":"publish","type":"product","link":"https:\/\/www.3p-gmbh.de\/pt-br\/produkt\/maquina-totalmente-automatica-foliant-400-gemini\/","title":{"rendered":"Laminador t\u00e9rmico Foliant 400 Gemini &#8211; totalmente autom\u00e1tico"},"content":{"rendered":"<p><span style=\"color: #0000ff;\"><strong>Laminador t\u00e9rmico Foliant 400 Gemini &#8211; totalmente autom\u00e1tico<br \/>\nAno de fabrico 2005<br \/>\n<\/strong><\/span><br \/>\nCaracter\u00edsticas do produto:<br \/>\n* Poupa custos e tempo atrav\u00e9s da codifica\u00e7\u00e3o interna<br \/>\n* Para formatos at\u00e9 380 mm de largura de folha, tamb\u00e9m impress\u00f5es digitais xerox<br \/>\n* Alimentador totalmente autom\u00e1tico para longas tiragens<br \/>\n* 1000 folhas B3 laminadas j\u00e1 abaixo de aprox. 16,-\u20ac<br \/>\n* Temperatura e velocidade controladas pelo processador<\/p>\n<p>Dados t\u00e9cnicos:<br \/>\nAlimentar automaticamente<br \/>\nSepara\u00e7\u00e3o autom\u00e1tica<br \/>\nM\u00e1ximo. Produ\u00e7\u00e3o por hora aprox. 1800 B3<br \/>\nVelocidade 0-15 m\/min<br \/>\nEspessura do papel 115-350g<br \/>\nMin. Tamanho do papel 32&#215;25 cm<br \/>\nM\u00e1ximo. Tamanho do papel 38x58cm<br \/>\nTemperatura 80-140\u00b0C<br \/>\nFonte de alimenta\u00e7\u00e3o 220-240 V 1500 W<br \/>\nEspa\u00e7o necess\u00e1rio 74x 280 cm<\/p>\n","protected":false},"excerpt":{"rendered":"<p>Laminador t\u00e9rmico Foliant 400 Gemini &#8211; totalmente autom\u00e1tico Ano de fabrico 2005 Caracter\u00edsticas do produto: * Poupa custos e tempo atrav\u00e9s da codifica\u00e7\u00e3o interna * Para formatos at\u00e9 380 mm de largura de folha, tamb\u00e9m impress\u00f5es digitais xerox * Alimentador totalmente autom\u00e1tico para longas tiragens * 1000 folhas B3 laminadas j\u00e1 abaixo de aprox. 16,-\u20ac [&hellip;]<\/p>\n","protected":false},"featured_media":78885,"template":"","meta":[],"product_brand":[],"product_cat":[3093],"product_tag":[],"class_list":{"0":"post-91266","1":"product","2":"type-product","3":"status-publish","4":"has-post-thumbnail","6":"product_cat-maquinas-de-laminagem-pt-br","7":"pa_hersteller-foliant","8":"pa_typ-400-gemini","10":"first","11":"instock","12":"taxable","13":"shipping-taxable","14":"product-type-simple"},"jetpack_sharing_enabled":true,"_links":{"self":[{"href":"https:\/\/www.3p-gmbh.de\/pt-br\/wp-json\/wp\/v2\/product\/91266","targetHints":{"allow":["GET"]}}],"collection":[{"href":"https:\/\/www.3p-gmbh.de\/pt-br\/wp-json\/wp\/v2\/product"}],"about":[{"href":"https:\/\/www.3p-gmbh.de\/pt-br\/wp-json\/wp\/v2\/types\/product"}],"wp:featuredmedia":[{"embeddable":true,"href":"https:\/\/www.3p-gmbh.de\/pt-br\/wp-json\/wp\/v2\/media\/78885"}],"wp:attachment":[{"href":"https:\/\/www.3p-gmbh.de\/pt-br\/wp-json\/wp\/v2\/media?parent=91266"}],"wp:term":[{"taxonomy":"product_brand","embeddable":true,"href":"https:\/\/www.3p-gmbh.de\/pt-br\/wp-json\/wp\/v2\/product_brand?post=91266"},{"taxonomy":"product_cat","embeddable":true,"href":"https:\/\/www.3p-gmbh.de\/pt-br\/wp-json\/wp\/v2\/product_cat?post=91266"},{"taxonomy":"product_tag","embeddable":true,"href":"https:\/\/www.3p-gmbh.de\/pt-br\/wp-json\/wp\/v2\/product_tag?post=91266"}],"curies":[{"name":"wp","href":"https:\/\/api.w.org\/{rel}","templated":true}]}}