{"id":91256,"date":"2021-01-11T18:33:35","date_gmt":"2021-01-11T18:33:35","guid":{"rendered":"https:\/\/www.3p-gmbh.de\/produkt\/virador-de-pilhas-buschgraph-busch-se-90\/"},"modified":"2021-01-11T18:33:35","modified_gmt":"2021-01-11T18:33:35","slug":"pilha-turner-bush-graph-bush-se-90","status":"publish","type":"product","link":"https:\/\/www.3p-gmbh.de\/pt-br\/produkt\/pilha-turner-bush-graph-bush-se-90\/","title":{"rendered":"Virador de pilhas BuschGraph Busch SE 90"},"content":{"rendered":"<p><strong>Virador de pilhas BuschGraph Busch SE 90 apenas para virar (sem sistema de ventila\u00e7\u00e3o)<\/strong><br \/>\ncom painel de controlo fixo<\/p>\n<p>M\u00e1ximo. Tamanho da folha 600 x 750 mm<br \/>\nM\u00e1ximo. Altura de empilhamento 1200 mm<br \/>\nMin. Altura de empilhamento 290 mm<br \/>\nLargura da plataforma 900 mm<br \/>\nProfundidade da plataforma 620 mm<br \/>\nCapacidade de carga 500 kg<\/p>\n","protected":false},"excerpt":{"rendered":"<p>Virador de pilhas BuschGraph Busch SE 90 apenas para virar (sem sistema de ventila\u00e7\u00e3o) com painel de controlo fixo M\u00e1ximo. Tamanho da folha 600 x 750 mm M\u00e1ximo. Altura de empilhamento 1200 mm Min. Altura de empilhamento 290 mm Largura da plataforma 900 mm Profundidade da plataforma 620 mm Capacidade de carga 500 kg<\/p>\n","protected":false},"featured_media":78927,"template":"","meta":[],"product_brand":[],"product_cat":[2897],"product_tag":[],"class_list":{"0":"post-91256","1":"product","2":"type-product","3":"status-publish","4":"has-post-thumbnail","6":"product_cat-virador-de-estacas","7":"pa_hersteller-buschgraph","8":"pa_typ-se-90","10":"first","11":"instock","12":"taxable","13":"shipping-taxable","14":"product-type-simple"},"jetpack_sharing_enabled":true,"_links":{"self":[{"href":"https:\/\/www.3p-gmbh.de\/pt-br\/wp-json\/wp\/v2\/product\/91256","targetHints":{"allow":["GET"]}}],"collection":[{"href":"https:\/\/www.3p-gmbh.de\/pt-br\/wp-json\/wp\/v2\/product"}],"about":[{"href":"https:\/\/www.3p-gmbh.de\/pt-br\/wp-json\/wp\/v2\/types\/product"}],"wp:featuredmedia":[{"embeddable":true,"href":"https:\/\/www.3p-gmbh.de\/pt-br\/wp-json\/wp\/v2\/media\/78927"}],"wp:attachment":[{"href":"https:\/\/www.3p-gmbh.de\/pt-br\/wp-json\/wp\/v2\/media?parent=91256"}],"wp:term":[{"taxonomy":"product_brand","embeddable":true,"href":"https:\/\/www.3p-gmbh.de\/pt-br\/wp-json\/wp\/v2\/product_brand?post=91256"},{"taxonomy":"product_cat","embeddable":true,"href":"https:\/\/www.3p-gmbh.de\/pt-br\/wp-json\/wp\/v2\/product_cat?post=91256"},{"taxonomy":"product_tag","embeddable":true,"href":"https:\/\/www.3p-gmbh.de\/pt-br\/wp-json\/wp\/v2\/product_tag?post=91256"}],"curies":[{"name":"wp","href":"https:\/\/api.w.org\/{rel}","templated":true}]}}