{"id":91249,"date":"2021-01-11T18:21:42","date_gmt":"2021-01-11T18:21:42","guid":{"rendered":"https:\/\/www.3p-gmbh.de\/produkt\/entrega-de-pilha-plana-entrega-de-pre-dobra-akm-psa-60-pharma-com-prensa\/"},"modified":"2021-01-11T18:21:42","modified_gmt":"2021-01-11T18:21:42","slug":"pilha-plana-de-entrega-prefold-delivery-akm-psa-60-pharma-with-press","status":"publish","type":"product","link":"https:\/\/www.3p-gmbh.de\/pt-br\/produkt\/pilha-plana-de-entrega-prefold-delivery-akm-psa-60-pharma-with-press\/","title":{"rendered":"Entrega de pilha plana Entrega de pr\u00e9-dobra AKM PSA 60 Pharma com prensa"},"content":{"rendered":"<div><span style=\"color: #0000ff;\"><strong>entrega de pr\u00e9-dobrados m\u00f3veis entrega de pilhas planas AKM PSA 60 Pharma com prensa<\/strong><\/span><\/div>\n<div><span style=\"color: #0000ff;\"><strong>do ano. 2010<\/strong><\/span><\/div>\n<div>Formato do produto m\u00edn. 90 x 60 x 0,5 mm<\/div>\n<div>Formato do produto m\u00e1x. 300&#215;600 x 8,0mm<\/div>\n<div>Velocidade 32-180m\/min.<\/div>\n<div>2 pares de rolos de prensagem Press\u00e3o de prensagem 20000 N<\/div>\n<div>Balc\u00e3o<\/div>\n<div>Altura de importa\u00e7\u00e3o 650-950mm<\/div>\n<div>Necessidade de pot\u00eancia 1,2KW 230\/400V. 50\/60 Hz<\/div>\n<div>Dimens\u00f5es da m\u00e1quina C 1960 x L 1360 x A 1190mm<\/div>\n","protected":false},"excerpt":{"rendered":"<p>entrega de pr\u00e9-dobrados m\u00f3veis entrega de pilhas planas AKM PSA 60 Pharma com prensa do ano. 2010 Formato do produto m\u00edn. 90 x 60 x 0,5 mm Formato do produto m\u00e1x. 300&#215;600 x 8,0mm Velocidade 32-180m\/min. 2 pares de rolos de prensagem Press\u00e3o de prensagem 20000 N Balc\u00e3o Altura de importa\u00e7\u00e3o 650-950mm Necessidade de pot\u00eancia [&hellip;]<\/p>\n","protected":false},"featured_media":78909,"template":"","meta":[],"product_brand":[],"product_cat":[2919],"product_tag":[],"class_list":{"0":"post-91249","1":"product","2":"type-product","3":"status-publish","4":"has-post-thumbnail","6":"product_cat-despesas","7":"pa_hersteller-akm","8":"pa_typ-psa-60","10":"first","11":"instock","12":"taxable","13":"shipping-taxable","14":"product-type-simple"},"jetpack_sharing_enabled":true,"_links":{"self":[{"href":"https:\/\/www.3p-gmbh.de\/pt-br\/wp-json\/wp\/v2\/product\/91249","targetHints":{"allow":["GET"]}}],"collection":[{"href":"https:\/\/www.3p-gmbh.de\/pt-br\/wp-json\/wp\/v2\/product"}],"about":[{"href":"https:\/\/www.3p-gmbh.de\/pt-br\/wp-json\/wp\/v2\/types\/product"}],"wp:featuredmedia":[{"embeddable":true,"href":"https:\/\/www.3p-gmbh.de\/pt-br\/wp-json\/wp\/v2\/media\/78909"}],"wp:attachment":[{"href":"https:\/\/www.3p-gmbh.de\/pt-br\/wp-json\/wp\/v2\/media?parent=91249"}],"wp:term":[{"taxonomy":"product_brand","embeddable":true,"href":"https:\/\/www.3p-gmbh.de\/pt-br\/wp-json\/wp\/v2\/product_brand?post=91249"},{"taxonomy":"product_cat","embeddable":true,"href":"https:\/\/www.3p-gmbh.de\/pt-br\/wp-json\/wp\/v2\/product_cat?post=91249"},{"taxonomy":"product_tag","embeddable":true,"href":"https:\/\/www.3p-gmbh.de\/pt-br\/wp-json\/wp\/v2\/product_tag?post=91249"}],"curies":[{"name":"wp","href":"https:\/\/api.w.org\/{rel}","templated":true}]}}