{"id":91239,"date":"2022-12-29T23:26:04","date_gmt":"2022-12-29T23:26:04","guid":{"rendered":"https:\/\/www.3p-gmbh.de\/produkt\/1-tes-unidade-de-dobragem-stahlfolder-buh-66-6-parcialmente-automatizada\/"},"modified":"2022-12-29T23:26:04","modified_gmt":"2022-12-29T23:26:04","slug":"1-tes-dobravel-mill-steel-folder-buh-66-6-part-automated","status":"publish","type":"product","link":"https:\/\/www.3p-gmbh.de\/pt-br\/produkt\/1-tes-dobravel-mill-steel-folder-buh-66-6-part-automated\/","title":{"rendered":"1.tes unidade de dobragem Stahlfolder BUH 66-6 parcialmente automatizada"},"content":{"rendered":"<p><em>Raridade para readapta\u00e7\u00e3o e atualiza\u00e7\u00e3o de dobradoras ou unidades de dobragem Stahlfolder existentes<\/em><\/p>\n<p><strong>1.tes unidade de dobragem BUH 66-6 parcialmente automatizada<\/strong><br \/>\n<strong>a partir de 2006<\/strong><\/p>\n<p>&#8211; Eixos de corte a montante com cobertura de prote\u00e7\u00e3o (kit de convers\u00e3o adequado para unidades dobr\u00e1veis)<br \/>\n&#8211; Regula\u00e7\u00e3o motorizada do rolo de dobragem<br \/>\n&#8211; seis placas de fivela ajust\u00e1veis manualmente largura de alimenta\u00e7\u00e3o de 66 cm<br \/>\n&#8211; Eixos de corte duplos a jusante com kit de eleva\u00e7\u00e3o<\/p>\n","protected":false},"excerpt":{"rendered":"<p>Raridade para readapta\u00e7\u00e3o e atualiza\u00e7\u00e3o de dobradoras ou unidades de dobragem Stahlfolder existentes 1.tes unidade de dobragem BUH 66-6 parcialmente automatizada a partir de 2006 &#8211; Eixos de corte a montante com cobertura de prote\u00e7\u00e3o (kit de convers\u00e3o adequado para unidades dobr\u00e1veis) &#8211; Regula\u00e7\u00e3o motorizada do rolo de dobragem &#8211; seis placas de fivela ajust\u00e1veis [&hellip;]<\/p>\n","protected":false},"featured_media":84907,"template":"","meta":[],"product_brand":[],"product_cat":[2912],"product_tag":[],"class_list":{"0":"post-91239","1":"product","2":"type-product","3":"status-publish","4":"has-post-thumbnail","6":"product_cat-unidades-de-dobragem","7":"pa_hersteller-heidelberg-stahlfolder","8":"pa_typ-buh-66-6","10":"first","11":"instock","12":"taxable","13":"shipping-taxable","14":"product-type-simple"},"jetpack_sharing_enabled":true,"_links":{"self":[{"href":"https:\/\/www.3p-gmbh.de\/pt-br\/wp-json\/wp\/v2\/product\/91239","targetHints":{"allow":["GET"]}}],"collection":[{"href":"https:\/\/www.3p-gmbh.de\/pt-br\/wp-json\/wp\/v2\/product"}],"about":[{"href":"https:\/\/www.3p-gmbh.de\/pt-br\/wp-json\/wp\/v2\/types\/product"}],"wp:featuredmedia":[{"embeddable":true,"href":"https:\/\/www.3p-gmbh.de\/pt-br\/wp-json\/wp\/v2\/media\/84907"}],"wp:attachment":[{"href":"https:\/\/www.3p-gmbh.de\/pt-br\/wp-json\/wp\/v2\/media?parent=91239"}],"wp:term":[{"taxonomy":"product_brand","embeddable":true,"href":"https:\/\/www.3p-gmbh.de\/pt-br\/wp-json\/wp\/v2\/product_brand?post=91239"},{"taxonomy":"product_cat","embeddable":true,"href":"https:\/\/www.3p-gmbh.de\/pt-br\/wp-json\/wp\/v2\/product_cat?post=91239"},{"taxonomy":"product_tag","embeddable":true,"href":"https:\/\/www.3p-gmbh.de\/pt-br\/wp-json\/wp\/v2\/product_tag?post=91239"}],"curies":[{"name":"wp","href":"https:\/\/api.w.org\/{rel}","templated":true}]}}