{"id":91233,"date":"2022-12-29T23:19:18","date_gmt":"2022-12-29T23:19:18","guid":{"rendered":"https:\/\/www.3p-gmbh.de\/produkt\/maquina-de-acionamento-sumbel-regent-650\/"},"modified":"2022-12-29T23:19:18","modified_gmt":"2022-12-29T23:19:18","slug":"maquina-de-conducao-sumbel-regent-650","status":"publish","type":"product","link":"https:\/\/www.3p-gmbh.de\/pt-br\/produkt\/maquina-de-conducao-sumbel-regent-650\/","title":{"rendered":"M\u00e1quina de acionamento Sumbel REGENT 650"},"content":{"rendered":"<p><strong>M\u00e1quina de acionamento Sumbel REGENT 650<\/strong><br \/>\npara todos os trabalhos de revestimento e lamina\u00e7\u00e3o.<br \/>\nPara uma prensagem r\u00e1pida, limpa e uniforme de capas de livros, pastas, cartazes, expositores, etc.<br \/>\nAcionamento do motor 230 V. 50 Hz., com velocidade infinitamente vari\u00e1vel,<br \/>\nAjuste de espessuras de material de 0-30 mm com ajuste fino adicional da press\u00e3o de contacto.<br \/>\nLargura do rolo 650 mm<\/p>\n","protected":false},"excerpt":{"rendered":"<p>M\u00e1quina de acionamento Sumbel REGENT 650 para todos os trabalhos de revestimento e lamina\u00e7\u00e3o. Para uma prensagem r\u00e1pida, limpa e uniforme de capas de livros, pastas, cartazes, expositores, etc. Acionamento do motor 230 V. 50 Hz., com velocidade infinitamente vari\u00e1vel, Ajuste de espessuras de material de 0-30 mm com ajuste fino adicional da press\u00e3o de [&hellip;]<\/p>\n","protected":false},"featured_media":84901,"template":"","meta":[],"product_brand":[],"product_cat":[2892],"product_tag":[],"class_list":{"0":"post-91233","1":"product","2":"type-product","3":"status-publish","4":"has-post-thumbnail","6":"product_cat-encadernacao-de-sortido","7":"pa_hersteller-sumbel","8":"pa_typ-regent-650","10":"first","11":"instock","12":"taxable","13":"shipping-taxable","14":"product-type-simple"},"jetpack_sharing_enabled":true,"_links":{"self":[{"href":"https:\/\/www.3p-gmbh.de\/pt-br\/wp-json\/wp\/v2\/product\/91233","targetHints":{"allow":["GET"]}}],"collection":[{"href":"https:\/\/www.3p-gmbh.de\/pt-br\/wp-json\/wp\/v2\/product"}],"about":[{"href":"https:\/\/www.3p-gmbh.de\/pt-br\/wp-json\/wp\/v2\/types\/product"}],"wp:featuredmedia":[{"embeddable":true,"href":"https:\/\/www.3p-gmbh.de\/pt-br\/wp-json\/wp\/v2\/media\/84901"}],"wp:attachment":[{"href":"https:\/\/www.3p-gmbh.de\/pt-br\/wp-json\/wp\/v2\/media?parent=91233"}],"wp:term":[{"taxonomy":"product_brand","embeddable":true,"href":"https:\/\/www.3p-gmbh.de\/pt-br\/wp-json\/wp\/v2\/product_brand?post=91233"},{"taxonomy":"product_cat","embeddable":true,"href":"https:\/\/www.3p-gmbh.de\/pt-br\/wp-json\/wp\/v2\/product_cat?post=91233"},{"taxonomy":"product_tag","embeddable":true,"href":"https:\/\/www.3p-gmbh.de\/pt-br\/wp-json\/wp\/v2\/product_tag?post=91233"}],"curies":[{"name":"wp","href":"https:\/\/api.w.org\/{rel}","templated":true}]}}