{"id":91230,"date":"2022-12-29T23:16:33","date_gmt":"2022-12-29T23:16:33","guid":{"rendered":"https:\/\/www.3p-gmbh.de\/produkt\/manroland-pressmanager-smart-option-versao-3\/"},"modified":"2022-12-29T23:16:33","modified_gmt":"2022-12-29T23:16:33","slug":"manroland-press-manager-smart-option-version-3","status":"publish","type":"product","link":"https:\/\/www.3p-gmbh.de\/pt-br\/produkt\/manroland-press-manager-smart-option-version-3\/","title":{"rendered":"ManRoland PressManager Smart + Option Vers\u00e3o 3"},"content":{"rendered":"<p><strong>ManRoland PressManager Smart + Option Vers\u00e3o 3<br \/>\n<\/strong>pr\u00e9-instalado no PC com Windows<br \/>\ncom ManRoland JobCard Drive (com v\u00e1rios suportes de cart\u00f5es)<\/p>\n<p>Mais informa\u00e7\u00f5es sh. PDF<\/p>\n<p><a href=\"https:\/\/www.3p-gmbh.de\/wp-content\/uploads\/2022\/12\/PM-Smart-Admin-english.pdf\">PM Smart Admin Ingl\u00eas<\/a><\/p>\n","protected":false},"excerpt":{"rendered":"<p>ManRoland PressManager Smart + Option Vers\u00e3o 3 pr\u00e9-instalado no PC com Windows com ManRoland JobCard Drive (com v\u00e1rios suportes de cart\u00f5es) Mais informa\u00e7\u00f5es sh. PDF PM Smart Admin Ingl\u00eas<\/p>\n","protected":false},"featured_media":84886,"template":"","meta":[],"product_brand":[],"product_cat":[3007],"product_tag":[],"class_list":{"0":"post-91230","1":"product","2":"type-product","3":"status-publish","4":"has-post-thumbnail","6":"product_cat-software-de-pre-impressao","7":"pa_hersteller-man-roland","9":"first","10":"instock","11":"taxable","12":"shipping-taxable","13":"product-type-simple"},"jetpack_sharing_enabled":true,"_links":{"self":[{"href":"https:\/\/www.3p-gmbh.de\/pt-br\/wp-json\/wp\/v2\/product\/91230","targetHints":{"allow":["GET"]}}],"collection":[{"href":"https:\/\/www.3p-gmbh.de\/pt-br\/wp-json\/wp\/v2\/product"}],"about":[{"href":"https:\/\/www.3p-gmbh.de\/pt-br\/wp-json\/wp\/v2\/types\/product"}],"wp:featuredmedia":[{"embeddable":true,"href":"https:\/\/www.3p-gmbh.de\/pt-br\/wp-json\/wp\/v2\/media\/84886"}],"wp:attachment":[{"href":"https:\/\/www.3p-gmbh.de\/pt-br\/wp-json\/wp\/v2\/media?parent=91230"}],"wp:term":[{"taxonomy":"product_brand","embeddable":true,"href":"https:\/\/www.3p-gmbh.de\/pt-br\/wp-json\/wp\/v2\/product_brand?post=91230"},{"taxonomy":"product_cat","embeddable":true,"href":"https:\/\/www.3p-gmbh.de\/pt-br\/wp-json\/wp\/v2\/product_cat?post=91230"},{"taxonomy":"product_tag","embeddable":true,"href":"https:\/\/www.3p-gmbh.de\/pt-br\/wp-json\/wp\/v2\/product_tag?post=91230"}],"curies":[{"name":"wp","href":"https:\/\/api.w.org\/{rel}","templated":true}]}}