{"id":91218,"date":"2022-12-29T23:38:46","date_gmt":"2022-12-29T23:38:46","guid":{"rendered":"https:\/\/www.3p-gmbh.de\/produkt\/maquina-de-acionamento-sumbel-regent-500\/"},"modified":"2022-12-29T23:38:46","modified_gmt":"2022-12-29T23:38:46","slug":"maquina-de-conducao-sumbel-regent-500","status":"publish","type":"product","link":"https:\/\/www.3p-gmbh.de\/pt-br\/produkt\/maquina-de-conducao-sumbel-regent-500\/","title":{"rendered":"M\u00e1quina de acionamento Sumbel REGENT 500"},"content":{"rendered":"<p><strong>M\u00e1quina de acionamento Sumbel REGENT 500<\/strong><\/p>\n<p>para todos os trabalhos de revestimento e lamina\u00e7\u00e3o.<br \/>\nPara uma prensagem r\u00e1pida, limpa e uniforme de capas de livros, pastas, cartazes, expositores, etc.<br \/>\nAcionamento do motor 230 V. 50 Hz., com velocidade infinitamente vari\u00e1vel,<br \/>\nAjuste de espessuras de material de 0-30 mm com ajuste fino adicional da press\u00e3o de contacto.<br \/>\nLargura do rolo 500 mm<\/p>\n","protected":false},"excerpt":{"rendered":"<p>M\u00e1quina de acionamento Sumbel REGENT 500 para todos os trabalhos de revestimento e lamina\u00e7\u00e3o. Para uma prensagem r\u00e1pida, limpa e uniforme de capas de livros, pastas, cartazes, expositores, etc. Acionamento do motor 230 V. 50 Hz., com velocidade infinitamente vari\u00e1vel, Ajuste de espessuras de material de 0-30 mm com ajuste fino adicional da press\u00e3o de [&hellip;]<\/p>\n","protected":false},"featured_media":84934,"template":"","meta":[],"product_brand":[],"product_cat":[2892],"product_tag":[],"class_list":{"0":"post-91218","1":"product","2":"type-product","3":"status-publish","4":"has-post-thumbnail","6":"product_cat-encadernacao-de-sortido","7":"pa_hersteller-sumbel","8":"pa_typ-regent-500","10":"first","11":"instock","12":"taxable","13":"shipping-taxable","14":"product-type-simple"},"jetpack_sharing_enabled":true,"_links":{"self":[{"href":"https:\/\/www.3p-gmbh.de\/pt-br\/wp-json\/wp\/v2\/product\/91218","targetHints":{"allow":["GET"]}}],"collection":[{"href":"https:\/\/www.3p-gmbh.de\/pt-br\/wp-json\/wp\/v2\/product"}],"about":[{"href":"https:\/\/www.3p-gmbh.de\/pt-br\/wp-json\/wp\/v2\/types\/product"}],"wp:featuredmedia":[{"embeddable":true,"href":"https:\/\/www.3p-gmbh.de\/pt-br\/wp-json\/wp\/v2\/media\/84934"}],"wp:attachment":[{"href":"https:\/\/www.3p-gmbh.de\/pt-br\/wp-json\/wp\/v2\/media?parent=91218"}],"wp:term":[{"taxonomy":"product_brand","embeddable":true,"href":"https:\/\/www.3p-gmbh.de\/pt-br\/wp-json\/wp\/v2\/product_brand?post=91218"},{"taxonomy":"product_cat","embeddable":true,"href":"https:\/\/www.3p-gmbh.de\/pt-br\/wp-json\/wp\/v2\/product_cat?post=91218"},{"taxonomy":"product_tag","embeddable":true,"href":"https:\/\/www.3p-gmbh.de\/pt-br\/wp-json\/wp\/v2\/product_tag?post=91218"}],"curies":[{"name":"wp","href":"https:\/\/api.w.org\/{rel}","templated":true}]}}