{"id":91215,"date":"2021-01-28T14:14:34","date_gmt":"2021-01-28T14:14:34","guid":{"rendered":"https:\/\/www.3p-gmbh.de\/produkt\/cabeca-de-cola-fria-hhs-peca-27000052\/"},"modified":"2021-01-28T14:14:34","modified_gmt":"2021-01-28T14:14:34","slug":"hhs-kaltleimkopf-part-27000052","status":"publish","type":"product","link":"https:\/\/www.3p-gmbh.de\/pt-br\/produkt\/hhs-kaltleimkopf-part-27000052\/","title":{"rendered":"Cabe\u00e7a de cola fria HHS Pe\u00e7a. 27000052"},"content":{"rendered":"<p>Cabe\u00e7a de cola fria HHS Pe\u00e7a. 27000052<\/p>\n","protected":false},"excerpt":{"rendered":"<p>Cabe\u00e7a de cola fria HHS Pe\u00e7a. 27000052<\/p>\n","protected":false},"featured_media":79062,"template":"","meta":[],"product_brand":[],"product_cat":[2892,2868],"product_tag":[],"class_list":{"0":"post-91215","1":"product","2":"type-product","3":"status-publish","4":"has-post-thumbnail","6":"product_cat-encadernacao-de-sortido","7":"product_cat-outras-transformacoes-posteriores","8":"pa_hersteller-hhs","10":"first","11":"instock","12":"taxable","13":"shipping-taxable","14":"product-type-simple"},"jetpack_sharing_enabled":true,"_links":{"self":[{"href":"https:\/\/www.3p-gmbh.de\/pt-br\/wp-json\/wp\/v2\/product\/91215","targetHints":{"allow":["GET"]}}],"collection":[{"href":"https:\/\/www.3p-gmbh.de\/pt-br\/wp-json\/wp\/v2\/product"}],"about":[{"href":"https:\/\/www.3p-gmbh.de\/pt-br\/wp-json\/wp\/v2\/types\/product"}],"wp:featuredmedia":[{"embeddable":true,"href":"https:\/\/www.3p-gmbh.de\/pt-br\/wp-json\/wp\/v2\/media\/79062"}],"wp:attachment":[{"href":"https:\/\/www.3p-gmbh.de\/pt-br\/wp-json\/wp\/v2\/media?parent=91215"}],"wp:term":[{"taxonomy":"product_brand","embeddable":true,"href":"https:\/\/www.3p-gmbh.de\/pt-br\/wp-json\/wp\/v2\/product_brand?post=91215"},{"taxonomy":"product_cat","embeddable":true,"href":"https:\/\/www.3p-gmbh.de\/pt-br\/wp-json\/wp\/v2\/product_cat?post=91215"},{"taxonomy":"product_tag","embeddable":true,"href":"https:\/\/www.3p-gmbh.de\/pt-br\/wp-json\/wp\/v2\/product_tag?post=91215"}],"curies":[{"name":"wp","href":"https:\/\/api.w.org\/{rel}","templated":true}]}}