{"id":91208,"date":"2021-05-09T13:54:36","date_gmt":"2021-05-09T13:54:36","guid":{"rendered":"https:\/\/www.3p-gmbh.de\/produkt\/transportador-de-chips-gerhard-busch-kf-110\/"},"modified":"2021-05-09T13:54:36","modified_gmt":"2021-05-09T13:54:36","slug":"spaeneband-gerhard-busch-kf-110","status":"publish","type":"product","link":"https:\/\/www.3p-gmbh.de\/pt-br\/produkt\/spaeneband-gerhard-busch-kf-110\/","title":{"rendered":"Transportador de chips Gerhard Busch KF 110"},"content":{"rendered":"<div>\n<p><strong>Transportador de chips Gerhard Busch KF 110<\/strong><\/p>\n<p>&nbsp;<\/p>\n<\/div>\n<div><span style=\"color: #000000;\">Dependendo do espa\u00e7o dispon\u00edvel, o tapete transportador pode ser posicionado para transportar para a esquerda ou para a direita, ou mesmo diretamente para fora da m\u00e1quina.<\/span><\/div>\n<div><span style=\"color: #000000;\">Cabe\u00e7a de sa\u00edda mm 1100<br \/>\nComprimento a granel mm 600<br \/>\nVelocidade de transporte a 50 Hz m\/s<\/span><\/div>\n","protected":false},"excerpt":{"rendered":"<p>Transportador de chips Gerhard Busch KF 110 &nbsp; Dependendo do espa\u00e7o dispon\u00edvel, o tapete transportador pode ser posicionado para transportar para a esquerda ou para a direita, ou mesmo diretamente para fora da m\u00e1quina. Cabe\u00e7a de sa\u00edda mm 1100 Comprimento a granel mm 600 Velocidade de transporte a 50 Hz m\/s<\/p>\n","protected":false},"featured_media":82569,"template":"","meta":[],"product_brand":[],"product_cat":[3041],"product_tag":[],"class_list":{"0":"post-91208","1":"product","2":"type-product","3":"status-publish","4":"has-post-thumbnail","6":"product_cat-tecnologia-de-transporte","7":"pa_hersteller-busch","8":"pa_typ-kf-110","10":"first","11":"instock","12":"taxable","13":"shipping-taxable","14":"product-type-simple"},"jetpack_sharing_enabled":true,"_links":{"self":[{"href":"https:\/\/www.3p-gmbh.de\/pt-br\/wp-json\/wp\/v2\/product\/91208","targetHints":{"allow":["GET"]}}],"collection":[{"href":"https:\/\/www.3p-gmbh.de\/pt-br\/wp-json\/wp\/v2\/product"}],"about":[{"href":"https:\/\/www.3p-gmbh.de\/pt-br\/wp-json\/wp\/v2\/types\/product"}],"wp:featuredmedia":[{"embeddable":true,"href":"https:\/\/www.3p-gmbh.de\/pt-br\/wp-json\/wp\/v2\/media\/82569"}],"wp:attachment":[{"href":"https:\/\/www.3p-gmbh.de\/pt-br\/wp-json\/wp\/v2\/media?parent=91208"}],"wp:term":[{"taxonomy":"product_brand","embeddable":true,"href":"https:\/\/www.3p-gmbh.de\/pt-br\/wp-json\/wp\/v2\/product_brand?post=91208"},{"taxonomy":"product_cat","embeddable":true,"href":"https:\/\/www.3p-gmbh.de\/pt-br\/wp-json\/wp\/v2\/product_cat?post=91208"},{"taxonomy":"product_tag","embeddable":true,"href":"https:\/\/www.3p-gmbh.de\/pt-br\/wp-json\/wp\/v2\/product_tag?post=91208"}],"curies":[{"name":"wp","href":"https:\/\/api.w.org\/{rel}","templated":true}]}}