{"id":91200,"date":"2021-05-09T14:00:37","date_gmt":"2021-05-09T14:00:37","guid":{"rendered":"https:\/\/www.3p-gmbh.de\/produkt\/estacao-movel-de-abertura-por-vacuo-herzog-heymann-com-servo-acionamento-e-gerador-de-vacuo-becker-dsk-4-40\/"},"modified":"2021-05-09T14:00:37","modified_gmt":"2021-05-09T14:00:37","slug":"herzog-heymann-estacao-movel-de-vacuo-effner-com-servo-drive-e-becker-dsk-4-40-gerador-de-vacuo","status":"publish","type":"product","link":"https:\/\/www.3p-gmbh.de\/pt-br\/produkt\/herzog-heymann-estacao-movel-de-vacuo-effner-com-servo-drive-e-becker-dsk-4-40-gerador-de-vacuo\/","title":{"rendered":"Esta\u00e7\u00e3o m\u00f3vel de abertura por v\u00e1cuo Herzog &amp; Heymann com servo acionamento e gerador de v\u00e1cuo Becker DSK 4.40"},"content":{"rendered":"<div><strong>Esta\u00e7\u00e3o m\u00f3vel de abertura por v\u00e1cuo Herzog &amp; Heymann com servo acionamento e gerador de v\u00e1cuo Becker DSK 4.40<\/strong><\/div>\n<div><strong>a partir de 2003<\/strong><\/div>\n","protected":false},"excerpt":{"rendered":"<p>Esta\u00e7\u00e3o m\u00f3vel de abertura por v\u00e1cuo Herzog &amp; Heymann com servo acionamento e gerador de v\u00e1cuo Becker DSK 4.40 a partir de 2003<\/p>\n","protected":false},"featured_media":82905,"template":"","meta":[],"product_brand":[],"product_cat":[3062],"product_tag":[],"class_list":{"0":"post-91200","1":"product","2":"type-product","3":"status-publish","4":"has-post-thumbnail","6":"product_cat-sistemas-de-correio","7":"pa_hersteller-herzog-heymann","9":"first","10":"instock","11":"taxable","12":"shipping-taxable","13":"product-type-simple"},"jetpack_sharing_enabled":true,"_links":{"self":[{"href":"https:\/\/www.3p-gmbh.de\/pt-br\/wp-json\/wp\/v2\/product\/91200","targetHints":{"allow":["GET"]}}],"collection":[{"href":"https:\/\/www.3p-gmbh.de\/pt-br\/wp-json\/wp\/v2\/product"}],"about":[{"href":"https:\/\/www.3p-gmbh.de\/pt-br\/wp-json\/wp\/v2\/types\/product"}],"wp:featuredmedia":[{"embeddable":true,"href":"https:\/\/www.3p-gmbh.de\/pt-br\/wp-json\/wp\/v2\/media\/82905"}],"wp:attachment":[{"href":"https:\/\/www.3p-gmbh.de\/pt-br\/wp-json\/wp\/v2\/media?parent=91200"}],"wp:term":[{"taxonomy":"product_brand","embeddable":true,"href":"https:\/\/www.3p-gmbh.de\/pt-br\/wp-json\/wp\/v2\/product_brand?post=91200"},{"taxonomy":"product_cat","embeddable":true,"href":"https:\/\/www.3p-gmbh.de\/pt-br\/wp-json\/wp\/v2\/product_cat?post=91200"},{"taxonomy":"product_tag","embeddable":true,"href":"https:\/\/www.3p-gmbh.de\/pt-br\/wp-json\/wp\/v2\/product_tag?post=91200"}],"curies":[{"name":"wp","href":"https:\/\/api.w.org\/{rel}","templated":true}]}}