{"id":91194,"date":"2021-05-09T13:57:20","date_gmt":"2021-05-09T13:57:20","guid":{"rendered":"https:\/\/www.3p-gmbh.de\/produkt\/parafuso-de-corte-parafuso-de-protecao-contra-sobrecarga-parafuso-de-insercao-para-cadinhos-originais-heidelberg-modelos-oht-oht-p-gt-gts-gtp\/"},"modified":"2021-05-09T13:57:20","modified_gmt":"2021-05-09T13:57:20","slug":"protecao-contra-sobrecarga-dos-parafusos-de-cisalhamento-para-os-modelos-originais-da-heidelberger-crucible-oht-oht-p-gt-gts-gtp","status":"publish","type":"product","link":"https:\/\/www.3p-gmbh.de\/pt-br\/produkt\/protecao-contra-sobrecarga-dos-parafusos-de-cisalhamento-para-os-modelos-originais-da-heidelberger-crucible-oht-oht-p-gt-gts-gtp\/","title":{"rendered":"Parafuso de corte Parafuso de prote\u00e7\u00e3o contra sobrecarga Parafuso de inser\u00e7\u00e3o para cadinhos originais Heidelberg modelos OHT , OHT-p , GT , GTS , GTP"},"content":{"rendered":"<p><strong>Parafuso de corte Parafuso de prote\u00e7\u00e3o contra sobrecarga Parafuso de inser\u00e7\u00e3o para cadinhos originais Heidelberg modelos OHT , OHT-p , GT , GTS , GTP<\/strong><\/p>\n<p>Parafuso para Heidelberg OHT e GT<\/p>\n","protected":false},"excerpt":{"rendered":"<p>Parafuso de corte Parafuso de prote\u00e7\u00e3o contra sobrecarga Parafuso de inser\u00e7\u00e3o para cadinhos originais Heidelberg modelos OHT , OHT-p , GT , GTS , GTP Parafuso para Heidelberg OHT e GT<\/p>\n","protected":false},"featured_media":80615,"template":"","meta":[],"product_brand":[],"product_cat":[2883],"product_tag":[],"class_list":{"0":"post-91194","1":"product","2":"type-product","3":"status-publish","4":"has-post-thumbnail","6":"product_cat-impressao-tipografica","8":"first","9":"instock","10":"taxable","11":"shipping-taxable","12":"product-type-simple"},"jetpack_sharing_enabled":true,"_links":{"self":[{"href":"https:\/\/www.3p-gmbh.de\/pt-br\/wp-json\/wp\/v2\/product\/91194","targetHints":{"allow":["GET"]}}],"collection":[{"href":"https:\/\/www.3p-gmbh.de\/pt-br\/wp-json\/wp\/v2\/product"}],"about":[{"href":"https:\/\/www.3p-gmbh.de\/pt-br\/wp-json\/wp\/v2\/types\/product"}],"wp:featuredmedia":[{"embeddable":true,"href":"https:\/\/www.3p-gmbh.de\/pt-br\/wp-json\/wp\/v2\/media\/80615"}],"wp:attachment":[{"href":"https:\/\/www.3p-gmbh.de\/pt-br\/wp-json\/wp\/v2\/media?parent=91194"}],"wp:term":[{"taxonomy":"product_brand","embeddable":true,"href":"https:\/\/www.3p-gmbh.de\/pt-br\/wp-json\/wp\/v2\/product_brand?post=91194"},{"taxonomy":"product_cat","embeddable":true,"href":"https:\/\/www.3p-gmbh.de\/pt-br\/wp-json\/wp\/v2\/product_cat?post=91194"},{"taxonomy":"product_tag","embeddable":true,"href":"https:\/\/www.3p-gmbh.de\/pt-br\/wp-json\/wp\/v2\/product_tag?post=91194"}],"curies":[{"name":"wp","href":"https:\/\/api.w.org\/{rel}","templated":true}]}}