{"id":91175,"date":"2021-05-29T10:34:20","date_gmt":"2021-05-29T10:34:20","guid":{"rendered":"https:\/\/www.3p-gmbh.de\/produkt\/barras-de-succao-para-heidelberg-tiegel-modelos-gt-gts-e-gtp\/"},"modified":"2021-05-29T10:34:20","modified_gmt":"2021-05-29T10:34:20","slug":"hastes-de-aspiracao-para-modelos-de-cadinhos-de-heidelberg-gt-gts-e-gtp","status":"publish","type":"product","link":"https:\/\/www.3p-gmbh.de\/pt-br\/produkt\/hastes-de-aspiracao-para-modelos-de-cadinhos-de-heidelberg-gt-gts-e-gtp\/","title":{"rendered":"Barras de suc\u00e7\u00e3o para Heidelberg Tiegel modelos GT GTS e GTP"},"content":{"rendered":"<p><strong>Barras de suc\u00e7\u00e3o para gramagens pesadas para Heidelberg Tiegel modelos GT GTS e GTP<\/strong><\/p>\n<div>para prensas de placas Heidelberg originais<\/div>\n<div>OHT Heidelberg GT A3 &#8211; M\u00e1quina autom\u00e1tica para cadinhos Hastes de aspira\u00e7\u00e3o especiais<\/div>\n<div>para gramagens elevadas<\/div>\n","protected":false},"excerpt":{"rendered":"<p>Barras de suc\u00e7\u00e3o para gramagens pesadas para Heidelberg Tiegel modelos GT GTS e GTP para prensas de placas Heidelberg originais OHT Heidelberg GT A3 &#8211; M\u00e1quina autom\u00e1tica para cadinhos Hastes de aspira\u00e7\u00e3o especiais para gramagens elevadas<\/p>\n","protected":false},"featured_media":80851,"template":"","meta":[],"product_brand":[],"product_cat":[2883],"product_tag":[],"class_list":{"0":"post-91175","1":"product","2":"type-product","3":"status-publish","4":"has-post-thumbnail","6":"product_cat-impressao-tipografica","8":"first","9":"instock","10":"taxable","11":"shipping-taxable","12":"product-type-simple"},"jetpack_sharing_enabled":true,"_links":{"self":[{"href":"https:\/\/www.3p-gmbh.de\/pt-br\/wp-json\/wp\/v2\/product\/91175","targetHints":{"allow":["GET"]}}],"collection":[{"href":"https:\/\/www.3p-gmbh.de\/pt-br\/wp-json\/wp\/v2\/product"}],"about":[{"href":"https:\/\/www.3p-gmbh.de\/pt-br\/wp-json\/wp\/v2\/types\/product"}],"wp:featuredmedia":[{"embeddable":true,"href":"https:\/\/www.3p-gmbh.de\/pt-br\/wp-json\/wp\/v2\/media\/80851"}],"wp:attachment":[{"href":"https:\/\/www.3p-gmbh.de\/pt-br\/wp-json\/wp\/v2\/media?parent=91175"}],"wp:term":[{"taxonomy":"product_brand","embeddable":true,"href":"https:\/\/www.3p-gmbh.de\/pt-br\/wp-json\/wp\/v2\/product_brand?post=91175"},{"taxonomy":"product_cat","embeddable":true,"href":"https:\/\/www.3p-gmbh.de\/pt-br\/wp-json\/wp\/v2\/product_cat?post=91175"},{"taxonomy":"product_tag","embeddable":true,"href":"https:\/\/www.3p-gmbh.de\/pt-br\/wp-json\/wp\/v2\/product_tag?post=91175"}],"curies":[{"name":"wp","href":"https:\/\/api.w.org\/{rel}","templated":true}]}}