{"id":91163,"date":"2021-05-29T10:45:13","date_gmt":"2021-05-29T10:45:13","guid":{"rendered":"https:\/\/www.3p-gmbh.de\/produkt\/chapas-de-subembalagem-para-impressoras-monocromaticas\/"},"modified":"2021-05-29T10:45:13","modified_gmt":"2021-05-29T10:45:13","slug":"placas-de-subembalagem-para-maquinas-de-impressao-a-uma-cor","status":"publish","type":"product","link":"https:\/\/www.3p-gmbh.de\/pt-br\/produkt\/placas-de-subembalagem-para-maquinas-de-impressao-a-uma-cor\/","title":{"rendered":"Chapas de subembalagem para impressoras monocrom\u00e1ticas"},"content":{"rendered":"<div><strong>v\u00e1rias placas de subembalagem para m\u00e1quina de impress\u00e3o offset de uma cor<\/strong><\/div>\n<div><\/div>\n<div>GTO 46 , GTO 52 , Edelmann Practica<\/div>\n","protected":false},"excerpt":{"rendered":"<p>v\u00e1rias placas de subembalagem para m\u00e1quina de impress\u00e3o offset de uma cor GTO 46 , GTO 52 , Edelmann Practica<\/p>\n","protected":false},"featured_media":80872,"template":"","meta":[],"product_brand":[],"product_cat":[2898],"product_tag":[],"class_list":{"0":"post-91163","1":"product","2":"type-product","3":"status-publish","4":"has-post-thumbnail","6":"product_cat-acessorios-e-pecas-sobressalentes-para-prensas","8":"first","9":"instock","10":"taxable","11":"shipping-taxable","12":"product-type-simple"},"jetpack_sharing_enabled":true,"_links":{"self":[{"href":"https:\/\/www.3p-gmbh.de\/pt-br\/wp-json\/wp\/v2\/product\/91163","targetHints":{"allow":["GET"]}}],"collection":[{"href":"https:\/\/www.3p-gmbh.de\/pt-br\/wp-json\/wp\/v2\/product"}],"about":[{"href":"https:\/\/www.3p-gmbh.de\/pt-br\/wp-json\/wp\/v2\/types\/product"}],"wp:featuredmedia":[{"embeddable":true,"href":"https:\/\/www.3p-gmbh.de\/pt-br\/wp-json\/wp\/v2\/media\/80872"}],"wp:attachment":[{"href":"https:\/\/www.3p-gmbh.de\/pt-br\/wp-json\/wp\/v2\/media?parent=91163"}],"wp:term":[{"taxonomy":"product_brand","embeddable":true,"href":"https:\/\/www.3p-gmbh.de\/pt-br\/wp-json\/wp\/v2\/product_brand?post=91163"},{"taxonomy":"product_cat","embeddable":true,"href":"https:\/\/www.3p-gmbh.de\/pt-br\/wp-json\/wp\/v2\/product_cat?post=91163"},{"taxonomy":"product_tag","embeddable":true,"href":"https:\/\/www.3p-gmbh.de\/pt-br\/wp-json\/wp\/v2\/product_tag?post=91163"}],"curies":[{"name":"wp","href":"https:\/\/api.w.org\/{rel}","templated":true}]}}