{"id":91152,"date":"2021-05-29T11:07:53","date_gmt":"2021-05-29T11:07:53","guid":{"rendered":"https:\/\/www.3p-gmbh.de\/produkt\/maquinas-de-dobragem-heidelberg-stahlfolder-modulo-de-acoplamento-dct-mct-dct\/"},"modified":"2021-05-29T11:07:53","modified_gmt":"2021-05-29T11:07:53","slug":"heidelberg-steel-folder-folding-machine-coupling-module-dct-mct-dct","status":"publish","type":"product","link":"https:\/\/www.3p-gmbh.de\/pt-br\/produkt\/heidelberg-steel-folder-folding-machine-coupling-module-dct-mct-dct\/","title":{"rendered":"M\u00e1quinas de dobragem Heidelberg Stahlfolder M\u00f3dulo de acoplamento DCT-MCT-DCT"},"content":{"rendered":"<p><strong>M\u00e1quinas de dobragem Heidelberg Stahlfolder M\u00f3dulo de acoplamento DCT-MCT-DCT<\/strong><\/p>\n","protected":false},"excerpt":{"rendered":"<p>M\u00e1quinas de dobragem Heidelberg Stahlfolder M\u00f3dulo de acoplamento DCT-MCT-DCT<\/p>\n","protected":false},"featured_media":80896,"template":"","meta":[],"product_brand":[],"product_cat":[2882],"product_tag":[],"class_list":{"0":"post-91152","1":"product","2":"type-product","3":"status-publish","4":"has-post-thumbnail","6":"product_cat-acessorios-para-maquinas-de-dobrar","8":"first","9":"instock","10":"taxable","11":"shipping-taxable","12":"product-type-simple"},"jetpack_sharing_enabled":true,"_links":{"self":[{"href":"https:\/\/www.3p-gmbh.de\/pt-br\/wp-json\/wp\/v2\/product\/91152","targetHints":{"allow":["GET"]}}],"collection":[{"href":"https:\/\/www.3p-gmbh.de\/pt-br\/wp-json\/wp\/v2\/product"}],"about":[{"href":"https:\/\/www.3p-gmbh.de\/pt-br\/wp-json\/wp\/v2\/types\/product"}],"wp:featuredmedia":[{"embeddable":true,"href":"https:\/\/www.3p-gmbh.de\/pt-br\/wp-json\/wp\/v2\/media\/80896"}],"wp:attachment":[{"href":"https:\/\/www.3p-gmbh.de\/pt-br\/wp-json\/wp\/v2\/media?parent=91152"}],"wp:term":[{"taxonomy":"product_brand","embeddable":true,"href":"https:\/\/www.3p-gmbh.de\/pt-br\/wp-json\/wp\/v2\/product_brand?post=91152"},{"taxonomy":"product_cat","embeddable":true,"href":"https:\/\/www.3p-gmbh.de\/pt-br\/wp-json\/wp\/v2\/product_cat?post=91152"},{"taxonomy":"product_tag","embeddable":true,"href":"https:\/\/www.3p-gmbh.de\/pt-br\/wp-json\/wp\/v2\/product_tag?post=91152"}],"curies":[{"name":"wp","href":"https:\/\/api.w.org\/{rel}","templated":true}]}}