{"id":91145,"date":"2021-06-14T19:49:27","date_gmt":"2021-06-14T19:49:27","guid":{"rendered":"https:\/\/www.3p-gmbh.de\/produkt\/cortadora-de-ponte-em-linha-com-alimentador-e-estacao-de-decapagem-bograma-bsm-450-basic-ueb-550a-fr550-servo-c\/"},"modified":"2021-06-14T19:49:27","modified_gmt":"2021-06-14T19:49:27","slug":"maquina-de-perfuracao-de-folha-em-ponte-em-linha-com-alimentador-e-estacao-de-interrupcao-bograma-bsm-450-basic-ueb-550a-fr550-servo-c","status":"publish","type":"product","link":"https:\/\/www.3p-gmbh.de\/pt-br\/produkt\/maquina-de-perfuracao-de-folha-em-ponte-em-linha-com-alimentador-e-estacao-de-interrupcao-bograma-bsm-450-basic-ueb-550a-fr550-servo-c\/","title":{"rendered":"cortadora de ponte em linha com alimentador e esta\u00e7\u00e3o de decapagem BOGRAMA BSM 450 basic + UEB 550A + FR550 Servo C"},"content":{"rendered":"<p><strong>BOGRAMA BSM 450 basic + UEB 550A + FR550 Servo C<\/strong><br \/>\n<strong>Ano de fabrico 2008<\/strong><\/p>\n<p>1 (um) BOGRAMA BSM 450 basic<br \/>\nAno de fabrico 2008<br \/>\nM\u00e1quina autom\u00e1tica de corte e perfura\u00e7\u00e3o para perfura\u00e7\u00e3o de contornos e pain\u00e9is<br \/>\nDemovido em https:\/\/youtube.com\/shorts\/zxGgEdwIAww?feature=share<\/p>\n<p><strong>com as seguintes ferramentas:<\/strong><br \/>\n&#8211; 1 x conjunto de pe\u00e7as intermut\u00e1veis BSM 450<br \/>\n&#8211; 2 x pain\u00e9is adicionais (ou seja, possibilidade de cortar at\u00e9 3 pain\u00e9is) De s\u00e9rie com faca de corte de 4 mm<br \/>\n&#8211; 1 x Conjunto de ferramentas em a\u00e7o para BSM 450<\/p>\n<p>1 (uma) passagem superior m\u00f3vel BOGRAMA UEB 550 A<br \/>\ncom ar de sopro temporizado e esta\u00e7\u00e3o de decapagem<\/p>\n<p>1 (um) alimentador de fric\u00e7\u00e3o BOGRAMA FR 550 Servo C<br \/>\npara a cria\u00e7\u00e3o de brochuras e folhas soltas para funcionamento offline:<br \/>\nM\u00f3dulos individuais Bograma, sistemas de corte Bograma, unidades de terceiros, etc.<\/p>\n","protected":false},"excerpt":{"rendered":"<p>BOGRAMA BSM 450 basic + UEB 550A + FR550 Servo C Ano de fabrico 2008 1 (um) BOGRAMA BSM 450 basic Ano de fabrico 2008 M\u00e1quina autom\u00e1tica de corte e perfura\u00e7\u00e3o para perfura\u00e7\u00e3o de contornos e pain\u00e9is Demovido em https:\/\/youtube.com\/shorts\/zxGgEdwIAww?feature=share com as seguintes ferramentas: &#8211; 1 x conjunto de pe\u00e7as intermut\u00e1veis BSM 450 &#8211; 2 [&hellip;]<\/p>\n","protected":false},"featured_media":81016,"template":"","meta":[],"product_brand":[],"product_cat":[2951],"product_tag":[],"class_list":{"0":"post-91145","1":"product","2":"type-product","3":"status-publish","4":"has-post-thumbnail","6":"product_cat-sistemas-de-producao-de-folhetos","7":"pa_hersteller-bograma","8":"pa_typ-bsm-450-basic","9":"pa_typ-fr-550-servo-c","10":"pa_typ-ueb-550a","12":"first","13":"instock","14":"taxable","15":"shipping-taxable","16":"product-type-simple"},"jetpack_sharing_enabled":true,"_links":{"self":[{"href":"https:\/\/www.3p-gmbh.de\/pt-br\/wp-json\/wp\/v2\/product\/91145","targetHints":{"allow":["GET"]}}],"collection":[{"href":"https:\/\/www.3p-gmbh.de\/pt-br\/wp-json\/wp\/v2\/product"}],"about":[{"href":"https:\/\/www.3p-gmbh.de\/pt-br\/wp-json\/wp\/v2\/types\/product"}],"wp:featuredmedia":[{"embeddable":true,"href":"https:\/\/www.3p-gmbh.de\/pt-br\/wp-json\/wp\/v2\/media\/81016"}],"wp:attachment":[{"href":"https:\/\/www.3p-gmbh.de\/pt-br\/wp-json\/wp\/v2\/media?parent=91145"}],"wp:term":[{"taxonomy":"product_brand","embeddable":true,"href":"https:\/\/www.3p-gmbh.de\/pt-br\/wp-json\/wp\/v2\/product_brand?post=91145"},{"taxonomy":"product_cat","embeddable":true,"href":"https:\/\/www.3p-gmbh.de\/pt-br\/wp-json\/wp\/v2\/product_cat?post=91145"},{"taxonomy":"product_tag","embeddable":true,"href":"https:\/\/www.3p-gmbh.de\/pt-br\/wp-json\/wp\/v2\/product_tag?post=91145"}],"curies":[{"name":"wp","href":"https:\/\/api.w.org\/{rel}","templated":true}]}}