{"id":91141,"date":"2021-06-14T19:41:07","date_gmt":"2021-06-14T19:41:07","guid":{"rendered":"https:\/\/www.3p-gmbh.de\/produkt\/alimentador-automatico-de-friccao-movel-bograma-fr-550-servo-c\/"},"modified":"2021-06-14T19:41:07","modified_gmt":"2021-06-14T19:41:07","slug":"alimentador-de-friccao-automatico-movel-bograma-fr-550-servo-c","status":"publish","type":"product","link":"https:\/\/www.3p-gmbh.de\/pt-br\/produkt\/alimentador-de-friccao-automatico-movel-bograma-fr-550-servo-c\/","title":{"rendered":"Alimentador autom\u00e1tico de fric\u00e7\u00e3o m\u00f3vel Bograma FR 550 Servo C"},"content":{"rendered":"<p><strong>Alimentador autom\u00e1tico de fric\u00e7\u00e3o m\u00f3vel Bograma FR 550 Servo C<\/strong><br \/>\n<strong>do ano. 2008<\/strong><\/p>\n<p>para a cria\u00e7\u00e3o de brochuras e folhas soltas para funcionamento offline:<br \/>\nM\u00f3dulos individuais Bograma, sistemas de corte Bograma, unidades de terceiros, etc.<\/p>\n<p>Dados t\u00e9cnicos<br \/>\nFormato min. 148 x 75 mm com 2 bandas de v\u00e1cuo<br \/>\nFormato min. 75 x 75 mm com 1 correia de v\u00e1cuo<br \/>\nFormato m\u00e1ximo. 550 x 320 mm<br \/>\nEspessura m\u00e1xima do produto. 5 mm<br \/>\nEspessura m\u00ednima do produto. 120 gramas \/ m2 de papel<br \/>\nMesa de empilhamento com batentes laterais deslizantes<br \/>\nVentila\u00e7\u00e3o da pilha com jato de ar<br \/>\nPot\u00eancia m\u00e1x. de acordo com o quadro de desempenho<br \/>\nAltura de descarga ajust\u00e1vel com fuso, 710 &#8211; 1050 mm<br \/>\nEspa\u00e7o necess\u00e1rio L 700 mm x L 1600 mm<br \/>\nPeso aprox. 300 kg<br \/>\nM\u00f3vel com rolos<br \/>\nExtens\u00e3o de sa\u00edda 250 mm<br \/>\nCor: BOGRAMA azul standard RAL 5023<br \/>\nDocumenta\u00e7\u00e3o: alem\u00e3o<br \/>\nL\u00edngua do ecr\u00e3: alem\u00e3o<br \/>\nEquipamento el\u00e9trico<br \/>\nLiga\u00e7\u00e3o 230V \/ N \/ PE 50\/60 Hz \/ 16A (standard)<br \/>\nCobertura 16<\/p>\n<p>Tens\u00e3o de controlo 24 VDC<br \/>\nControlo do rel\u00f3gio atrav\u00e9s de fotoc\u00e9lula<br \/>\nUnidades de pot\u00eancia 1,5 kW<br \/>\nPot\u00eancia total 2,0 kW<br \/>\nAcciona o servo motor<br \/>\nEquipamento el\u00e9trico Controlo PLC (marca Mitsubishi)<br \/>\nLiga\u00e7\u00e3o do circuito de paragem sim (standard)<br \/>\nAr comprimido 6bar, lado do cliente<\/p>\n<p>Dica:<br \/>\nPara accionamentos control\u00e1veis e motorizados que est\u00e3o equipados com conversor de frequ\u00eancia ou servo controlador<br \/>\nest\u00e3o equipados, os disjuntores de corrente residual s\u00f3 podem ser utilizados de forma limitada devido \u00e0s correntes de fuga dos filtros.<\/p>\n","protected":false},"excerpt":{"rendered":"<p>Alimentador autom\u00e1tico de fric\u00e7\u00e3o m\u00f3vel Bograma FR 550 Servo C do ano. 2008 para a cria\u00e7\u00e3o de brochuras e folhas soltas para funcionamento offline: M\u00f3dulos individuais Bograma, sistemas de corte Bograma, unidades de terceiros, etc. Dados t\u00e9cnicos Formato min. 148 x 75 mm com 2 bandas de v\u00e1cuo Formato min. 75 x 75 mm com [&hellip;]<\/p>\n","protected":false},"featured_media":80956,"template":"","meta":[],"product_brand":[],"product_cat":[2951],"product_tag":[],"class_list":{"0":"post-91141","1":"product","2":"type-product","3":"status-publish","4":"has-post-thumbnail","6":"product_cat-sistemas-de-producao-de-folhetos","7":"pa_hersteller-bograma","8":"pa_typ-fr-550-servo-c","10":"first","11":"instock","12":"taxable","13":"shipping-taxable","14":"product-type-simple"},"jetpack_sharing_enabled":true,"_links":{"self":[{"href":"https:\/\/www.3p-gmbh.de\/pt-br\/wp-json\/wp\/v2\/product\/91141","targetHints":{"allow":["GET"]}}],"collection":[{"href":"https:\/\/www.3p-gmbh.de\/pt-br\/wp-json\/wp\/v2\/product"}],"about":[{"href":"https:\/\/www.3p-gmbh.de\/pt-br\/wp-json\/wp\/v2\/types\/product"}],"wp:featuredmedia":[{"embeddable":true,"href":"https:\/\/www.3p-gmbh.de\/pt-br\/wp-json\/wp\/v2\/media\/80956"}],"wp:attachment":[{"href":"https:\/\/www.3p-gmbh.de\/pt-br\/wp-json\/wp\/v2\/media?parent=91141"}],"wp:term":[{"taxonomy":"product_brand","embeddable":true,"href":"https:\/\/www.3p-gmbh.de\/pt-br\/wp-json\/wp\/v2\/product_brand?post=91141"},{"taxonomy":"product_cat","embeddable":true,"href":"https:\/\/www.3p-gmbh.de\/pt-br\/wp-json\/wp\/v2\/product_cat?post=91141"},{"taxonomy":"product_tag","embeddable":true,"href":"https:\/\/www.3p-gmbh.de\/pt-br\/wp-json\/wp\/v2\/product_tag?post=91141"}],"curies":[{"name":"wp","href":"https:\/\/api.w.org\/{rel}","templated":true}]}}