{"id":91135,"date":"2019-11-12T12:00:40","date_gmt":"2019-11-12T12:00:40","guid":{"rendered":"https:\/\/www.3p-gmbh.de\/produkt\/maquina-electrica-de-ranhurar-vincar-e-perfurar-binderhaus-r-450-e\/"},"modified":"2019-11-12T12:00:40","modified_gmt":"2019-11-12T12:00:40","slug":"binderhaus-r-450-e-maquina-electrica-de-corte-e-perfuracao-de-ranhuras","status":"publish","type":"product","link":"https:\/\/www.3p-gmbh.de\/pt-br\/produkt\/binderhaus-r-450-e-maquina-electrica-de-corte-e-perfuracao-de-ranhuras\/","title":{"rendered":"M\u00e1quina el\u00e9ctrica de ranhurar, vincar e perfurar Binderhaus R 450-E"},"content":{"rendered":"<p>A largura da ranhura de 450 mm permite o processamento at\u00e9 DIN A2 (longitudinalmente).<br \/>\nPerfura\u00e7\u00e3o na impress\u00e3o tipogr\u00e1fica de alta qualidade.<br \/>\nAs larguras das ranhuras podem ser alteradas rapidamente, bastando rodar a barra de ranhuras sem ferramentas. A perfura\u00e7\u00e3o \u00e9 efectuada em alguns passos simples.<\/p>\n<p>Espa\u00e7o necess\u00e1rio 500 x 400 x 200 mm, peso 25 kg, alimenta\u00e7\u00e3o el\u00e9ctrica 230V<\/p>\n","protected":false},"excerpt":{"rendered":"<p>A largura da ranhura de 450 mm permite o processamento at\u00e9 DIN A2 (longitudinalmente). Perfura\u00e7\u00e3o na impress\u00e3o tipogr\u00e1fica de alta qualidade. As larguras das ranhuras podem ser alteradas rapidamente, bastando rodar a barra de ranhuras sem ferramentas. A perfura\u00e7\u00e3o \u00e9 efectuada em alguns passos simples. Espa\u00e7o necess\u00e1rio 500 x 400 x 200 mm, peso 25 [&hellip;]<\/p>\n","protected":false},"featured_media":74919,"template":"","meta":[],"product_brand":[],"product_cat":[2962],"product_tag":[],"class_list":{"0":"post-91135","1":"product","2":"type-product","3":"status-publish","4":"has-post-thumbnail","6":"product_cat-maquinas-de-ranhurar-e-de-perfurar","7":"pa_hersteller-binderhaus","8":"pa_typ-r-450-e","10":"first","11":"instock","12":"taxable","13":"shipping-taxable","14":"purchasable","15":"product-type-simple"},"jetpack_sharing_enabled":true,"_links":{"self":[{"href":"https:\/\/www.3p-gmbh.de\/pt-br\/wp-json\/wp\/v2\/product\/91135","targetHints":{"allow":["GET"]}}],"collection":[{"href":"https:\/\/www.3p-gmbh.de\/pt-br\/wp-json\/wp\/v2\/product"}],"about":[{"href":"https:\/\/www.3p-gmbh.de\/pt-br\/wp-json\/wp\/v2\/types\/product"}],"wp:featuredmedia":[{"embeddable":true,"href":"https:\/\/www.3p-gmbh.de\/pt-br\/wp-json\/wp\/v2\/media\/74919"}],"wp:attachment":[{"href":"https:\/\/www.3p-gmbh.de\/pt-br\/wp-json\/wp\/v2\/media?parent=91135"}],"wp:term":[{"taxonomy":"product_brand","embeddable":true,"href":"https:\/\/www.3p-gmbh.de\/pt-br\/wp-json\/wp\/v2\/product_brand?post=91135"},{"taxonomy":"product_cat","embeddable":true,"href":"https:\/\/www.3p-gmbh.de\/pt-br\/wp-json\/wp\/v2\/product_cat?post=91135"},{"taxonomy":"product_tag","embeddable":true,"href":"https:\/\/www.3p-gmbh.de\/pt-br\/wp-json\/wp\/v2\/product_tag?post=91135"}],"curies":[{"name":"wp","href":"https:\/\/api.w.org\/{rel}","templated":true}]}}