{"id":91133,"date":"2019-11-12T09:16:23","date_gmt":"2019-11-12T09:16:23","guid":{"rendered":"https:\/\/www.3p-gmbh.de\/produkt\/hang-106-dtk-4-maquina-de-perfuracao-de-papel-de-quatro-eixos\/"},"modified":"2019-11-12T09:16:23","modified_gmt":"2019-11-12T09:16:23","slug":"hang-106-dtk-4-four-spindle-paper-drilling-machine","status":"publish","type":"product","link":"https:\/\/www.3p-gmbh.de\/pt-br\/produkt\/hang-106-dtk-4-four-spindle-paper-drilling-machine\/","title":{"rendered":"Hang 106 DTK 4 m\u00e1quina de perfura\u00e7\u00e3o de papel de quatro eixos"},"content":{"rendered":"<p>com elevador de mesa autom\u00e1tico<br \/>\naprox. 35 cm de profundidade de perfura\u00e7\u00e3o<br \/>\nCabe\u00e7as de broca com cerca de 50 cm ajust\u00e1veis entre si<br \/>\nSeparador<\/p>\n<p>V\u00e1rios acess\u00f3rios inclu\u00eddos<\/p>\n","protected":false},"excerpt":{"rendered":"<p>com elevador de mesa autom\u00e1tico aprox. 35 cm de profundidade de perfura\u00e7\u00e3o Cabe\u00e7as de broca com cerca de 50 cm ajust\u00e1veis entre si Separador V\u00e1rios acess\u00f3rios inclu\u00eddos<\/p>\n","protected":false},"featured_media":74913,"template":"","meta":[],"product_brand":[],"product_cat":[2958],"product_tag":[],"class_list":{"0":"post-91133","1":"product","2":"type-product","3":"status-publish","4":"has-post-thumbnail","6":"product_cat-brocas-de-papel","7":"pa_hersteller-constantin-hang","8":"pa_typ-106-dtk-4","10":"first","11":"instock","12":"taxable","13":"shipping-taxable","14":"purchasable","15":"product-type-simple"},"jetpack_sharing_enabled":true,"_links":{"self":[{"href":"https:\/\/www.3p-gmbh.de\/pt-br\/wp-json\/wp\/v2\/product\/91133","targetHints":{"allow":["GET"]}}],"collection":[{"href":"https:\/\/www.3p-gmbh.de\/pt-br\/wp-json\/wp\/v2\/product"}],"about":[{"href":"https:\/\/www.3p-gmbh.de\/pt-br\/wp-json\/wp\/v2\/types\/product"}],"wp:featuredmedia":[{"embeddable":true,"href":"https:\/\/www.3p-gmbh.de\/pt-br\/wp-json\/wp\/v2\/media\/74913"}],"wp:attachment":[{"href":"https:\/\/www.3p-gmbh.de\/pt-br\/wp-json\/wp\/v2\/media?parent=91133"}],"wp:term":[{"taxonomy":"product_brand","embeddable":true,"href":"https:\/\/www.3p-gmbh.de\/pt-br\/wp-json\/wp\/v2\/product_brand?post=91133"},{"taxonomy":"product_cat","embeddable":true,"href":"https:\/\/www.3p-gmbh.de\/pt-br\/wp-json\/wp\/v2\/product_cat?post=91133"},{"taxonomy":"product_tag","embeddable":true,"href":"https:\/\/www.3p-gmbh.de\/pt-br\/wp-json\/wp\/v2\/product_tag?post=91133"}],"curies":[{"name":"wp","href":"https:\/\/api.w.org\/{rel}","templated":true}]}}