{"id":91124,"date":"2019-11-12T12:14:58","date_gmt":"2019-11-12T12:14:58","guid":{"rendered":"https:\/\/www.3p-gmbh.de\/produkt\/albert-frankental-puncao-de-etiquetas-modelo-europa-es\/"},"modified":"2019-11-12T12:14:58","modified_gmt":"2019-11-12T12:14:58","slug":"albert-frankental-label-punch-model-europe-es","status":"publish","type":"product","link":"https:\/\/www.3p-gmbh.de\/pt-br\/produkt\/albert-frankental-label-punch-model-europe-es\/","title":{"rendered":"Albert Frankental pun\u00e7\u00e3o de etiquetas modelo Europa ES"},"content":{"rendered":"<p>Formato de perfura\u00e7\u00e3o m\u00e1x. aprox. 230\u00d7230 mm<br \/>\nFormato de perfura\u00e7\u00e3o min: 10\u00d710 mm<br \/>\nPress\u00e3o de perfura\u00e7\u00e3o: 10 toneladas<br \/>\n4 bra\u00e7os de fixa\u00e7\u00e3o de ferramentas<\/p>\n","protected":false},"excerpt":{"rendered":"<p>Formato de perfura\u00e7\u00e3o m\u00e1x. aprox. 230\u00d7230 mm Formato de perfura\u00e7\u00e3o min: 10\u00d710 mm Press\u00e3o de perfura\u00e7\u00e3o: 10 toneladas 4 bra\u00e7os de fixa\u00e7\u00e3o de ferramentas<\/p>\n","protected":false},"featured_media":74934,"template":"","meta":[],"product_brand":[],"product_cat":[2906],"product_tag":[],"class_list":{"0":"post-91124","1":"product","2":"type-product","3":"status-publish","4":"has-post-thumbnail","6":"product_cat-perfuracao","7":"pa_hersteller-albert-frankental","8":"pa_typ-europa-es","10":"first","11":"instock","12":"taxable","13":"shipping-taxable","14":"purchasable","15":"product-type-simple"},"jetpack_sharing_enabled":true,"_links":{"self":[{"href":"https:\/\/www.3p-gmbh.de\/pt-br\/wp-json\/wp\/v2\/product\/91124","targetHints":{"allow":["GET"]}}],"collection":[{"href":"https:\/\/www.3p-gmbh.de\/pt-br\/wp-json\/wp\/v2\/product"}],"about":[{"href":"https:\/\/www.3p-gmbh.de\/pt-br\/wp-json\/wp\/v2\/types\/product"}],"wp:featuredmedia":[{"embeddable":true,"href":"https:\/\/www.3p-gmbh.de\/pt-br\/wp-json\/wp\/v2\/media\/74934"}],"wp:attachment":[{"href":"https:\/\/www.3p-gmbh.de\/pt-br\/wp-json\/wp\/v2\/media?parent=91124"}],"wp:term":[{"taxonomy":"product_brand","embeddable":true,"href":"https:\/\/www.3p-gmbh.de\/pt-br\/wp-json\/wp\/v2\/product_brand?post=91124"},{"taxonomy":"product_cat","embeddable":true,"href":"https:\/\/www.3p-gmbh.de\/pt-br\/wp-json\/wp\/v2\/product_cat?post=91124"},{"taxonomy":"product_tag","embeddable":true,"href":"https:\/\/www.3p-gmbh.de\/pt-br\/wp-json\/wp\/v2\/product_tag?post=91124"}],"curies":[{"name":"wp","href":"https:\/\/api.w.org\/{rel}","templated":true}]}}