{"id":91118,"date":"2019-11-15T09:34:04","date_gmt":"2019-11-15T09:34:04","guid":{"rendered":"https:\/\/www.3p-gmbh.de\/produkt\/agrafadora-electrica-de-cabeca-unica-ernst-nagel-rinak-dispositivo-de-agrafagem\/"},"modified":"2019-11-15T09:34:04","modified_gmt":"2019-11-15T09:34:04","slug":"ernst-nagel-rinak-electric-single-head-stapler-stapler","status":"publish","type":"product","link":"https:\/\/www.3p-gmbh.de\/pt-br\/produkt\/ernst-nagel-rinak-electric-single-head-stapler-stapler\/","title":{"rendered":"Agrafadora el\u00e9ctrica de cabe\u00e7a \u00fanica Ernst NAGEL RINAK &#8211; dispositivo de agrafagem"},"content":{"rendered":"<p>para costura em bloco e em sela at\u00e9 4 mm para a confe\u00e7\u00e3o de cadernos<br \/>\nEstado como novo<\/p>\n<ul>\n<li>Agrafagem em bloco: at\u00e9 4 mm aprox. 40 folhas (papel de 80 g)<\/li>\n<li>Cadernos: at\u00e9 3 mm aprox. 30 folhas (papel de 80 g)<\/li>\n<li>Agrafos: 26\/6, 26\/8S, Ri 26\/6<\/li>\n<li>A mesa de alimenta\u00e7\u00e3o pode ser convertida para costura em bloco ou em sela atrav\u00e9s de uma simples inclina\u00e7\u00e3o<\/li>\n<li>Resist\u00eancia ao impacto da cabe\u00e7a de costura ajust\u00e1vel<\/li>\n<li>Batente lateral regul\u00e1vel<\/li>\n<li>M\u00e1quina de mesa para fixa\u00e7\u00e3o no tampo da mesa<\/li>\n<li>Capacidade do carregador de agrafos: 210 unidades<\/li>\n<li>Profundidade de inser\u00e7\u00e3o: 30 mm (para costura em bloco)<\/li>\n<li>Liga\u00e7\u00e3o: 230 V \/ 50 Hz<\/li>\n<\/ul>\n","protected":false},"excerpt":{"rendered":"<p><a href=\"http:\/\/www.3p-gmbh.de\/wp-content\/uploads\/2019\/11\/nagel-rinak-enak-deutsch-1.pdf\">nail rinak enak alem\u00e3o<\/a><\/p>\n","protected":false},"featured_media":75102,"template":"","meta":[],"product_brand":[],"product_cat":[2996],"product_tag":[],"class_list":{"0":"post-91118","1":"product","2":"type-product","3":"status-publish","4":"has-post-thumbnail","6":"product_cat-maquinas-de-agrafar","7":"pa_hersteller-ernst-nagel","8":"pa_typ-rinak","10":"first","11":"instock","12":"taxable","13":"shipping-taxable","14":"purchasable","15":"product-type-simple"},"jetpack_sharing_enabled":true,"_links":{"self":[{"href":"https:\/\/www.3p-gmbh.de\/pt-br\/wp-json\/wp\/v2\/product\/91118","targetHints":{"allow":["GET"]}}],"collection":[{"href":"https:\/\/www.3p-gmbh.de\/pt-br\/wp-json\/wp\/v2\/product"}],"about":[{"href":"https:\/\/www.3p-gmbh.de\/pt-br\/wp-json\/wp\/v2\/types\/product"}],"wp:featuredmedia":[{"embeddable":true,"href":"https:\/\/www.3p-gmbh.de\/pt-br\/wp-json\/wp\/v2\/media\/75102"}],"wp:attachment":[{"href":"https:\/\/www.3p-gmbh.de\/pt-br\/wp-json\/wp\/v2\/media?parent=91118"}],"wp:term":[{"taxonomy":"product_brand","embeddable":true,"href":"https:\/\/www.3p-gmbh.de\/pt-br\/wp-json\/wp\/v2\/product_brand?post=91118"},{"taxonomy":"product_cat","embeddable":true,"href":"https:\/\/www.3p-gmbh.de\/pt-br\/wp-json\/wp\/v2\/product_cat?post=91118"},{"taxonomy":"product_tag","embeddable":true,"href":"https:\/\/www.3p-gmbh.de\/pt-br\/wp-json\/wp\/v2\/product_tag?post=91118"}],"curies":[{"name":"wp","href":"https:\/\/api.w.org\/{rel}","templated":true}]}}