{"id":91101,"date":"2019-11-18T15:17:26","date_gmt":"2019-11-18T15:17:26","guid":{"rendered":"https:\/\/www.3p-gmbh.de\/produkt\/laminador-gbc-voyager-3\/"},"modified":"2019-11-18T15:17:26","modified_gmt":"2019-11-18T15:17:26","slug":"maquina-de-laminacao-gbc-voyager-3","status":"publish","type":"product","link":"https:\/\/www.3p-gmbh.de\/pt-br\/produkt\/maquina-de-laminacao-gbc-voyager-3\/","title":{"rendered":"Laminador GBC Voyager 3"},"content":{"rendered":"<ul>\n<li>Laminador t\u00e9rmico de rolo de alta velocidade para impress\u00e3o offset e digital<\/li>\n<li>com sistema de alta velocidade<\/li>\n<li>min. Tamanho da folha 21,6 x 28 cm<\/li>\n<li>m\u00e1ximo. Tamanho da folha 76,2 x 101,6 cm<\/li>\n<li>Velocidade 45,7 m\/min<\/li>\n<li>Cais de embarque<\/li>\n<li>entrega autom\u00e1tica<\/li>\n<\/ul>\n","protected":false},"excerpt":{"rendered":"<p>Laminador t\u00e9rmico de rolo de alta velocidade para impress\u00e3o offset e digital com sistema de alta velocidade min. Tamanho da folha 21,6 x 28 cm m\u00e1ximo. Tamanho da folha 76,2 x 101,6 cm Velocidade 45,7 m\/min Cais de embarque entrega autom\u00e1tica<\/p>\n","protected":false},"featured_media":75240,"template":"","meta":[],"product_brand":[],"product_cat":[3093],"product_tag":[],"class_list":{"0":"post-91101","1":"product","2":"type-product","3":"status-publish","4":"has-post-thumbnail","6":"product_cat-maquinas-de-laminagem-pt-br","7":"pa_hersteller-gbc","8":"pa_typ-voyager-3","10":"first","11":"instock","12":"taxable","13":"shipping-taxable","14":"purchasable","15":"product-type-simple"},"jetpack_sharing_enabled":true,"_links":{"self":[{"href":"https:\/\/www.3p-gmbh.de\/pt-br\/wp-json\/wp\/v2\/product\/91101","targetHints":{"allow":["GET"]}}],"collection":[{"href":"https:\/\/www.3p-gmbh.de\/pt-br\/wp-json\/wp\/v2\/product"}],"about":[{"href":"https:\/\/www.3p-gmbh.de\/pt-br\/wp-json\/wp\/v2\/types\/product"}],"wp:featuredmedia":[{"embeddable":true,"href":"https:\/\/www.3p-gmbh.de\/pt-br\/wp-json\/wp\/v2\/media\/75240"}],"wp:attachment":[{"href":"https:\/\/www.3p-gmbh.de\/pt-br\/wp-json\/wp\/v2\/media?parent=91101"}],"wp:term":[{"taxonomy":"product_brand","embeddable":true,"href":"https:\/\/www.3p-gmbh.de\/pt-br\/wp-json\/wp\/v2\/product_brand?post=91101"},{"taxonomy":"product_cat","embeddable":true,"href":"https:\/\/www.3p-gmbh.de\/pt-br\/wp-json\/wp\/v2\/product_cat?post=91101"},{"taxonomy":"product_tag","embeddable":true,"href":"https:\/\/www.3p-gmbh.de\/pt-br\/wp-json\/wp\/v2\/product_tag?post=91101"}],"curies":[{"name":"wp","href":"https:\/\/api.w.org\/{rel}","templated":true}]}}