{"id":91096,"date":"2019-11-18T14:47:14","date_gmt":"2019-11-18T14:47:14","guid":{"rendered":"https:\/\/www.3p-gmbh.de\/produkt\/scanner-plano-screen-cezanne-elite-ft-s5500\/"},"modified":"2019-11-18T14:47:14","modified_gmt":"2019-11-18T14:47:14","slug":"ecra-cezanne-elite-ft-s5500-flatbed-scanner","status":"publish","type":"product","link":"https:\/\/www.3p-gmbh.de\/pt-br\/produkt\/ecra-cezanne-elite-ft-s5500-flatbed-scanner\/","title":{"rendered":"Scanner plano Screen Cezanne Elite FT-S5500"},"content":{"rendered":"<ul>\n<li>Linha CCD, 8.000 elementos por linha<\/li>\n<li>Tipos de modelos (vista superior): Cor, preto\/branco, escala de cinzentos<\/li>\n<li>Tipos de originais (revis\u00e3o): Positivos a cores, negativos a cores, elementos de linha, escala de cinzentos<\/li>\n<li>Tamanho da digitaliza\u00e7\u00e3o 329 x 530 mm (13,0&#8243; x 20,9&#8243;)<\/li>\n<li>Resolu\u00e7\u00e3o \u00f3tica a meio-tom 589 &#8211; 5.300 ppp<\/li>\n<li>Resolu\u00e7\u00e3o \u00f3tica para elementos de linha 600, 1.200, 2.000 dpi<\/li>\n<li>Resolu\u00e7\u00e3o de sa\u00edda com meio-tom 20 &#8211; 20.000 dpi, com elementos de linha 360 &#8211; 4.000 dpi<\/li>\n<li>m\u00e1ximo. Resolu\u00e7\u00e3o 4.2 D<\/li>\n<li>Profundidade de cor 32 bits para CMYK, 48 bits RGB, escala de cinzentos de 8 bits<\/li>\n<li>Formatos de sa\u00edda TIFF, EPS, DCS, SCITEX CT, JPEG , YCC<\/li>\n<li>Interface SCSI 2<\/li>\n<\/ul>\n","protected":false},"excerpt":{"rendered":"<p>Linha CCD, 8.000 elementos por linha Tipos de modelos (vista superior): Cor, preto\/branco, escala de cinzentos Tipos de originais (revis\u00e3o): Positivos a cores, negativos a cores, elementos de linha, escala de cinzentos Tamanho da digitaliza\u00e7\u00e3o 329 x 530 mm (13,0&#8243; x 20,9&#8243;) Resolu\u00e7\u00e3o \u00f3tica a meio-tom 589 &#8211; 5.300 ppp Resolu\u00e7\u00e3o \u00f3tica para elementos de [&hellip;]<\/p>\n","protected":false},"featured_media":75195,"template":"","meta":[],"product_brand":[],"product_cat":[3098],"product_tag":[],"class_list":{"0":"post-91096","1":"product","2":"type-product","3":"status-publish","4":"has-post-thumbnail","6":"product_cat-scanner-de-mesa","7":"pa_bezeichnung_typ-cezanne-elite-ft-s5500","8":"pa_hersteller-dainippon-screen","10":"first","11":"instock","12":"taxable","13":"shipping-taxable","14":"purchasable","15":"product-type-simple"},"jetpack_sharing_enabled":true,"_links":{"self":[{"href":"https:\/\/www.3p-gmbh.de\/pt-br\/wp-json\/wp\/v2\/product\/91096","targetHints":{"allow":["GET"]}}],"collection":[{"href":"https:\/\/www.3p-gmbh.de\/pt-br\/wp-json\/wp\/v2\/product"}],"about":[{"href":"https:\/\/www.3p-gmbh.de\/pt-br\/wp-json\/wp\/v2\/types\/product"}],"wp:featuredmedia":[{"embeddable":true,"href":"https:\/\/www.3p-gmbh.de\/pt-br\/wp-json\/wp\/v2\/media\/75195"}],"wp:attachment":[{"href":"https:\/\/www.3p-gmbh.de\/pt-br\/wp-json\/wp\/v2\/media?parent=91096"}],"wp:term":[{"taxonomy":"product_brand","embeddable":true,"href":"https:\/\/www.3p-gmbh.de\/pt-br\/wp-json\/wp\/v2\/product_brand?post=91096"},{"taxonomy":"product_cat","embeddable":true,"href":"https:\/\/www.3p-gmbh.de\/pt-br\/wp-json\/wp\/v2\/product_cat?post=91096"},{"taxonomy":"product_tag","embeddable":true,"href":"https:\/\/www.3p-gmbh.de\/pt-br\/wp-json\/wp\/v2\/product_tag?post=91096"}],"curies":[{"name":"wp","href":"https:\/\/api.w.org\/{rel}","templated":true}]}}