{"id":91094,"date":"2019-11-15T14:11:45","date_gmt":"2019-11-15T14:11:45","guid":{"rendered":"https:\/\/www.3p-gmbh.de\/produkt\/sistema-de-colagem-a-quente-hhs-da-baumer-com-controlador-c-1100-8-e-tanque-de-cola-quente-hhs-hmp-04-1x2-pde\/"},"modified":"2019-11-15T14:11:45","modified_gmt":"2019-11-15T14:11:45","slug":"baumer-hhs-hot-melt-glue-system-with-c-1100-8-control-and-hot-melt-tank-hhs-hmp-04-1x2-pde","status":"publish","type":"product","link":"https:\/\/www.3p-gmbh.de\/pt-br\/produkt\/baumer-hhs-hot-melt-glue-system-with-c-1100-8-control-and-hot-melt-tank-hhs-hmp-04-1x2-pde\/","title":{"rendered":"Sistema de colagem a quente HHS da Baumer com controlador C 1100-8 e tanque de cola quente HHS HMP-04-1&#215;2-PDE"},"content":{"rendered":"<p>Sistema de colagem a quente constitu\u00eddo por:<\/p>\n<ul>\n<li>Unidade de controlo Baumer HHS C 1100-8<br \/>\npara 8 canais<\/li>\n<li>Baumer HHS HMP-04-1&#215;2-PDE Tanque de fus\u00e3o a quente<br \/>\nDep\u00f3sito de 8 kg com 2 liga\u00e7\u00f5es<\/li>\n<\/ul>\n","protected":false},"excerpt":{"rendered":"<p>Sistema de colagem a quente constitu\u00eddo por: Unidade de controlo Baumer HHS C 1100-8 para 8 canais Baumer HHS HMP-04-1&#215;2-PDE Tanque de fus\u00e3o a quente Dep\u00f3sito de 8 kg com 2 liga\u00e7\u00f5es<\/p>\n","protected":false},"featured_media":75162,"template":"","meta":[],"product_brand":[],"product_cat":[2882],"product_tag":[],"class_list":{"0":"post-91094","1":"product","2":"type-product","3":"status-publish","4":"has-post-thumbnail","6":"product_cat-acessorios-para-maquinas-de-dobrar","7":"pa_hersteller-baumer-hhs","8":"pa_typ-c-1100-8","9":"pa_typ-hmp-04-1x2-pde","11":"first","12":"instock","13":"taxable","14":"shipping-taxable","15":"purchasable","16":"product-type-simple"},"jetpack_sharing_enabled":true,"_links":{"self":[{"href":"https:\/\/www.3p-gmbh.de\/pt-br\/wp-json\/wp\/v2\/product\/91094","targetHints":{"allow":["GET"]}}],"collection":[{"href":"https:\/\/www.3p-gmbh.de\/pt-br\/wp-json\/wp\/v2\/product"}],"about":[{"href":"https:\/\/www.3p-gmbh.de\/pt-br\/wp-json\/wp\/v2\/types\/product"}],"wp:featuredmedia":[{"embeddable":true,"href":"https:\/\/www.3p-gmbh.de\/pt-br\/wp-json\/wp\/v2\/media\/75162"}],"wp:attachment":[{"href":"https:\/\/www.3p-gmbh.de\/pt-br\/wp-json\/wp\/v2\/media?parent=91094"}],"wp:term":[{"taxonomy":"product_brand","embeddable":true,"href":"https:\/\/www.3p-gmbh.de\/pt-br\/wp-json\/wp\/v2\/product_brand?post=91094"},{"taxonomy":"product_cat","embeddable":true,"href":"https:\/\/www.3p-gmbh.de\/pt-br\/wp-json\/wp\/v2\/product_cat?post=91094"},{"taxonomy":"product_tag","embeddable":true,"href":"https:\/\/www.3p-gmbh.de\/pt-br\/wp-json\/wp\/v2\/product_tag?post=91094"}],"curies":[{"name":"wp","href":"https:\/\/api.w.org\/{rel}","templated":true}]}}