{"id":91087,"date":"2019-11-18T15:19:11","date_gmt":"2019-11-18T15:19:11","guid":{"rendered":"https:\/\/www.3p-gmbh.de\/produkt\/mbo-z2-movel-unidade-de-dobragem-cruzada-rotativa-a-180-com-controlo-do-navegador\/"},"modified":"2019-11-18T15:19:11","modified_gmt":"2019-11-18T15:19:11","slug":"mbo-z2-mobile-cross-break-com-navigator-control","status":"publish","type":"product","link":"https:\/\/www.3p-gmbh.de\/pt-br\/produkt\/mbo-z2-mobile-cross-break-com-navigator-control\/","title":{"rendered":"MBO Z2 m\u00f3vel, unidade de dobragem cruzada rotativa a 180\u00b0 com controlo do navegador"},"content":{"rendered":"<p>A unidade m\u00f3vel de dobragem de facas Z 2 pode ser rodada a 180\u00b0 e permite dobrar tanto por cima como por baixo. Pode ser utilizado para v\u00e1rios fins:<\/p>\n<ul>\n<li>em dobradores de chapa combinada e de fivela como unidade de dobragem IV para 32 p\u00e1ginas, para a produ\u00e7\u00e3o de quartos de dobra ingleses, alem\u00e3es e internacionais, bem como para tipos de dobra especiais.<\/li>\n<li>nas pastas de placas de fivelas como unidade de dobragem III &#8211; aqui o material dobrado pode ser devolvido \u00e0 consola de controlo central.<\/li>\n<li>para dobras paralelas \u00e0 lombada de acordo com a 1. e 2. dobragem cruzada em pastas combinadas, em conjunto com a mesa de alimenta\u00e7\u00e3o de canto.<\/li>\n<li>em liga\u00e7\u00e3o com as m\u00e1quinas de coser a arame para pequenas dobras de brochuras em \u00e2ngulos rectos e, em liga\u00e7\u00e3o com a mesa de alimenta\u00e7\u00e3o de cantos, paralelamente \u00e0 lombada.<\/li>\n<li>como unidade de dobragem por camadas para pequenas dobras de produtos em \u00e2ngulos rectos ou paralelos \u00e0 lombada, em conjunto com um alimentador de tambor, mesa transportadora de canto, bem como uma entrega.<\/li>\n<li>para dobras de janelas muito bem fechadas em m\u00e1quinas de dobrar chapas com fivela ap\u00f3s a unidade de dobragem II, em m\u00e1quinas de dobrar combinadas em conjunto com a mesa transportadora de cantos.<\/li>\n<\/ul>\n","protected":false},"excerpt":{"rendered":"<p>A unidade m\u00f3vel de dobragem de facas Z 2 pode ser rodada a 180\u00b0 e permite dobrar tanto por cima como por baixo. Pode ser utilizado para v\u00e1rios fins: em dobradores de chapa combinada e de fivela como unidade de dobragem IV para 32 p\u00e1ginas, para a produ\u00e7\u00e3o de quartos de dobra ingleses, alem\u00e3es e [&hellip;]<\/p>\n","protected":false},"featured_media":77526,"template":"","meta":[],"product_brand":[],"product_cat":[2912],"product_tag":[],"class_list":{"0":"post-91087","1":"product","2":"type-product","3":"status-publish","4":"has-post-thumbnail","6":"product_cat-unidades-de-dobragem","7":"pa_hersteller-mbo-oppenweiler","8":"pa_typ-mbo-z2","10":"first","11":"instock","12":"taxable","13":"shipping-taxable","14":"purchasable","15":"product-type-simple"},"jetpack_sharing_enabled":true,"_links":{"self":[{"href":"https:\/\/www.3p-gmbh.de\/pt-br\/wp-json\/wp\/v2\/product\/91087","targetHints":{"allow":["GET"]}}],"collection":[{"href":"https:\/\/www.3p-gmbh.de\/pt-br\/wp-json\/wp\/v2\/product"}],"about":[{"href":"https:\/\/www.3p-gmbh.de\/pt-br\/wp-json\/wp\/v2\/types\/product"}],"wp:featuredmedia":[{"embeddable":true,"href":"https:\/\/www.3p-gmbh.de\/pt-br\/wp-json\/wp\/v2\/media\/77526"}],"wp:attachment":[{"href":"https:\/\/www.3p-gmbh.de\/pt-br\/wp-json\/wp\/v2\/media?parent=91087"}],"wp:term":[{"taxonomy":"product_brand","embeddable":true,"href":"https:\/\/www.3p-gmbh.de\/pt-br\/wp-json\/wp\/v2\/product_brand?post=91087"},{"taxonomy":"product_cat","embeddable":true,"href":"https:\/\/www.3p-gmbh.de\/pt-br\/wp-json\/wp\/v2\/product_cat?post=91087"},{"taxonomy":"product_tag","embeddable":true,"href":"https:\/\/www.3p-gmbh.de\/pt-br\/wp-json\/wp\/v2\/product_tag?post=91087"}],"curies":[{"name":"wp","href":"https:\/\/api.w.org\/{rel}","templated":true}]}}