{"id":91085,"date":"2019-11-18T15:40:04","date_gmt":"2019-11-18T15:40:04","guid":{"rendered":"https:\/\/www.3p-gmbh.de\/produkt\/mesa-de-transferencia-glunz-jensen-ip-66\/"},"modified":"2019-11-18T15:40:04","modified_gmt":"2019-11-18T15:40:04","slug":"glunz-jensen-transfert-ip-66","status":"publish","type":"product","link":"https:\/\/www.3p-gmbh.de\/pt-br\/produkt\/glunz-jensen-transfert-ip-66\/","title":{"rendered":"Mesa de transfer\u00eancia Glunz &amp; Jensen IP 66"},"content":{"rendered":"<p>opcionalmente com a revela\u00e7\u00e3o de chapas de impress\u00e3o Agfa Elantrix 85 DX<\/p>\n<h1 class=\"product_title entry-title\"><\/h1>\n","protected":false},"excerpt":{"rendered":"<p>opcionalmente com a revela\u00e7\u00e3o de chapas de impress\u00e3o Agfa Elantrix 85 DX<\/p>\n","protected":false},"featured_media":75306,"template":"","meta":[],"product_brand":[],"product_cat":[2997],"product_tag":[],"class_list":{"0":"post-91085","1":"product","2":"type-product","3":"status-publish","4":"has-post-thumbnail","6":"product_cat-processamento-de-chapas-de-impressao-pt-br","7":"pa_hersteller-glunz-jensen-agfa","8":"pa_typ-ip-66","10":"first","11":"instock","12":"taxable","13":"shipping-taxable","14":"purchasable","15":"product-type-simple"},"jetpack_sharing_enabled":true,"_links":{"self":[{"href":"https:\/\/www.3p-gmbh.de\/pt-br\/wp-json\/wp\/v2\/product\/91085","targetHints":{"allow":["GET"]}}],"collection":[{"href":"https:\/\/www.3p-gmbh.de\/pt-br\/wp-json\/wp\/v2\/product"}],"about":[{"href":"https:\/\/www.3p-gmbh.de\/pt-br\/wp-json\/wp\/v2\/types\/product"}],"wp:featuredmedia":[{"embeddable":true,"href":"https:\/\/www.3p-gmbh.de\/pt-br\/wp-json\/wp\/v2\/media\/75306"}],"wp:attachment":[{"href":"https:\/\/www.3p-gmbh.de\/pt-br\/wp-json\/wp\/v2\/media?parent=91085"}],"wp:term":[{"taxonomy":"product_brand","embeddable":true,"href":"https:\/\/www.3p-gmbh.de\/pt-br\/wp-json\/wp\/v2\/product_brand?post=91085"},{"taxonomy":"product_cat","embeddable":true,"href":"https:\/\/www.3p-gmbh.de\/pt-br\/wp-json\/wp\/v2\/product_cat?post=91085"},{"taxonomy":"product_tag","embeddable":true,"href":"https:\/\/www.3p-gmbh.de\/pt-br\/wp-json\/wp\/v2\/product_tag?post=91085"}],"curies":[{"name":"wp","href":"https:\/\/api.w.org\/{rel}","templated":true}]}}