{"id":91078,"date":"2019-11-21T09:22:21","date_gmt":"2019-11-21T09:22:21","guid":{"rendered":"https:\/\/www.3p-gmbh.de\/produkt\/copiadora-de-chapas-poligraficas-modelo-7100-02-copiadora-de-chapas-offset\/"},"modified":"2019-11-21T09:22:21","modified_gmt":"2019-11-21T09:22:21","slug":"modelo-de-coletor-de-poligrafo-7100-02-maquina-de-copia-de-disco-offest","status":"publish","type":"product","link":"https:\/\/www.3p-gmbh.de\/pt-br\/produkt\/modelo-de-coletor-de-poligrafo-7100-02-maquina-de-copia-de-disco-offest\/","title":{"rendered":"Copiadora de chapas poligr\u00e1ficas Modelo 7100.02 Copiadora de chapas offset"},"content":{"rendered":"<p>Tamanho do encaixe 550 x 640 mm<br \/>\nL\u00e2mpada MH de 1 KW<br \/>\nSistema autom\u00e1tico de espalhamento de folhas<br \/>\nArm\u00e1rio com gaveta inferior<\/p>\n","protected":false},"excerpt":{"rendered":"<p>Tamanho do encaixe 550 x 640 mm L\u00e2mpada MH de 1 KW Sistema autom\u00e1tico de espalhamento de folhas Arm\u00e1rio com gaveta inferior<\/p>\n","protected":false},"featured_media":75351,"template":"","meta":[],"product_brand":[],"product_cat":[2997],"product_tag":[],"class_list":{"0":"post-91078","1":"product","2":"type-product","3":"status-publish","4":"has-post-thumbnail","6":"product_cat-processamento-de-chapas-de-impressao-pt-br","7":"pa_hersteller-polygraph","8":"pa_typ-modell-7100-02","10":"first","11":"instock","12":"taxable","13":"shipping-taxable","14":"purchasable","15":"product-type-simple"},"jetpack_sharing_enabled":true,"_links":{"self":[{"href":"https:\/\/www.3p-gmbh.de\/pt-br\/wp-json\/wp\/v2\/product\/91078","targetHints":{"allow":["GET"]}}],"collection":[{"href":"https:\/\/www.3p-gmbh.de\/pt-br\/wp-json\/wp\/v2\/product"}],"about":[{"href":"https:\/\/www.3p-gmbh.de\/pt-br\/wp-json\/wp\/v2\/types\/product"}],"wp:featuredmedia":[{"embeddable":true,"href":"https:\/\/www.3p-gmbh.de\/pt-br\/wp-json\/wp\/v2\/media\/75351"}],"wp:attachment":[{"href":"https:\/\/www.3p-gmbh.de\/pt-br\/wp-json\/wp\/v2\/media?parent=91078"}],"wp:term":[{"taxonomy":"product_brand","embeddable":true,"href":"https:\/\/www.3p-gmbh.de\/pt-br\/wp-json\/wp\/v2\/product_brand?post=91078"},{"taxonomy":"product_cat","embeddable":true,"href":"https:\/\/www.3p-gmbh.de\/pt-br\/wp-json\/wp\/v2\/product_cat?post=91078"},{"taxonomy":"product_tag","embeddable":true,"href":"https:\/\/www.3p-gmbh.de\/pt-br\/wp-json\/wp\/v2\/product_tag?post=91078"}],"curies":[{"name":"wp","href":"https:\/\/api.w.org\/{rel}","templated":true}]}}