{"id":91070,"date":"2019-11-18T15:26:35","date_gmt":"2019-11-18T15:26:35","guid":{"rendered":"https:\/\/www.3p-gmbh.de\/produkt\/maquina-de-corte-perfecta-132-tvc-com-elevador\/"},"modified":"2019-11-18T15:26:35","modified_gmt":"2019-11-18T15:26:35","slug":"perfecta-132-tvc-maquina-de-corte-com-elevador","status":"publish","type":"product","link":"https:\/\/www.3p-gmbh.de\/pt-br\/produkt\/perfecta-132-tvc-maquina-de-corte-com-elevador\/","title":{"rendered":"M\u00e1quina de corte Perfecta 132 TVC com elevador"},"content":{"rendered":"<ul>\n<li>M\u00e1quina de corte 132 TVC com elevador SHR 12 P (lado direito)<\/li>\n<li>Largura de trabalho 132 cm<\/li>\n<li>Programa\u00e7\u00e3o com ecr\u00e3 t\u00e1til a cores<\/li>\n<li>mesa de ar cromada e mesa de apoio com ventila\u00e7\u00e3o do lado esquerdo<\/li>\n<li>2 facas<br \/>\nPrograma com monitor t\u00e1til a cores<br \/>\ncromado Airtable e sideairtable lado esquerdo<br \/>\n2 facas<\/li>\n<li>Elevador de paletes, regula\u00e7\u00e3o precisa da altura com fotoc\u00e9lula<\/li>\n<\/ul>\n<p><iframe loading=\"lazy\" title=\"Perfecta 132 TVC age 2003\" width=\"980\" height=\"551\" src=\"https:\/\/www.youtube.com\/embed\/cEQFUaqUOxs?feature=oembed\" frameborder=\"0\" allow=\"accelerometer; autoplay; clipboard-write; encrypted-media; gyroscope; picture-in-picture; web-share\" allowfullscreen><\/iframe><\/p>\n","protected":false},"excerpt":{"rendered":"<p>M\u00e1quina de corte 132 TVC com elevador SHR 12 P (lado direito) Largura de trabalho 132 cm Programa\u00e7\u00e3o com ecr\u00e3 t\u00e1til a cores mesa de ar cromada e mesa de apoio com ventila\u00e7\u00e3o do lado esquerdo 2 facas Programa com monitor t\u00e1til a cores cromado Airtable e sideairtable lado esquerdo 2 facas Elevador de paletes, [&hellip;]<\/p>\n","protected":false},"featured_media":75294,"template":"","meta":[],"product_brand":[],"product_cat":[3017],"product_tag":[],"class_list":{"0":"post-91070","1":"product","2":"type-product","3":"status-publish","4":"has-post-thumbnail","6":"product_cat-maquinas-de-corte","7":"pa_bezeichnung_typ-perfecta-132","8":"pa_hersteller-perfecta","10":"first","11":"instock","12":"taxable","13":"shipping-taxable","14":"purchasable","15":"product-type-simple"},"jetpack_sharing_enabled":true,"_links":{"self":[{"href":"https:\/\/www.3p-gmbh.de\/pt-br\/wp-json\/wp\/v2\/product\/91070","targetHints":{"allow":["GET"]}}],"collection":[{"href":"https:\/\/www.3p-gmbh.de\/pt-br\/wp-json\/wp\/v2\/product"}],"about":[{"href":"https:\/\/www.3p-gmbh.de\/pt-br\/wp-json\/wp\/v2\/types\/product"}],"wp:featuredmedia":[{"embeddable":true,"href":"https:\/\/www.3p-gmbh.de\/pt-br\/wp-json\/wp\/v2\/media\/75294"}],"wp:attachment":[{"href":"https:\/\/www.3p-gmbh.de\/pt-br\/wp-json\/wp\/v2\/media?parent=91070"}],"wp:term":[{"taxonomy":"product_brand","embeddable":true,"href":"https:\/\/www.3p-gmbh.de\/pt-br\/wp-json\/wp\/v2\/product_brand?post=91070"},{"taxonomy":"product_cat","embeddable":true,"href":"https:\/\/www.3p-gmbh.de\/pt-br\/wp-json\/wp\/v2\/product_cat?post=91070"},{"taxonomy":"product_tag","embeddable":true,"href":"https:\/\/www.3p-gmbh.de\/pt-br\/wp-json\/wp\/v2\/product_tag?post=91070"}],"curies":[{"name":"wp","href":"https:\/\/api.w.org\/{rel}","templated":true}]}}