{"id":91059,"date":"2019-11-21T09:45:55","date_gmt":"2019-11-21T09:45:55","guid":{"rendered":"https:\/\/www.3p-gmbh.de\/produkt\/pamatec-oem-heidelberg-pt-220-maquina-de-perfuracao-em-linha-totalmente-automatica\/"},"modified":"2019-11-21T09:45:55","modified_gmt":"2019-11-21T09:45:55","slug":"pamatec-oem-heidelberg-pt-220-maquina-de-perfuracao-de-ponte-em-linha-totalmente-automatica","status":"publish","type":"product","link":"https:\/\/www.3p-gmbh.de\/pt-br\/produkt\/pamatec-oem-heidelberg-pt-220-maquina-de-perfuracao-de-ponte-em-linha-totalmente-automatica\/","title":{"rendered":"PamaTec OEM Heidelberg PT-220 m\u00e1quina de perfura\u00e7\u00e3o em linha totalmente autom\u00e1tica"},"content":{"rendered":"<p>Puncionadora de ponte em linha totalmente autom\u00e1tica PamaTec OEM Heidelberg PT-220<br \/>\nconfigurado para corte longitudinal, corte de r\u00e9guas de a\u00e7o, ferramentas de linha e corte transversal<\/p>\n<p>Perfura camadas dobradas e folhas soltas por detr\u00e1s da m\u00e1quina de dobrar ou da m\u00e1quina de coser a arame.<br \/>\nDependendo do comprimento e da espessura do produto, a velocidade m\u00e1xima do ciclo \u00e9 de 7.500 c\u00f3pias por hora.<br \/>\nO formato m\u00e1ximo de corte e vinco \u00e9 de 600 x 220 mil\u00edmetros.<\/p>\n<p>Pode ser implementada uma vasta gama de op\u00e7\u00f5es de acabamento: Perfura\u00e7\u00e3o em rasg\u00e3o ou em cantos, perfura\u00e7\u00e3o em wire-o e orif\u00edcios de arquivamento.<br \/>\nS\u00e3o poss\u00edveis cortes de separa\u00e7\u00e3o, registo e tr\u00eas lados, bem como cortes com r\u00e9gua de a\u00e7o para corte individual,<br \/>\nas ferramentas necess\u00e1rias para o efeito n\u00e3o est\u00e3o inclu\u00eddas no \u00e2mbito da entrega !!!<\/p>\n<p>As espessuras de produto que podem ser processadas s\u00e3o de quatro mil\u00edmetros para o corte,<br \/>\npara perfura\u00e7\u00e3o a tr\u00eas mil\u00edmetros e para corte com r\u00e9gua de a\u00e7o a dois mil\u00edmetros.<\/p>\n<p>As folhas s\u00e3o transferidas diretamente da m\u00e1quina de dobrar ou da m\u00e1quina de coser a arame atrav\u00e9s de um tapete de alimenta\u00e7\u00e3o regul\u00e1vel em altura.<br \/>\nUm sistema de alinhamento pneum\u00e1tico assegura o posicionamento exato das folhas na m\u00e1quina de corte e vinco<br \/>\ne, por conseguinte, para uma elevada precis\u00e3o de perfura\u00e7\u00e3o.<\/p>\n<p>Largura da entrada 70 cm<br \/>\nLargura de trabalho 60 cm<\/p>\n<p>Equipamento<br \/>\nTransportador de correia para 2 pain\u00e9is com 4 correias transportadoras de 15 mm de largura,<br \/>\n1 recet\u00e1culo para corte longitudinal,<br \/>\nFerramenta de corte (largura 6mm opcional 8-10-12-15 mm tamb\u00e9m est\u00e3o dispon\u00edveis,<br \/>\n2 suportes para ferramentas de linha de perfura\u00e7\u00e3o Euro<br \/>\nFita de a\u00e7o cortada, pr\u00e9-ajuste,<br \/>\nSa\u00edda de transfer\u00eancia,<br \/>\nLubrifica\u00e7\u00e3o central,<br \/>\nInterface TF.<\/p>\n<p>Explica\u00e7\u00e3o dos tipos de corte:<br \/>\nCorte de tiras de a\u00e7o: qualquer forma de perfura\u00e7\u00e3o at\u00e9 2 mm de espessura<br \/>\nCorte longitudinal: corte da cabe\u00e7a e do p\u00e9, corte de separa\u00e7\u00e3o, corte de tiras<br \/>\nSec\u00e7\u00e3o transversal: Trabalho de corte transversal \u00e0 dire\u00e7\u00e3o de desloca\u00e7\u00e3o do papel, por exemplo, corte frontal<br \/>\nPerfura\u00e7\u00e3o de linha: por exemplo, perfura\u00e7\u00e3o de canto, perfura\u00e7\u00e3o Wire-O ou perfura\u00e7\u00e3o de arquivo<\/p>\n<p>Lubrifica\u00e7\u00e3o central para abastecer todos os pontos de rolamento com massa lubrificante para o acionamento.<br \/>\nEste deve ser acionado pelo menos uma vez por dia.<br \/>\nO distribuidor progressivo garante uma lubrifica\u00e7\u00e3o uniforme.<\/p>\n","protected":false},"excerpt":{"rendered":"<p>Puncionadora de ponte em linha totalmente autom\u00e1tica PamaTec OEM Heidelberg PT-220 configurado para corte longitudinal, corte de r\u00e9guas de a\u00e7o, ferramentas de linha e corte transversal Perfura camadas dobradas e folhas soltas por detr\u00e1s da m\u00e1quina de dobrar ou da m\u00e1quina de coser a arame. Dependendo do comprimento e da espessura do produto, a velocidade [&hellip;]<\/p>\n","protected":false},"featured_media":75363,"template":"","meta":[],"product_brand":[],"product_cat":[2906],"product_tag":[],"class_list":{"0":"post-91059","1":"product","2":"type-product","3":"status-publish","4":"has-post-thumbnail","6":"product_cat-perfuracao","7":"pa_hersteller-pamatec-oem-heidelberg","8":"pa_typ-pt-220","10":"first","11":"instock","12":"taxable","13":"shipping-taxable","14":"purchasable","15":"product-type-simple"},"jetpack_sharing_enabled":true,"_links":{"self":[{"href":"https:\/\/www.3p-gmbh.de\/pt-br\/wp-json\/wp\/v2\/product\/91059","targetHints":{"allow":["GET"]}}],"collection":[{"href":"https:\/\/www.3p-gmbh.de\/pt-br\/wp-json\/wp\/v2\/product"}],"about":[{"href":"https:\/\/www.3p-gmbh.de\/pt-br\/wp-json\/wp\/v2\/types\/product"}],"wp:featuredmedia":[{"embeddable":true,"href":"https:\/\/www.3p-gmbh.de\/pt-br\/wp-json\/wp\/v2\/media\/75363"}],"wp:attachment":[{"href":"https:\/\/www.3p-gmbh.de\/pt-br\/wp-json\/wp\/v2\/media?parent=91059"}],"wp:term":[{"taxonomy":"product_brand","embeddable":true,"href":"https:\/\/www.3p-gmbh.de\/pt-br\/wp-json\/wp\/v2\/product_brand?post=91059"},{"taxonomy":"product_cat","embeddable":true,"href":"https:\/\/www.3p-gmbh.de\/pt-br\/wp-json\/wp\/v2\/product_cat?post=91059"},{"taxonomy":"product_tag","embeddable":true,"href":"https:\/\/www.3p-gmbh.de\/pt-br\/wp-json\/wp\/v2\/product_tag?post=91059"}],"curies":[{"name":"wp","href":"https:\/\/api.w.org\/{rel}","templated":true}]}}