{"id":91049,"date":"2019-11-22T09:13:47","date_gmt":"2019-11-22T09:13:47","guid":{"rendered":"https:\/\/www.3p-gmbh.de\/produkt\/maquina-de-dobrar-e-revirar-papelao-pesado-krause-maquina-de-ranhurar-papelao\/"},"modified":"2019-11-22T09:13:47","modified_gmt":"2019-11-22T09:13:47","slug":"maquina-de-prensar-e-dobrar-cartao-pesado-maquina-de-ranhurar-cartao","status":"publish","type":"product","link":"https:\/\/www.3p-gmbh.de\/pt-br\/produkt\/maquina-de-prensar-e-dobrar-cartao-pesado-maquina-de-ranhurar-cartao\/","title":{"rendered":"M\u00e1quina de dobrar e revirar papel\u00e3o pesado Krause M\u00e1quina de ranhurar papel\u00e3o"},"content":{"rendered":"<p>Adequado para ranhurar cart\u00e3o at\u00e9 900 g\/m2 e cart\u00e3o misto<br \/>\nLargura de trabalho aprox. 60 cm<br \/>\ncom mand\u00edbulas de dobragem ajust\u00e1veis<br \/>\ncom contrapress\u00e3o rotativa em 4 for\u00e7as<br \/>\ngolpes diferentes<\/p>\n","protected":false},"excerpt":{"rendered":"<p>Adequado para ranhurar cart\u00e3o at\u00e9 900 g\/m2 e cart\u00e3o misto Largura de trabalho aprox. 60 cm com mand\u00edbulas de dobragem ajust\u00e1veis com contrapress\u00e3o rotativa em 4 for\u00e7as golpes diferentes<\/p>\n","protected":false},"featured_media":75585,"template":"","meta":[],"product_brand":[],"product_cat":[2962],"product_tag":[],"class_list":{"0":"post-91049","1":"product","2":"type-product","3":"status-publish","4":"has-post-thumbnail","6":"product_cat-maquinas-de-ranhurar-e-de-perfurar","7":"pa_hersteller-krause","9":"first","10":"instock","11":"taxable","12":"shipping-taxable","13":"purchasable","14":"product-type-simple"},"jetpack_sharing_enabled":true,"_links":{"self":[{"href":"https:\/\/www.3p-gmbh.de\/pt-br\/wp-json\/wp\/v2\/product\/91049","targetHints":{"allow":["GET"]}}],"collection":[{"href":"https:\/\/www.3p-gmbh.de\/pt-br\/wp-json\/wp\/v2\/product"}],"about":[{"href":"https:\/\/www.3p-gmbh.de\/pt-br\/wp-json\/wp\/v2\/types\/product"}],"wp:featuredmedia":[{"embeddable":true,"href":"https:\/\/www.3p-gmbh.de\/pt-br\/wp-json\/wp\/v2\/media\/75585"}],"wp:attachment":[{"href":"https:\/\/www.3p-gmbh.de\/pt-br\/wp-json\/wp\/v2\/media?parent=91049"}],"wp:term":[{"taxonomy":"product_brand","embeddable":true,"href":"https:\/\/www.3p-gmbh.de\/pt-br\/wp-json\/wp\/v2\/product_brand?post=91049"},{"taxonomy":"product_cat","embeddable":true,"href":"https:\/\/www.3p-gmbh.de\/pt-br\/wp-json\/wp\/v2\/product_cat?post=91049"},{"taxonomy":"product_tag","embeddable":true,"href":"https:\/\/www.3p-gmbh.de\/pt-br\/wp-json\/wp\/v2\/product_tag?post=91049"}],"curies":[{"name":"wp","href":"https:\/\/api.w.org\/{rel}","templated":true}]}}