{"id":91025,"date":"2019-11-22T09:37:13","date_gmt":"2019-11-22T09:37:13","guid":{"rendered":"https:\/\/www.3p-gmbh.de\/produkt\/prensa-dobravel-de-baixa-pressao-fnp-da-klein-soehne-fuld\/"},"modified":"2019-11-22T09:37:13","modified_gmt":"2019-11-22T09:37:13","slug":"prensa-dobravel-de-baixa-pressao-fnp-von-klein-soehne-fuld","status":"publish","type":"product","link":"https:\/\/www.3p-gmbh.de\/pt-br\/produkt\/prensa-dobravel-de-baixa-pressao-fnp-von-klein-soehne-fuld\/","title":{"rendered":"Prensa dobr\u00e1vel de baixa press\u00e3o FNP da Klein &amp; S\u00f6hne Fuld"},"content":{"rendered":"<p>Prensa hidr\u00e1ulica pesada dobr\u00e1vel de baixa press\u00e3o (antiga, mas n\u00e3o pode ser cortada)<br \/>\nLimpeza e revis\u00e3o da oficina aquando da entrega<\/p>\n<p>&nbsp;<\/p>\n","protected":false},"excerpt":{"rendered":"<p>Prensa hidr\u00e1ulica pesada dobr\u00e1vel de baixa press\u00e3o (antiga, mas n\u00e3o pode ser cortada) Limpeza e revis\u00e3o da oficina aquando da entrega &nbsp;<\/p>\n","protected":false},"featured_media":75600,"template":"","meta":[],"product_brand":[],"product_cat":[2892],"product_tag":[],"class_list":{"0":"post-91025","1":"product","2":"type-product","3":"status-publish","4":"has-post-thumbnail","6":"product_cat-encadernacao-de-sortido","7":"pa_hersteller-klein-soehne-fuld","8":"pa_typ-fnp","10":"first","11":"instock","12":"taxable","13":"shipping-taxable","14":"purchasable","15":"product-type-simple"},"jetpack_sharing_enabled":true,"_links":{"self":[{"href":"https:\/\/www.3p-gmbh.de\/pt-br\/wp-json\/wp\/v2\/product\/91025","targetHints":{"allow":["GET"]}}],"collection":[{"href":"https:\/\/www.3p-gmbh.de\/pt-br\/wp-json\/wp\/v2\/product"}],"about":[{"href":"https:\/\/www.3p-gmbh.de\/pt-br\/wp-json\/wp\/v2\/types\/product"}],"wp:featuredmedia":[{"embeddable":true,"href":"https:\/\/www.3p-gmbh.de\/pt-br\/wp-json\/wp\/v2\/media\/75600"}],"wp:attachment":[{"href":"https:\/\/www.3p-gmbh.de\/pt-br\/wp-json\/wp\/v2\/media?parent=91025"}],"wp:term":[{"taxonomy":"product_brand","embeddable":true,"href":"https:\/\/www.3p-gmbh.de\/pt-br\/wp-json\/wp\/v2\/product_brand?post=91025"},{"taxonomy":"product_cat","embeddable":true,"href":"https:\/\/www.3p-gmbh.de\/pt-br\/wp-json\/wp\/v2\/product_cat?post=91025"},{"taxonomy":"product_tag","embeddable":true,"href":"https:\/\/www.3p-gmbh.de\/pt-br\/wp-json\/wp\/v2\/product_tag?post=91025"}],"curies":[{"name":"wp","href":"https:\/\/api.w.org\/{rel}","templated":true}]}}