{"id":91023,"date":"2019-11-25T14:26:14","date_gmt":"2019-11-25T14:26:14","guid":{"rendered":"https:\/\/www.3p-gmbh.de\/produkt\/espectrometro-de-varrimento-rs-800-com-software-techkon-expresso-pro\/"},"modified":"2019-11-25T14:26:14","modified_gmt":"2019-11-25T14:26:14","slug":"scan-spectrometer-rs-800-com-techkon-expresso-pro-software","status":"publish","type":"product","link":"https:\/\/www.3p-gmbh.de\/pt-br\/produkt\/scan-spectrometer-rs-800-com-techkon-expresso-pro-software\/","title":{"rendered":"Espectr\u00f3metro de varrimento RS 800 com software Techkon ExPresso Pro"},"content":{"rendered":"<p>O espetr\u00f3metro de varrimento compacto RS 800 revoluciona a medi\u00e7\u00e3o autom\u00e1tica de densidades e ganhos de pontos em qualquer tira de controlo de impress\u00e3o, cunha de passo ou gr\u00e1fico de teste.<br \/>\nA opera\u00e7\u00e3o \u00e9 uma brincadeira de crian\u00e7as: o aparelho de medi\u00e7\u00e3o bem torneado assenta bem na m\u00e3o.<br \/>\n\u00c9 passado rapidamente sobre a faixa de controlo da press\u00e3o. Os diferentes campos de medi\u00e7\u00e3o e a sua posi\u00e7\u00e3o na r\u00e9gua de controlo s\u00e3o reconhecidos automaticamente. Os rolos de guia na base da unidade asseguram um funcionamento seguro e retil\u00edneo. Em folhas impressas de grande formato, o dispositivo de medi\u00e7\u00e3o \u00e9 deslocado ao longo de uma calha de guia.<\/p>\n<p>O espetr\u00f3metro de varrimento RS 800, que funciona numa base espetral, mostra os seus pontos fortes particularmente na medi\u00e7\u00e3o de cores pontuais. O aparelho tamb\u00e9m pode ser utilizado como um aparelho de medi\u00e7\u00e3o manual convencional: Basta posicion\u00e1-lo no campo de cor, premir o bot\u00e3o de medi\u00e7\u00e3o &#8211; pronto! A medi\u00e7\u00e3o das chapas de impress\u00e3o \u00e9 igualmente f\u00e1cil.<br \/>\nO pacote de software TECHKON ExPresso Pro foi concebido para a impress\u00e3o de cores directas com um m\u00e1ximo de oito cores e pode, portanto, ser utilizado em conjunto com o espetr\u00f3metro de varrimento RS 800.<br \/>\nO acionamento linear motorizado LT oferece um conforto alargado.<br \/>\nO utilizador fica dispensado de deslocar o contador manualmente.<\/p>\n<p>Geometria de medi\u00e7\u00e3o: \u00f3tica 0\/45\u00b0 \/ DIN 5033<br \/>\nPlaca de orif\u00edcio: 3 x 1,5 mm<br \/>\nLuz de medi\u00e7\u00e3o: l\u00e2mpada incandescente a g\u00e1s, iluminante A<br \/>\nFiltro de polariza\u00e7\u00e3o: duplo linear cruzado<br \/>\nVelocidade m\u00e1xima de digitaliza\u00e7\u00e3o. 150 mm\/s<br \/>\nMenor largura do campo de medi\u00e7\u00e3o: 3 mm<br \/>\nNorma de densidade: DIN 16536<br \/>\nGama de medi\u00e7\u00e3o: 0,00 D &#8211; 2,50 D<br \/>\nReprodutibilidade: +- 0,001 D<br \/>\nFonte de alimenta\u00e7\u00e3o Fonte de alimenta\u00e7\u00e3o: 110 &#8211; 240 V, 47 &#8211; 63 Hz,<br \/>\nInterface: s\u00e9rie RS 232, 115 kBaud<\/p>\n<p>Inclu\u00eddo na oferta:<br \/>\nLT 102 cm<br \/>\nSoftware Techkon ExPresso Pro com Dongle<\/p>\n","protected":false},"excerpt":{"rendered":"<p>O espetr\u00f3metro de varrimento compacto RS 800 revoluciona a medi\u00e7\u00e3o autom\u00e1tica de densidades e ganhos de pontos em qualquer tira de controlo de impress\u00e3o, cunha de passo ou gr\u00e1fico de teste. A opera\u00e7\u00e3o \u00e9 uma brincadeira de crian\u00e7as: o aparelho de medi\u00e7\u00e3o bem torneado assenta bem na m\u00e3o. \u00c9 passado rapidamente sobre a faixa de [&hellip;]<\/p>\n","protected":false},"featured_media":75720,"template":"","meta":[],"product_brand":[],"product_cat":[2931],"product_tag":[],"class_list":{"0":"post-91023","1":"product","2":"type-product","3":"status-publish","4":"has-post-thumbnail","6":"product_cat-instrumentos-de-medicao-e-garantia-de-qualidade","7":"pa_hersteller-techkon","8":"pa_typ-rs-800","10":"first","11":"instock","12":"taxable","13":"shipping-taxable","14":"purchasable","15":"product-type-simple"},"jetpack_sharing_enabled":true,"_links":{"self":[{"href":"https:\/\/www.3p-gmbh.de\/pt-br\/wp-json\/wp\/v2\/product\/91023","targetHints":{"allow":["GET"]}}],"collection":[{"href":"https:\/\/www.3p-gmbh.de\/pt-br\/wp-json\/wp\/v2\/product"}],"about":[{"href":"https:\/\/www.3p-gmbh.de\/pt-br\/wp-json\/wp\/v2\/types\/product"}],"wp:featuredmedia":[{"embeddable":true,"href":"https:\/\/www.3p-gmbh.de\/pt-br\/wp-json\/wp\/v2\/media\/75720"}],"wp:attachment":[{"href":"https:\/\/www.3p-gmbh.de\/pt-br\/wp-json\/wp\/v2\/media?parent=91023"}],"wp:term":[{"taxonomy":"product_brand","embeddable":true,"href":"https:\/\/www.3p-gmbh.de\/pt-br\/wp-json\/wp\/v2\/product_brand?post=91023"},{"taxonomy":"product_cat","embeddable":true,"href":"https:\/\/www.3p-gmbh.de\/pt-br\/wp-json\/wp\/v2\/product_cat?post=91023"},{"taxonomy":"product_tag","embeddable":true,"href":"https:\/\/www.3p-gmbh.de\/pt-br\/wp-json\/wp\/v2\/product_tag?post=91023"}],"curies":[{"name":"wp","href":"https:\/\/api.w.org\/{rel}","templated":true}]}}