{"id":91019,"date":"2019-11-25T14:57:22","date_gmt":"2019-11-25T14:57:22","guid":{"rendered":"https:\/\/www.3p-gmbh.de\/produkt\/kit-completo-de-perfuracao-cruzada-para-heidelberg-speedmaster-sm-52-plusversion\/"},"modified":"2019-11-25T14:57:22","modified_gmt":"2019-11-25T14:57:22","slug":"kit-completo-de-perfuracao-cruzada-para-a-versao-heidelberg-speedmaster-sm-52-plus","status":"publish","type":"product","link":"https:\/\/www.3p-gmbh.de\/pt-br\/produkt\/kit-completo-de-perfuracao-cruzada-para-a-versao-heidelberg-speedmaster-sm-52-plus\/","title":{"rendered":"kit completo de perfura\u00e7\u00e3o cruzada para Heidelberg Speedmaster SM 52 Plusversion"},"content":{"rendered":"<p>kit completo de perfura\u00e7\u00e3o cruzada para Heidelberg Speedmaster SM 52 Plusversion<\/p>\n","protected":false},"excerpt":{"rendered":"<p>kit completo de perfura\u00e7\u00e3o cruzada para Heidelberg Speedmaster SM 52 Plusversion<\/p>\n","protected":false},"featured_media":75735,"template":"","meta":[],"product_brand":[],"product_cat":[2898],"product_tag":[],"class_list":{"0":"post-91019","1":"product","2":"type-product","3":"status-publish","4":"has-post-thumbnail","6":"product_cat-acessorios-e-pecas-sobressalentes-para-prensas","7":"pa_hersteller-heidelberg","8":"pa_typ-sm-52","10":"first","11":"instock","12":"taxable","13":"shipping-taxable","14":"purchasable","15":"product-type-simple"},"jetpack_sharing_enabled":true,"_links":{"self":[{"href":"https:\/\/www.3p-gmbh.de\/pt-br\/wp-json\/wp\/v2\/product\/91019","targetHints":{"allow":["GET"]}}],"collection":[{"href":"https:\/\/www.3p-gmbh.de\/pt-br\/wp-json\/wp\/v2\/product"}],"about":[{"href":"https:\/\/www.3p-gmbh.de\/pt-br\/wp-json\/wp\/v2\/types\/product"}],"wp:featuredmedia":[{"embeddable":true,"href":"https:\/\/www.3p-gmbh.de\/pt-br\/wp-json\/wp\/v2\/media\/75735"}],"wp:attachment":[{"href":"https:\/\/www.3p-gmbh.de\/pt-br\/wp-json\/wp\/v2\/media?parent=91019"}],"wp:term":[{"taxonomy":"product_brand","embeddable":true,"href":"https:\/\/www.3p-gmbh.de\/pt-br\/wp-json\/wp\/v2\/product_brand?post=91019"},{"taxonomy":"product_cat","embeddable":true,"href":"https:\/\/www.3p-gmbh.de\/pt-br\/wp-json\/wp\/v2\/product_cat?post=91019"},{"taxonomy":"product_tag","embeddable":true,"href":"https:\/\/www.3p-gmbh.de\/pt-br\/wp-json\/wp\/v2\/product_tag?post=91019"}],"curies":[{"name":"wp","href":"https:\/\/api.w.org\/{rel}","templated":true}]}}