{"id":91013,"date":"2019-11-26T08:46:35","date_gmt":"2019-11-26T08:46:35","guid":{"rendered":"https:\/\/www.3p-gmbh.de\/produkt\/misturador-de-tinta-grimm\/"},"modified":"2023-12-21T14:28:59","modified_gmt":"2023-12-21T14:28:59","slug":"misturador-de-tinta-grimm","status":"publish","type":"product","link":"https:\/\/www.3p-gmbh.de\/pt-br\/produkt\/misturador-de-tinta-grimm\/","title":{"rendered":"Misturador de tinta Grimm"},"content":{"rendered":"<p><strong>Misturador de tinta Grimm<\/strong><br \/>\n<em><strong>como a Busch FM 12<\/strong><\/em><\/p>\n<p>com 3 recipientes de mistura<br \/>\ncom dois bra\u00e7os misturadores<br \/>\ncom bra\u00e7o misturador articulado para uma mistura r\u00e1pida e intensiva de tintas de impress\u00e3o<br \/>\nO efeito de mistura completa \u00e9 conseguido pelo bra\u00e7o misturador com o recipiente de tinta em rota\u00e7\u00e3o simult\u00e2nea<br \/>\n&#8211; sem bolhas e sem grumos.<\/p>\n<p>Capacidade 2 &#8211; para. aprox. 12 kg<br \/>\nCorrente de pot\u00eancia, consumo de energia 0,37 kW<\/p>\n","protected":false},"excerpt":{"rendered":"<p>Misturador de tinta Grimm como a Busch FM 12 com 3 recipientes de mistura com dois bra\u00e7os misturadores com bra\u00e7o misturador articulado para uma mistura r\u00e1pida e intensiva de tintas de impress\u00e3o O efeito de mistura completa \u00e9 conseguido pelo bra\u00e7o misturador com o recipiente de tinta em rota\u00e7\u00e3o simult\u00e2nea &#8211; sem bolhas e sem [&hellip;]<\/p>\n","protected":false},"featured_media":95266,"template":"","meta":[],"product_brand":[],"product_cat":[2898],"product_tag":[],"class_list":{"0":"post-91013","1":"product","2":"type-product","3":"status-publish","4":"has-post-thumbnail","6":"product_cat-acessorios-e-pecas-sobressalentes-para-prensas","7":"pa_hersteller-grimm","9":"first","10":"instock","11":"taxable","12":"shipping-taxable","13":"purchasable","14":"product-type-simple"},"jetpack_sharing_enabled":true,"_links":{"self":[{"href":"https:\/\/www.3p-gmbh.de\/pt-br\/wp-json\/wp\/v2\/product\/91013","targetHints":{"allow":["GET"]}}],"collection":[{"href":"https:\/\/www.3p-gmbh.de\/pt-br\/wp-json\/wp\/v2\/product"}],"about":[{"href":"https:\/\/www.3p-gmbh.de\/pt-br\/wp-json\/wp\/v2\/types\/product"}],"wp:featuredmedia":[{"embeddable":true,"href":"https:\/\/www.3p-gmbh.de\/pt-br\/wp-json\/wp\/v2\/media\/95266"}],"wp:attachment":[{"href":"https:\/\/www.3p-gmbh.de\/pt-br\/wp-json\/wp\/v2\/media?parent=91013"}],"wp:term":[{"taxonomy":"product_brand","embeddable":true,"href":"https:\/\/www.3p-gmbh.de\/pt-br\/wp-json\/wp\/v2\/product_brand?post=91013"},{"taxonomy":"product_cat","embeddable":true,"href":"https:\/\/www.3p-gmbh.de\/pt-br\/wp-json\/wp\/v2\/product_cat?post=91013"},{"taxonomy":"product_tag","embeddable":true,"href":"https:\/\/www.3p-gmbh.de\/pt-br\/wp-json\/wp\/v2\/product_tag?post=91013"}],"curies":[{"name":"wp","href":"https:\/\/api.w.org\/{rel}","templated":true}]}}